{"id":108929,"date":"2025-03-31T17:06:28","date_gmt":"2025-03-31T15:06:28","guid":{"rendered":"https:\/\/pipat-antiquites.fr\/?post_type=product&#038;p=108929"},"modified":"2025-04-11T17:11:37","modified_gmt":"2025-04-11T15:11:37","slug":"paire-de-fauteuils-art-deco-laques-xxe-siecle","status":"publish","type":"product","link":"https:\/\/pipat-antiquites.fr\/fr\/objets\/paire-de-fauteuils-art-deco-laques-xxe-siecle\/","title":{"rendered":"Paire de fauteuils Art D\u00e9co laqu\u00e9s, XXe si\u00e8cle"},"content":{"rendered":"<div class=\"wpb-content-wrapper\"><p>[vc_row][vc_column width=\u00a0\u00bb1\/1&Prime;][vc_custom_heading text_weight=\u00a0\u00bb300&Prime; uncode_shortcode_id=\u00a0\u00bb205969&Prime;]<\/p>\n<p class=\"p1\">Paire de fauteuils Art D\u00e9co laqu\u00e9s, XXe si\u00e8cle<\/p>\n<p>[\/vc_custom_heading][vc_column_text uncode_shortcode_id=\u00a0\u00bb965866&Prime;]<\/p>\n<p class=\"p1\">Ses accotoirs et son pi\u00e8tement sobres en bois laqu\u00e9 noir rappellent les grandes heures des laques Art D\u00e9co. Cette paire de fauteuils aux lignes sobres et \u00e9l\u00e9gantes a \u00e9t\u00e9 enti\u00e8rement retapiss\u00e9e d\u2019un tissu \u00e0 motifs g\u00e9om\u00e9triques de la maison Pierre Frey. Le tout en parfait \u00e9tat n\u2019attend plus que de meubler un salon, une chambre ou une biblioth\u00e8que.<\/p>\n<p>[\/vc_column_text][\/vc_column][\/vc_row]<\/p>\n<\/div>","protected":false},"excerpt":{"rendered":"<p style=\"text-align: center;\">Fauteuils Art D\u00e9co en parfait \u00e9tat, tapiss\u00e9s \u00e0 neuf d&rsquo;un tissu Pierre Frey.<\/p>\n<p class=\"p1\" style=\"text-align: center;\">Dimensions :<\/p>\n<ul>\n<li class=\"p1\" style=\"text-align: center;\">Hauteur : 77 cm<\/li>\n<li class=\"p1\" style=\"text-align: center;\">Hauteur assise : 39 cm<\/li>\n<li class=\"p1\" style=\"text-align: center;\">Largeur : 68 cm<\/li>\n<li class=\"p1\" style=\"text-align: center;\">Profondeur : 78 cm<\/li>\n<\/ul>\n","protected":false},"featured_media":108932,"template":"","meta":{"_seopress_robots_primary_cat":"none","_seopress_titles_title":"Paire de fauteuils Art D\u00e9co laqu\u00e9s, XXe si\u00e8cle","_seopress_titles_desc":"Fauteuils Art D\u00e9co en parfait \u00e9tat, tapiss\u00e9s \u00e0 neuf d'un tissu Pierre Frey.","_seopress_robots_index":"","content-type":""},"product_brand":[],"product_cat":[15,69,107,166],"product_tag":[],"class_list":{"0":"post-108929","1":"product","2":"type-product","3":"status-publish","4":"has-post-thumbnail","6":"product_cat-non-classe","7":"product_cat-mobilier","8":"product_cat-sieges","9":"product_cat-fauteuils","11":"first","12":"outofstock","13":"shipping-taxable","14":"purchasable","15":"product-type-simple","16":"add-to-wishlist-after_add_to_cart"},"_links":{"self":[{"href":"https:\/\/pipat-antiquites.fr\/fr\/wp-json\/wp\/v2\/product\/108929","targetHints":{"allow":["GET"]}}],"collection":[{"href":"https:\/\/pipat-antiquites.fr\/fr\/wp-json\/wp\/v2\/product"}],"about":[{"href":"https:\/\/pipat-antiquites.fr\/fr\/wp-json\/wp\/v2\/types\/product"}],"wp:featuredmedia":[{"embeddable":true,"href":"https:\/\/pipat-antiquites.fr\/fr\/wp-json\/wp\/v2\/media\/108932"}],"wp:attachment":[{"href":"https:\/\/pipat-antiquites.fr\/fr\/wp-json\/wp\/v2\/media?parent=108929"}],"wp:term":[{"taxonomy":"product_brand","embeddable":true,"href":"https:\/\/pipat-antiquites.fr\/fr\/wp-json\/wp\/v2\/product_brand?post=108929"},{"taxonomy":"product_cat","embeddable":true,"href":"https:\/\/pipat-antiquites.fr\/fr\/wp-json\/wp\/v2\/product_cat?post=108929"},{"taxonomy":"product_tag","embeddable":true,"href":"https:\/\/pipat-antiquites.fr\/fr\/wp-json\/wp\/v2\/product_tag?post=108929"}],"curies":[{"name":"wp","href":"https:\/\/api.w.org\/{rel}","templated":true}]}}