{"id":108863,"date":"2025-03-24T15:51:57","date_gmt":"2025-03-24T14:51:57","guid":{"rendered":"https:\/\/pipat-antiquites.fr\/?post_type=product&#038;p=108863"},"modified":"2025-03-24T15:58:41","modified_gmt":"2025-03-24T14:58:41","slug":"lustre-en-bronze-dore-et-cristal-taille-de-style-louis-xiv-milieu-xixe-siecle","status":"publish","type":"product","link":"https:\/\/pipat-antiquites.fr\/fr\/objets\/lustre-en-bronze-dore-et-cristal-taille-de-style-louis-xiv-milieu-xixe-siecle\/","title":{"rendered":"Lustre en bronze dor\u00e9 et cristal taill\u00e9 de style Louis XIV, milieu XIXe si\u00e8cle"},"content":{"rendered":"<div class=\"wpb-content-wrapper\"><p>[vc_row][vc_column column_width_percent=\u00a0\u00bb100&Prime; gutter_size=\u00a0\u00bb3&Prime; override_padding=\u00a0\u00bbyes\u00a0\u00bb column_padding=\u00a0\u00bb3&Prime; overlay_alpha=\u00a0\u00bb50&Prime; shift_x=\u00a0\u00bb0&Prime; shift_y=\u00a0\u00bb0&Prime; shift_y_down=\u00a0\u00bb0&Prime; z_index=\u00a0\u00bb0&Prime; medium_width=\u00a0\u00bb0&Prime; mobile_width=\u00a0\u00bb0&Prime; width=\u00a0\u00bb1\/1&Prime; uncode_shortcode_id=\u00a0\u00bb155709&Prime;][vc_custom_heading text_weight=\u00a0\u00bb300&Prime; uncode_shortcode_id=\u00a0\u00bb602470&Prime;]Lustre en bronze dor\u00e9 et cristal taill\u00e9 de style Louis XIV, milieu XIXe si\u00e8cle[\/vc_custom_heading][vc_column_text uncode_shortcode_id=\u00a0\u00bb168818&Prime;]Superbe lustre de style Louis XIV en parfait \u00e9tat en bronze dor\u00e9, \u00e0 papilles de cristal taill\u00e9.<span class=\"Apple-converted-space\">\u00a0<\/span><\/p>\n<p>Tr\u00e8s beau mod\u00e8le \u00e0 feuilles d&rsquo;acanthe cisel\u00e9es, feuillages et fleurs\u00a0de bronze dor\u00e9. Des mascarons au model\u00e9 virtuose rythmes les d\u00e9parts de bras du lustre.\u00a0Bob\u00e8ches et binets finement cisel\u00e9s. Parfait \u00e9tat. \u00c9lectrification r\u00e9cente.[\/vc_column_text][\/vc_column][\/vc_row]<\/p>\n<\/div>","protected":false},"excerpt":{"rendered":"<p style=\"text-align: center;\">Luminaire ancien en parfait \u00e9tat, \u00e9lectrifi\u00e9 r\u00e9cemment.<\/p>\n<p style=\"text-align: center;\">Dimensions :<\/p>\n<ul>\n<li style=\"text-align: center;\">Hauteur : 120 cm<\/li>\n<li style=\"text-align: center;\">Diam\u00e8tre : environ 100 cm<\/li>\n<\/ul>\n","protected":false},"featured_media":108857,"template":"","meta":{"_seopress_robots_primary_cat":"none","_seopress_titles_title":"Lustre en bronze dor\u00e9 et cristal taill\u00e9 de style Louis XIV, milieu XIXe si\u00e8cle","_seopress_titles_desc":"Luminaire ancien en parfait \u00e9tat, \u00e9lectrifi\u00e9 r\u00e9cemment.","_seopress_robots_index":"","content-type":""},"product_brand":[],"product_cat":[15],"product_tag":[],"class_list":{"0":"post-108863","1":"product","2":"type-product","3":"status-publish","4":"has-post-thumbnail","6":"product_cat-non-classe","8":"first","9":"instock","10":"shipping-taxable","11":"product-type-simple","12":"add-to-wishlist-after_add_to_cart"},"_links":{"self":[{"href":"https:\/\/pipat-antiquites.fr\/fr\/wp-json\/wp\/v2\/product\/108863","targetHints":{"allow":["GET"]}}],"collection":[{"href":"https:\/\/pipat-antiquites.fr\/fr\/wp-json\/wp\/v2\/product"}],"about":[{"href":"https:\/\/pipat-antiquites.fr\/fr\/wp-json\/wp\/v2\/types\/product"}],"wp:featuredmedia":[{"embeddable":true,"href":"https:\/\/pipat-antiquites.fr\/fr\/wp-json\/wp\/v2\/media\/108857"}],"wp:attachment":[{"href":"https:\/\/pipat-antiquites.fr\/fr\/wp-json\/wp\/v2\/media?parent=108863"}],"wp:term":[{"taxonomy":"product_brand","embeddable":true,"href":"https:\/\/pipat-antiquites.fr\/fr\/wp-json\/wp\/v2\/product_brand?post=108863"},{"taxonomy":"product_cat","embeddable":true,"href":"https:\/\/pipat-antiquites.fr\/fr\/wp-json\/wp\/v2\/product_cat?post=108863"},{"taxonomy":"product_tag","embeddable":true,"href":"https:\/\/pipat-antiquites.fr\/fr\/wp-json\/wp\/v2\/product_tag?post=108863"}],"curies":[{"name":"wp","href":"https:\/\/api.w.org\/{rel}","templated":true}]}}