{"id":108818,"date":"2025-03-14T12:19:52","date_gmt":"2025-03-14T11:19:52","guid":{"rendered":"https:\/\/pipat-antiquites.fr\/?post_type=product&#038;p=108818"},"modified":"2025-03-14T12:21:57","modified_gmt":"2025-03-14T11:21:57","slug":"vase-en-bronze-signe-henry-dasson-1825-1896-et-date-1891","status":"publish","type":"product","link":"https:\/\/pipat-antiquites.fr\/fr\/objets\/vase-en-bronze-signe-henry-dasson-1825-1896-et-date-1891\/","title":{"rendered":"Vase en bronze sign\u00e9 Henry Dasson (1825-1896) et dat\u00e9 1891"},"content":{"rendered":"<div class=\"wpb-content-wrapper\"><p>[vc_row][vc_column column_width_percent=\u00a0\u00bb100&Prime; gutter_size=\u00a0\u00bb3&Prime; override_padding=\u00a0\u00bbyes\u00a0\u00bb column_padding=\u00a0\u00bb3&Prime; overlay_alpha=\u00a0\u00bb50&Prime; shift_x=\u00a0\u00bb0&Prime; shift_y=\u00a0\u00bb0&Prime; shift_y_down=\u00a0\u00bb0&Prime; z_index=\u00a0\u00bb0&Prime; medium_width=\u00a0\u00bb0&Prime; mobile_width=\u00a0\u00bb0&Prime; width=\u00a0\u00bb1\/1&Prime; uncode_shortcode_id=\u00a0\u00bb113643&Prime;][vc_custom_heading text_weight=\u00a0\u00bb300&Prime; uncode_shortcode_id=\u00a0\u00bb544408&Prime;]<\/p>\n<p class=\"p1\">Vase en bronze sign\u00e9 Henry Dasson (1825-1896) et dat\u00e9 1891<\/p>\n<p>[\/vc_custom_heading][vc_column_text uncode_shortcode_id=\u00a0\u00bb600494&Prime;]<\/p>\n<p class=\"p1\">L\u2019\u00e9b\u00e9niste et bronzier Henry Dasson (1825-1896) se sp\u00e9cialisa dans l\u2019interpr\u00e9tation, voire la r\u00e9plique, de meubles royaux du si\u00e8cle qui le pr\u00e9c\u00e9dait. Pour cette production hautement qualitative, il fut r\u00e9compens\u00e9 \u00e0 chacune des expositions de la seconde moiti\u00e9 du XIXe si\u00e8cle auxquelles il participa.<\/p>\n<p class=\"p1\">Ses objets d\u2019art d\u00e9coratif, tel ce vase, puise dans le r\u00e9pertoire n\u00e9oclassique mis \u00e0 la mode sous le r\u00e8gne de Louis XVI. Ici, des tritons soutiennent le col du vase aux godrons torsad\u00e9s \u00e9voquant le mouvement de l\u2019eau. L\u2019ensemble, en tr\u00e8s bon \u00e9tat, repose sur un socle en marbre.<\/p>\n<ul>\n<li class=\"p1\">Prix de livraison en France m\u00e9tropolitaine : 75\u20ac<\/li>\n<li class=\"p1\">Prix de livraison en Europe : 115\u20ac<\/li>\n<li class=\"p1\">Prix de livraison autres destination : 175\u20ac<\/li>\n<\/ul>\n<p>[\/vc_column_text][\/vc_column][\/vc_row]<\/p>\n<\/div>","protected":false},"excerpt":{"rendered":"<p style=\"text-align: center;\">Objet d\u00e9coratif n\u00e9oclassique en bronze et en tr\u00e8s bon \u00e9tat.<\/p>\n<p class=\"p1\" style=\"text-align: center;\">Dimensions :<\/p>\n<ul>\n<li class=\"p1\" style=\"text-align: center;\">Hauteur : 24.5 cm<\/li>\n<li class=\"p1\" style=\"text-align: center;\">Diam\u00e8tre : environ 15 cm<\/li>\n<\/ul>\n","protected":false},"featured_media":108812,"template":"","meta":{"_seopress_robots_primary_cat":"none","_seopress_titles_title":"Vase en bronze sign\u00e9 Henry Dasson (1825-1896) et dat\u00e9 1891","_seopress_titles_desc":"Objet d\u00e9coratif n\u00e9oclassique en bronze et en tr\u00e8s bon \u00e9tat.","_seopress_robots_index":"","content-type":""},"product_brand":[],"product_cat":[76,114,208,319],"product_tag":[],"class_list":{"0":"post-108818","1":"product","2":"type-product","3":"status-publish","4":"has-post-thumbnail","6":"product_cat-objets","7":"product_cat-arts-decoratifs","8":"product_cat-coupes-vasques-et-cassolettes","9":"product_cat-vases","10":"product_shipping_class-niveau-3","12":"first","13":"instock","14":"shipping-taxable","15":"purchasable","16":"product-type-simple","17":"add-to-wishlist-after_add_to_cart"},"_links":{"self":[{"href":"https:\/\/pipat-antiquites.fr\/fr\/wp-json\/wp\/v2\/product\/108818","targetHints":{"allow":["GET"]}}],"collection":[{"href":"https:\/\/pipat-antiquites.fr\/fr\/wp-json\/wp\/v2\/product"}],"about":[{"href":"https:\/\/pipat-antiquites.fr\/fr\/wp-json\/wp\/v2\/types\/product"}],"wp:featuredmedia":[{"embeddable":true,"href":"https:\/\/pipat-antiquites.fr\/fr\/wp-json\/wp\/v2\/media\/108812"}],"wp:attachment":[{"href":"https:\/\/pipat-antiquites.fr\/fr\/wp-json\/wp\/v2\/media?parent=108818"}],"wp:term":[{"taxonomy":"product_brand","embeddable":true,"href":"https:\/\/pipat-antiquites.fr\/fr\/wp-json\/wp\/v2\/product_brand?post=108818"},{"taxonomy":"product_cat","embeddable":true,"href":"https:\/\/pipat-antiquites.fr\/fr\/wp-json\/wp\/v2\/product_cat?post=108818"},{"taxonomy":"product_tag","embeddable":true,"href":"https:\/\/pipat-antiquites.fr\/fr\/wp-json\/wp\/v2\/product_tag?post=108818"}],"curies":[{"name":"wp","href":"https:\/\/api.w.org\/{rel}","templated":true}]}}