{"id":108460,"date":"2025-02-14T11:08:25","date_gmt":"2025-02-14T10:08:25","guid":{"rendered":"https:\/\/pipat-antiquites.fr\/?post_type=product&#038;p=108460"},"modified":"2025-06-26T22:33:11","modified_gmt":"2025-06-26T20:33:11","slug":"sculpture-animaliere-elephant-asie-en-bronze-xixe-siecle","status":"publish","type":"product","link":"https:\/\/pipat-antiquites.fr\/fr\/objets\/sculpture-animaliere-elephant-asie-en-bronze-xixe-siecle\/","title":{"rendered":"\u00c9l\u00e9phant en bronze, XIXe si\u00e8cle"},"content":{"rendered":"<div class=\"wpb-content-wrapper\"><p>[vc_row][vc_column column_width_percent=\u00a0\u00bb100&Prime; gutter_size=\u00a0\u00bb3&Prime; override_padding=\u00a0\u00bbyes\u00a0\u00bb column_padding=\u00a0\u00bb3&Prime; overlay_alpha=\u00a0\u00bb50&Prime; shift_x=\u00a0\u00bb0&Prime; shift_y=\u00a0\u00bb0&Prime; shift_y_down=\u00a0\u00bb0&Prime; z_index=\u00a0\u00bb0&Prime; medium_width=\u00a0\u00bb0&Prime; mobile_width=\u00a0\u00bb0&Prime; width=\u00a0\u00bb1\/1&Prime; uncode_shortcode_id=\u00a0\u00bb146269&Prime;][vc_custom_heading text_weight=\u00a0\u00bb300&Prime; uncode_shortcode_id=\u00a0\u00bb172051&Prime;]<\/p>\n<p class=\"p1\">\u00c9l\u00e9phant en bronze, XIXe si\u00e8cle<\/p>\n<p>[\/vc_custom_heading][vc_column_text uncode_shortcode_id=\u00a0\u00bb159115&Prime;]<\/p>\n<p class=\"p1\">En marche et barrissant, cet \u00e9l\u00e9phant \u00e0 l\u2019air sympathique est assur\u00e9ment un pachyderme d\u2019Asie. Avec ses petites d\u00e9fenses et ses oreilles plus petites que son cousin africain, il est un habitant de l\u2019Inde et d\u2019Asie du sud-est. Son importance \u00e9tait autrefois si grande dans la soci\u00e9t\u00e9 (pour le d\u00e9frichage, l\u2019agriculture et la guerre notamment) qu\u2019il est devenu le v\u00e9hicule des divinit\u00e9s.<\/p>\n<p class=\"p1\">Ce petit bronze animalier non sign\u00e9 est en parfait \u00e9tat.<\/p>\n<ul>\n<li class=\"p1\">Prix de livraison en France m\u00e9tropolitaine : 35\u20ac<\/li>\n<li class=\"p1\">Prix de livraison en Europe : 55\u20ac<\/li>\n<li class=\"p1\">Prix de livraison autres destination : 75\u20ac<\/li>\n<\/ul>\n<p>[\/vc_column_text][\/vc_column][\/vc_row]<\/p>\n<\/div>","protected":false},"excerpt":{"rendered":"<p style=\"text-align: center;\">Sculpture animali\u00e8re figurant un \u00e9l\u00e9phant d&rsquo;Asie. Parfait \u00e9tat.<\/p>\n<p class=\"p1\" style=\"text-align: center;\">Dimensions :<\/p>\n<ul>\n<li class=\"p1\" style=\"text-align: center;\">Hauteur : 10.5 cm<\/li>\n<li class=\"p1\" style=\"text-align: center;\">Longueur : 14 cm<\/li>\n<li class=\"p1\" style=\"text-align: center;\">Profondeur : 6.5 cm<\/li>\n<\/ul>\n","protected":false},"featured_media":109707,"template":"","meta":{"_seopress_robots_primary_cat":"none","_seopress_titles_title":"\u00c9l\u00e9phant en bronze, XIXe si\u00e8cle","_seopress_titles_desc":"Sculpture animali\u00e8re figurant un \u00e9l\u00e9phant d'Asie. Parfait \u00e9tat.","_seopress_robots_index":"","content-type":""},"product_brand":[],"product_cat":[188,77,122],"product_tag":[],"class_list":{"0":"post-108460","1":"product","2":"type-product","3":"status-publish","4":"has-post-thumbnail","6":"product_cat-bronze","7":"product_cat-beaux-arts","8":"product_cat-sculptures","9":"product_shipping_class-niveau-2","11":"first","12":"instock","13":"shipping-taxable","14":"purchasable","15":"product-type-simple","16":"add-to-wishlist-after_add_to_cart"},"_links":{"self":[{"href":"https:\/\/pipat-antiquites.fr\/fr\/wp-json\/wp\/v2\/product\/108460","targetHints":{"allow":["GET"]}}],"collection":[{"href":"https:\/\/pipat-antiquites.fr\/fr\/wp-json\/wp\/v2\/product"}],"about":[{"href":"https:\/\/pipat-antiquites.fr\/fr\/wp-json\/wp\/v2\/types\/product"}],"wp:featuredmedia":[{"embeddable":true,"href":"https:\/\/pipat-antiquites.fr\/fr\/wp-json\/wp\/v2\/media\/109707"}],"wp:attachment":[{"href":"https:\/\/pipat-antiquites.fr\/fr\/wp-json\/wp\/v2\/media?parent=108460"}],"wp:term":[{"taxonomy":"product_brand","embeddable":true,"href":"https:\/\/pipat-antiquites.fr\/fr\/wp-json\/wp\/v2\/product_brand?post=108460"},{"taxonomy":"product_cat","embeddable":true,"href":"https:\/\/pipat-antiquites.fr\/fr\/wp-json\/wp\/v2\/product_cat?post=108460"},{"taxonomy":"product_tag","embeddable":true,"href":"https:\/\/pipat-antiquites.fr\/fr\/wp-json\/wp\/v2\/product_tag?post=108460"}],"curies":[{"name":"wp","href":"https:\/\/api.w.org\/{rel}","templated":true}]}}