{"id":108418,"date":"2025-02-14T09:25:21","date_gmt":"2025-02-14T08:25:21","guid":{"rendered":"https:\/\/pipat-antiquites.fr\/?post_type=product&#038;p=108418"},"modified":"2025-04-15T10:56:37","modified_gmt":"2025-04-15T08:56:37","slug":"tableau-botanique-herbier-fleurs-sechees-xx-20-siecle","status":"publish","type":"product","link":"https:\/\/pipat-antiquites.fr\/fr\/objets\/tableau-botanique-herbier-fleurs-sechees-xx-20-siecle\/","title":{"rendered":"Tableau botanique, XXe si\u00e8cle"},"content":{"rendered":"<div class=\"wpb-content-wrapper\"><p>[vc_row][vc_column column_width_percent=\u00a0\u00bb100&Prime; gutter_size=\u00a0\u00bb3&Prime; override_padding=\u00a0\u00bbyes\u00a0\u00bb column_padding=\u00a0\u00bb3&Prime; overlay_alpha=\u00a0\u00bb50&Prime; shift_x=\u00a0\u00bb0&Prime; shift_y=\u00a0\u00bb0&Prime; shift_y_down=\u00a0\u00bb0&Prime; z_index=\u00a0\u00bb0&Prime; medium_width=\u00a0\u00bb0&Prime; mobile_width=\u00a0\u00bb0&Prime; width=\u00a0\u00bb1\/1&Prime; uncode_shortcode_id=\u00a0\u00bb135363&Prime;][vc_custom_heading text_weight=\u00a0\u00bb300&Prime; uncode_shortcode_id=\u00a0\u00bb769564&Prime;]<\/p>\n<p class=\"p1\">Tableau botanique, XXe si\u00e8cle<\/p>\n<p>[\/vc_custom_heading][vc_column_text uncode_shortcode_id=\u00a0\u00bb116000&Prime;]<\/p>\n<p class=\"p1\">Douze esp\u00e8ces v\u00e9g\u00e9tales ont \u00e9t\u00e9 r\u00e9unies et dispos\u00e9es pour former un tableau de fleurs s\u00e9ch\u00e9es qui n\u2019aurait pas d\u00e9plu \u00e0 Carl Linn\u00e9 ! Amarante, Thlaspi, C\u00e9losie et Verveine, Cin\u00e9raire, Reine Marguerite, Violette et Marguerite pivoine, P\u00e9tunia, \u0152illet, Campanule et Lunaire forme ici un jardin de fleurs s\u00e9ch\u00e9es. L\u2019ensemble en tr\u00e8s bon \u00e9tat est prot\u00e9g\u00e9 par une vitre.<\/p>\n<p>[\/vc_column_text][\/vc_column][\/vc_row]<\/p>\n<\/div>","protected":false},"excerpt":{"rendered":"<p style=\"text-align: center;\">Douze esp\u00e8ces v\u00e9g\u00e9tales sont r\u00e9unies pour former un herbier artistique.<\/p>\n<p class=\"p1\" style=\"text-align: center;\">Dimensions :<\/p>\n<ul>\n<li class=\"p1\" style=\"text-align: center;\">Hauteur : 84.5 cm<\/li>\n<li class=\"p1\" style=\"text-align: center;\">Longueur : 98.5 cm<\/li>\n<li class=\"p1\" style=\"text-align: center;\">Profondeur : 4 cm<\/li>\n<\/ul>\n","protected":false},"featured_media":108416,"template":"","meta":{"_seopress_robots_primary_cat":"none","_seopress_titles_title":"Tableau botanique, XXe si\u00e8cle","_seopress_titles_desc":"Douze esp\u00e8ces v\u00e9g\u00e9tales sont r\u00e9unies pour former un herbier artistique.","_seopress_robots_index":"","content-type":""},"product_brand":[],"product_cat":[77,121,187],"product_tag":[],"class_list":{"0":"post-108418","1":"product","2":"type-product","3":"status-publish","4":"has-post-thumbnail","6":"product_cat-beaux-arts","7":"product_cat-peintures-et-tableaux","8":"product_cat-peintures-et-tableaux-autres","10":"first","11":"outofstock","12":"shipping-taxable","13":"purchasable","14":"product-type-simple","15":"add-to-wishlist-after_add_to_cart"},"_links":{"self":[{"href":"https:\/\/pipat-antiquites.fr\/fr\/wp-json\/wp\/v2\/product\/108418","targetHints":{"allow":["GET"]}}],"collection":[{"href":"https:\/\/pipat-antiquites.fr\/fr\/wp-json\/wp\/v2\/product"}],"about":[{"href":"https:\/\/pipat-antiquites.fr\/fr\/wp-json\/wp\/v2\/types\/product"}],"wp:featuredmedia":[{"embeddable":true,"href":"https:\/\/pipat-antiquites.fr\/fr\/wp-json\/wp\/v2\/media\/108416"}],"wp:attachment":[{"href":"https:\/\/pipat-antiquites.fr\/fr\/wp-json\/wp\/v2\/media?parent=108418"}],"wp:term":[{"taxonomy":"product_brand","embeddable":true,"href":"https:\/\/pipat-antiquites.fr\/fr\/wp-json\/wp\/v2\/product_brand?post=108418"},{"taxonomy":"product_cat","embeddable":true,"href":"https:\/\/pipat-antiquites.fr\/fr\/wp-json\/wp\/v2\/product_cat?post=108418"},{"taxonomy":"product_tag","embeddable":true,"href":"https:\/\/pipat-antiquites.fr\/fr\/wp-json\/wp\/v2\/product_tag?post=108418"}],"curies":[{"name":"wp","href":"https:\/\/api.w.org\/{rel}","templated":true}]}}