{"id":108225,"date":"2025-01-22T09:13:03","date_gmt":"2025-01-22T08:13:03","guid":{"rendered":"https:\/\/pipat-antiquites.fr\/?post_type=product&#038;p=108225"},"modified":"2025-03-04T11:03:15","modified_gmt":"2025-03-04T10:03:15","slug":"bronze-animalier-de-vienne-aux-deux-cochons-signe-geschutzt-xixe-siecle","status":"publish","type":"product","link":"https:\/\/pipat-antiquites.fr\/fr\/objets\/bronze-animalier-de-vienne-aux-deux-cochons-signe-geschutzt-xixe-siecle\/","title":{"rendered":"Bronze de Vienne aux deux cochons, sign\u00e9 Gesch\u00fctzt, XIXe si\u00e8cle"},"content":{"rendered":"<div class=\"wpb-content-wrapper\"><p>[vc_row][vc_column column_width_percent=\u00a0\u00bb100&Prime; gutter_size=\u00a0\u00bb3&Prime; override_padding=\u00a0\u00bbyes\u00a0\u00bb column_padding=\u00a0\u00bb3&Prime; overlay_alpha=\u00a0\u00bb50&Prime; shift_x=\u00a0\u00bb0&Prime; shift_y=\u00a0\u00bb0&Prime; shift_y_down=\u00a0\u00bb0&Prime; z_index=\u00a0\u00bb0&Prime; medium_width=\u00a0\u00bb0&Prime; mobile_width=\u00a0\u00bb0&Prime; width=\u00a0\u00bb1\/1&Prime; uncode_shortcode_id=\u00a0\u00bb381832&Prime;][vc_custom_heading text_weight=\u00a0\u00bb300&Prime; uncode_shortcode_id=\u00a0\u00bb993134&Prime;]<\/p>\n<p class=\"p1\">Bronze de Vienne aux deux cochons, sign\u00e9 Gesch\u00fctzt, XIXe si\u00e8cle<\/p>\n<p>[\/vc_custom_heading][vc_column_text uncode_shortcode_id=\u00a0\u00bb302417&Prime;]<\/p>\n<p class=\"p1\">L\u2019air bonhomme, ces deux cochons en bronze polychrome avancent de conserve. O\u00f9 vont-ils ? Ce sera \u00e0 la prochain propri\u00e9taire de le d\u00e9cider. Sujets charmants, les animaux domestiques et ceux de la ferme sont un th\u00e8me appr\u00e9ci\u00e9 dans la seconde moiti\u00e9 du XIXe si\u00e8cle alors que l\u2019industrialisation semble paradoxalement \u00e9veiller un d\u00e9sir de nature. Ce petit <a href=\"https:\/\/pipat-antiquites.fr\/fr\/sculpture-bronze-de-vienne-histoire-origine-signature-poincon-manufacture\/\" target=\"_blank\" rel=\"noopener\">bronze viennois<\/a> en tr\u00e8s bon \u00e9tat est sign\u00e9, sous chaque cochon, \u00ab Gesch\u00fctzt \u00bb.<\/p>\n<ul>\n<li class=\"p1\">Prix de livraison en France m\u00e9tropolitaine : 15\u20ac<\/li>\n<li class=\"p1\">Prix de livraison en Europe : 35\u20ac<\/li>\n<li class=\"p1\">Prix de livraison autres destination : 55\u20ac<\/li>\n<\/ul>\n<p>[\/vc_column_text][\/vc_column][\/vc_row]<\/p>\n<\/div>","protected":false},"excerpt":{"rendered":"<p style=\"text-align: center;\">Petit bronze viennois animalier polychrome en tr\u00e8s bon \u00e9tat.<\/p>\n<p class=\"p1\" style=\"text-align: center;\">Dimensions :<\/p>\n<ul>\n<li class=\"p1\" style=\"text-align: center;\">Hauteur : 2.7 cm<\/li>\n<li class=\"p1\" style=\"text-align: center;\">Largeur : 4 cm<\/li>\n<li class=\"p1\" style=\"text-align: center;\">Longueur : 9 cm<\/li>\n<\/ul>\n","protected":false},"featured_media":108647,"template":"","meta":{"_seopress_robots_primary_cat":"none","_seopress_titles_title":"Bronze de Vienne aux deux cochons, sign\u00e9 Gesch\u00fctzt, XIXe si\u00e8cle","_seopress_titles_desc":"Petit bronze viennois animalier polychrome en tr\u00e8s bon \u00e9tat.","_seopress_robots_index":"","content-type":""},"product_brand":[],"product_cat":[77,122,188],"product_tag":[],"class_list":{"0":"post-108225","1":"product","2":"type-product","3":"status-publish","4":"has-post-thumbnail","6":"product_cat-beaux-arts","7":"product_cat-sculptures","8":"product_cat-bronze","9":"product_shipping_class-niveau-1","11":"first","12":"instock","13":"shipping-taxable","14":"purchasable","15":"product-type-simple","16":"add-to-wishlist-after_add_to_cart"},"_links":{"self":[{"href":"https:\/\/pipat-antiquites.fr\/fr\/wp-json\/wp\/v2\/product\/108225","targetHints":{"allow":["GET"]}}],"collection":[{"href":"https:\/\/pipat-antiquites.fr\/fr\/wp-json\/wp\/v2\/product"}],"about":[{"href":"https:\/\/pipat-antiquites.fr\/fr\/wp-json\/wp\/v2\/types\/product"}],"wp:featuredmedia":[{"embeddable":true,"href":"https:\/\/pipat-antiquites.fr\/fr\/wp-json\/wp\/v2\/media\/108647"}],"wp:attachment":[{"href":"https:\/\/pipat-antiquites.fr\/fr\/wp-json\/wp\/v2\/media?parent=108225"}],"wp:term":[{"taxonomy":"product_brand","embeddable":true,"href":"https:\/\/pipat-antiquites.fr\/fr\/wp-json\/wp\/v2\/product_brand?post=108225"},{"taxonomy":"product_cat","embeddable":true,"href":"https:\/\/pipat-antiquites.fr\/fr\/wp-json\/wp\/v2\/product_cat?post=108225"},{"taxonomy":"product_tag","embeddable":true,"href":"https:\/\/pipat-antiquites.fr\/fr\/wp-json\/wp\/v2\/product_tag?post=108225"}],"curies":[{"name":"wp","href":"https:\/\/api.w.org\/{rel}","templated":true}]}}