{"id":108198,"date":"2025-01-15T19:50:15","date_gmt":"2025-01-15T18:50:15","guid":{"rendered":"https:\/\/pipat-antiquites.fr\/?post_type=product&#038;p=108198"},"modified":"2025-04-28T17:58:15","modified_gmt":"2025-04-28T15:58:15","slug":"objet-spiritualite-religion-catholique-retable-de-devotion-privee-en-bronze-xixe-siecle","status":"publish","type":"product","link":"https:\/\/pipat-antiquites.fr\/fr\/objets\/objet-spiritualite-religion-catholique-retable-de-devotion-privee-en-bronze-xixe-siecle\/","title":{"rendered":"Retable de d\u00e9votion priv\u00e9e en bronze, XIXe si\u00e8cle"},"content":{"rendered":"<div class=\"wpb-content-wrapper\"><p>[vc_row][vc_column column_width_percent=\u00a0\u00bb100&Prime; gutter_size=\u00a0\u00bb3&Prime; override_padding=\u00a0\u00bbyes\u00a0\u00bb column_padding=\u00a0\u00bb3&Prime; overlay_alpha=\u00a0\u00bb50&Prime; shift_x=\u00a0\u00bb0&Prime; shift_y=\u00a0\u00bb0&Prime; shift_y_down=\u00a0\u00bb0&Prime; z_index=\u00a0\u00bb0&Prime; medium_width=\u00a0\u00bb0&Prime; mobile_width=\u00a0\u00bb0&Prime; width=\u00a0\u00bb1\/1&Prime; uncode_shortcode_id=\u00a0\u00bb592580&Prime;][vc_custom_heading text_weight=\u00a0\u00bb300&Prime; uncode_shortcode_id=\u00a0\u00bb419607&Prime;]<\/p>\n<p class=\"p1\">Retable de d\u00e9votion priv\u00e9e en bronze, XIXe si\u00e8cle<\/p>\n<p>[\/vc_custom_heading][vc_column_text uncode_shortcode_id=\u00a0\u00bb162400&Prime;]<\/p>\n<p class=\"p1\">Ravissant retable en bronze \u00e0 diff\u00e9rentes patines. Ce petit objet de d\u00e9votion priv\u00e9e repr\u00e9sente sur ses panneaux ext\u00e9rieurs le mariage de Joseph et Marie et, \u00e0 l\u2019int\u00e9rieur, une sc\u00e8ne de mariage de style Renaissance. L\u2019objet, en tr\u00e8s bon \u00e9tat, peut \u00eatre suspendu gr\u00e2ce \u00e0 un crochet au dos.<\/p>\n<ul>\n<li class=\"p1\">Prix de livraison en France m\u00e9tropolitaine : 35\u20ac<\/li>\n<li class=\"p1\">Prix de livraison en Europe : 55\u20ac<\/li>\n<li class=\"p1\">Prix de livraison autres destination : 75\u20ac<\/li>\n<\/ul>\n<p>[\/vc_column_text][\/vc_column][\/vc_row]<\/p>\n<\/div>","protected":false},"excerpt":{"rendered":"<p style=\"text-align: center;\">Objet ancien de spiritualit\u00e9, tr\u00e8s bon \u00e9tat.<\/p>\n<p class=\"p1\" style=\"text-align: center;\">Dimensions :<\/p>\n<ul>\n<li class=\"p1\" style=\"text-align: center;\">Hauteur : 32 cm<\/li>\n<li class=\"p1\" style=\"text-align: center;\">Largeur : 10 cm<\/li>\n<li class=\"p1\" style=\"text-align: center;\">Largeur ouvert : 19.7 cm<\/li>\n<li class=\"p1\" style=\"text-align: center;\">Profondeur : 1.7 cm<\/li>\n<\/ul>\n","protected":false},"featured_media":108537,"template":"","meta":{"_seopress_robots_primary_cat":"none","_seopress_titles_title":"Retable de d\u00e9votion priv\u00e9e en bronze, XIXe si\u00e8cle","_seopress_titles_desc":"Objet ancien de spiritualit\u00e9, tr\u00e8s bon \u00e9tat.","_seopress_robots_index":"","content-type":""},"product_brand":[],"product_cat":[76,114,214],"product_tag":[],"class_list":{"0":"post-108198","1":"product","2":"type-product","3":"status-publish","4":"has-post-thumbnail","6":"product_cat-objets","7":"product_cat-arts-decoratifs","8":"product_cat-objets-dart-religieux","9":"product_shipping_class-niveau-2","11":"first","12":"outofstock","13":"shipping-taxable","14":"purchasable","15":"product-type-simple","16":"add-to-wishlist-after_add_to_cart"},"_links":{"self":[{"href":"https:\/\/pipat-antiquites.fr\/fr\/wp-json\/wp\/v2\/product\/108198","targetHints":{"allow":["GET"]}}],"collection":[{"href":"https:\/\/pipat-antiquites.fr\/fr\/wp-json\/wp\/v2\/product"}],"about":[{"href":"https:\/\/pipat-antiquites.fr\/fr\/wp-json\/wp\/v2\/types\/product"}],"wp:featuredmedia":[{"embeddable":true,"href":"https:\/\/pipat-antiquites.fr\/fr\/wp-json\/wp\/v2\/media\/108537"}],"wp:attachment":[{"href":"https:\/\/pipat-antiquites.fr\/fr\/wp-json\/wp\/v2\/media?parent=108198"}],"wp:term":[{"taxonomy":"product_brand","embeddable":true,"href":"https:\/\/pipat-antiquites.fr\/fr\/wp-json\/wp\/v2\/product_brand?post=108198"},{"taxonomy":"product_cat","embeddable":true,"href":"https:\/\/pipat-antiquites.fr\/fr\/wp-json\/wp\/v2\/product_cat?post=108198"},{"taxonomy":"product_tag","embeddable":true,"href":"https:\/\/pipat-antiquites.fr\/fr\/wp-json\/wp\/v2\/product_tag?post=108198"}],"curies":[{"name":"wp","href":"https:\/\/api.w.org\/{rel}","templated":true}]}}