{"id":108132,"date":"2025-01-15T10:10:44","date_gmt":"2025-01-15T09:10:44","guid":{"rendered":"https:\/\/pipat-antiquites.fr\/?post_type=product&#038;p=108132"},"modified":"2026-03-18T18:11:30","modified_gmt":"2026-03-18T17:11:30","slug":"scukpture-animaliere-bronze-de-vienne-lievre-polychrome-xix-19-siecle","status":"publish","type":"product","link":"https:\/\/pipat-antiquites.fr\/fr\/objets\/scukpture-animaliere-bronze-de-vienne-lievre-polychrome-xix-19-siecle\/","title":{"rendered":"Bronze de Vienne, li\u00e8vre polychrome, XIXe si\u00e8cle"},"content":{"rendered":"<div class=\"wpb-content-wrapper\"><p>[vc_row][vc_column column_width_percent=\u00a0\u00bb100&Prime; gutter_size=\u00a0\u00bb3&Prime; override_padding=\u00a0\u00bbyes\u00a0\u00bb column_padding=\u00a0\u00bb3&Prime; overlay_alpha=\u00a0\u00bb50&Prime; shift_x=\u00a0\u00bb0&Prime; shift_y=\u00a0\u00bb0&Prime; shift_y_down=\u00a0\u00bb0&Prime; z_index=\u00a0\u00bb0&Prime; medium_width=\u00a0\u00bb0&Prime; mobile_width=\u00a0\u00bb0&Prime; width=\u00a0\u00bb1\/1&Prime; uncode_shortcode_id=\u00a0\u00bb224928&Prime;][vc_custom_heading text_weight=\u00a0\u00bb300&Prime; uncode_shortcode_id=\u00a0\u00bb144784&Prime;]<\/p>\n<p class=\"p1\">Bronze de Vienne, li\u00e8vre polychrome, XIXe si\u00e8cle<\/p>\n<p>[\/vc_custom_heading][vc_column_text uncode_shortcode_id=\u00a0\u00bb328192&Prime;]<\/p>\n<p class=\"p1\">De belle taille, ce li\u00e8vre n\u2019aurait pas \u00e0 rougir dans une garenne ! Saisi dans une position naturaliste comme les <a href=\"https:\/\/pipat-antiquites.fr\/fr\/sculpture-bronze-de-vienne-histoire-origine-signature-poincon-manufacture\/\" target=\"_blank\" rel=\"noopener\">bronzes de Vienne<\/a> savent si bien le faire, ce lapin sauvage semble sur le point de d\u00e9guerpir si d\u2019aventure un bruit suspect confirmait ses inqui\u00e9tudes !<\/p>\n<p class=\"p1\">En excellent \u00e9tat, ce bronze de Vienne trouvera sa place dans une collection ou comme sculpture animali\u00e8re d\u00e9corative.<\/p>\n<ul>\n<li class=\"p1\">Prix de livraison en France m\u00e9tropolitaine : 15\u20ac<\/li>\n<li class=\"p1\">Prix de livraison en Europe : 35\u20ac<\/li>\n<li class=\"p1\">Prix de livraison autres destination : 55\u20ac<\/li>\n<\/ul>\n<p>[\/vc_column_text][\/vc_column][\/vc_row]<\/p>\n<\/div>","protected":false},"excerpt":{"rendered":"<p style=\"text-align: center;\">Sculpture animali\u00e8re en bronze en excellent \u00e9tat.<\/p>\n<p class=\"p1\" style=\"text-align: center;\">Dimensions :<\/p>\n<ul>\n<li class=\"p1\" style=\"text-align: center;\">Hauteur : 7.5 cm<\/li>\n<li class=\"p1\" style=\"text-align: center;\">Largeur : 8.5 cm<\/li>\n<li class=\"p1\" style=\"text-align: center;\">Profondeur : 3.5 cm<\/li>\n<\/ul>\n","protected":false},"featured_media":108124,"template":"","meta":{"_seopress_robots_primary_cat":"none","_seopress_titles_title":"Bronze de Vienne, li\u00e8vre polychrome, XIXe si\u00e8cle","_seopress_titles_desc":"Sculpture animali\u00e8re en bronze en excellent \u00e9tat.","_seopress_robots_index":"","content-type":""},"product_brand":[],"product_cat":[77,122,188],"product_tag":[],"class_list":{"0":"post-108132","1":"product","2":"type-product","3":"status-publish","4":"has-post-thumbnail","6":"product_cat-beaux-arts","7":"product_cat-sculptures","8":"product_cat-bronze","9":"product_shipping_class-niveau-1","11":"first","12":"outofstock","13":"shipping-taxable","14":"purchasable","15":"product-type-simple","16":"add-to-wishlist-after_add_to_cart"},"_links":{"self":[{"href":"https:\/\/pipat-antiquites.fr\/fr\/wp-json\/wp\/v2\/product\/108132","targetHints":{"allow":["GET"]}}],"collection":[{"href":"https:\/\/pipat-antiquites.fr\/fr\/wp-json\/wp\/v2\/product"}],"about":[{"href":"https:\/\/pipat-antiquites.fr\/fr\/wp-json\/wp\/v2\/types\/product"}],"wp:featuredmedia":[{"embeddable":true,"href":"https:\/\/pipat-antiquites.fr\/fr\/wp-json\/wp\/v2\/media\/108124"}],"wp:attachment":[{"href":"https:\/\/pipat-antiquites.fr\/fr\/wp-json\/wp\/v2\/media?parent=108132"}],"wp:term":[{"taxonomy":"product_brand","embeddable":true,"href":"https:\/\/pipat-antiquites.fr\/fr\/wp-json\/wp\/v2\/product_brand?post=108132"},{"taxonomy":"product_cat","embeddable":true,"href":"https:\/\/pipat-antiquites.fr\/fr\/wp-json\/wp\/v2\/product_cat?post=108132"},{"taxonomy":"product_tag","embeddable":true,"href":"https:\/\/pipat-antiquites.fr\/fr\/wp-json\/wp\/v2\/product_tag?post=108132"}],"curies":[{"name":"wp","href":"https:\/\/api.w.org\/{rel}","templated":true}]}}