{"id":108100,"date":"2025-01-09T09:19:21","date_gmt":"2025-01-09T08:19:21","guid":{"rendered":"https:\/\/pipat-antiquites.fr\/?post_type=product&#038;p=108100"},"modified":"2025-01-09T09:21:48","modified_gmt":"2025-01-09T08:21:48","slug":"mobilier-collection-deux-vitrines-de-style-transition-xx-20-siecle","status":"publish","type":"product","link":"https:\/\/pipat-antiquites.fr\/fr\/objets\/mobilier-collection-deux-vitrines-de-style-transition-xx-20-siecle\/","title":{"rendered":"Deux vitrines de style Transition, XXe si\u00e8cle"},"content":{"rendered":"<div class=\"wpb-content-wrapper\"><p>[vc_row][vc_column column_width_percent=\u00a0\u00bb100&Prime; gutter_size=\u00a0\u00bb3&Prime; override_padding=\u00a0\u00bbyes\u00a0\u00bb column_padding=\u00a0\u00bb3&Prime; overlay_alpha=\u00a0\u00bb50&Prime; shift_x=\u00a0\u00bb0&Prime; shift_y=\u00a0\u00bb0&Prime; shift_y_down=\u00a0\u00bb0&Prime; z_index=\u00a0\u00bb0&Prime; medium_width=\u00a0\u00bb0&Prime; mobile_width=\u00a0\u00bb0&Prime; width=\u00a0\u00bb1\/1&Prime; uncode_shortcode_id=\u00a0\u00bb749807&Prime;][vc_custom_heading text_weight=\u00a0\u00bb300&Prime; uncode_shortcode_id=\u00a0\u00bb214472&Prime;]<\/p>\n<p class=\"p1\">Deux vitrines de style Transition, XXe si\u00e8cle<\/p>\n<p>[\/vc_custom_heading][vc_column_text uncode_shortcode_id=\u00a0\u00bb186520&Prime;]<\/p>\n<p class=\"p1\">Leur simplicit\u00e9 est tout au service de ce qu\u2019elles abritent. Ces deux vitrines en bois pr\u00e9sente plusieurs \u00e9tag\u00e8res et une porte vitr\u00e9e pour prot\u00e9ger les fragiles tr\u00e9sors des collectionneurs ou les livres rares des bibliophiles. L\u2019une des deux est \u00e9quip\u00e9e d\u2019un syst\u00e8me d\u2019\u00e9clairage. Un tiroir en partie basse compl\u00e8te l\u2019ensemble. Ces deux vitrines sont en tr\u00e8s bon \u00e9tat et vendues \u00e0 la pi\u00e8ce.<\/p>\n<p>[\/vc_column_text][\/vc_column][\/vc_row]<\/p>\n<\/div>","protected":false},"excerpt":{"rendered":"<p style=\"text-align: center;\">Vitrines en tr\u00e8s bon \u00e9tat et vendues \u00e0 l&rsquo;unit\u00e9.<\/p>\n<p class=\"p1\" style=\"text-align: center;\">Dimensions :<\/p>\n<ul>\n<li class=\"p1\" style=\"text-align: center;\">Hauteur : 186 cm<\/li>\n<li class=\"p1\" style=\"text-align: center;\">Largeur : 69.5 cm<\/li>\n<li class=\"p1\" style=\"text-align: center;\">Profondeur : 36 cm<\/li>\n<\/ul>\n","protected":false},"featured_media":108096,"template":"","meta":{"_seopress_robots_primary_cat":"none","_seopress_titles_title":"Deux vitrines de style Transition, XXe si\u00e8cle","_seopress_titles_desc":"Vitrines en tr\u00e8s bon \u00e9tat et vendues \u00e0 l'unit\u00e9.","_seopress_robots_index":"","_seopress_analysis_target_kw":"","content-type":""},"product_brand":[],"product_cat":[69,106,125,139],"product_tag":[],"class_list":{"0":"post-108100","1":"product","2":"type-product","3":"status-publish","4":"has-post-thumbnail","6":"product_cat-mobilier","7":"product_cat-meubles","8":"product_cat-bibliotheques","9":"product_cat-vitrines-et-etageres","11":"first","12":"instock","13":"shipping-taxable","14":"product-type-simple","15":"add-to-wishlist-after_add_to_cart"},"_links":{"self":[{"href":"https:\/\/pipat-antiquites.fr\/fr\/wp-json\/wp\/v2\/product\/108100","targetHints":{"allow":["GET"]}}],"collection":[{"href":"https:\/\/pipat-antiquites.fr\/fr\/wp-json\/wp\/v2\/product"}],"about":[{"href":"https:\/\/pipat-antiquites.fr\/fr\/wp-json\/wp\/v2\/types\/product"}],"wp:featuredmedia":[{"embeddable":true,"href":"https:\/\/pipat-antiquites.fr\/fr\/wp-json\/wp\/v2\/media\/108096"}],"wp:attachment":[{"href":"https:\/\/pipat-antiquites.fr\/fr\/wp-json\/wp\/v2\/media?parent=108100"}],"wp:term":[{"taxonomy":"product_brand","embeddable":true,"href":"https:\/\/pipat-antiquites.fr\/fr\/wp-json\/wp\/v2\/product_brand?post=108100"},{"taxonomy":"product_cat","embeddable":true,"href":"https:\/\/pipat-antiquites.fr\/fr\/wp-json\/wp\/v2\/product_cat?post=108100"},{"taxonomy":"product_tag","embeddable":true,"href":"https:\/\/pipat-antiquites.fr\/fr\/wp-json\/wp\/v2\/product_tag?post=108100"}],"curies":[{"name":"wp","href":"https:\/\/api.w.org\/{rel}","templated":true}]}}