{"id":107922,"date":"2024-12-12T14:24:04","date_gmt":"2024-12-12T13:24:04","guid":{"rendered":"https:\/\/pipat-antiquites.fr\/?post_type=product&#038;p=107922"},"modified":"2025-04-15T11:00:34","modified_gmt":"2025-04-15T09:00:34","slug":"miroir-de-cheminee-neoclassique-xix-19-siecle","status":"publish","type":"product","link":"https:\/\/pipat-antiquites.fr\/fr\/objets\/miroir-de-cheminee-neoclassique-xix-19-siecle\/","title":{"rendered":"Miroir n\u00e9oclassique, XIX si\u00e8cle"},"content":{"rendered":"<div class=\"wpb-content-wrapper\"><p>[vc_row][vc_column column_width_percent=\u00a0\u00bb100&Prime; gutter_size=\u00a0\u00bb3&Prime; override_padding=\u00a0\u00bbyes\u00a0\u00bb column_padding=\u00a0\u00bb3&Prime; overlay_alpha=\u00a0\u00bb50&Prime; shift_x=\u00a0\u00bb0&Prime; shift_y=\u00a0\u00bb0&Prime; shift_y_down=\u00a0\u00bb0&Prime; z_index=\u00a0\u00bb0&Prime; medium_width=\u00a0\u00bb0&Prime; mobile_width=\u00a0\u00bb0&Prime; width=\u00a0\u00bb1\/1&Prime; uncode_shortcode_id=\u00a0\u00bb125918&Prime;][vc_custom_heading text_weight=\u00a0\u00bb300&Prime; uncode_shortcode_id=\u00a0\u00bb811071&Prime;]<\/p>\n<p class=\"p1\">Miroir n\u00e9oclassique, XIX si\u00e8cle<\/p>\n<p>[\/vc_custom_heading][vc_column_text uncode_shortcode_id=\u00a0\u00bb774587&Prime;]<\/p>\n<p class=\"p1\">Tout en bois dor\u00e9 sur une assiette rouge caract\u00e9ristique, ce miroir pr\u00e9sente tous les codes du n\u00e9oclassicisme au XIXe si\u00e8cle. Un fronton droit d\u00e9cor\u00e9 de rais-de-c\u0153ur, d\u2019une frise d\u2019oves, de guirlandes et d\u2019un cartouche cisel\u00e9 de motifs floraux, il couronne une glace biseaut\u00e9e et encadr\u00e9e de montants d\u00e9cor\u00e9s de rubans. En tr\u00e8s bon \u00e9tat, il est id\u00e9al pour un dessus de chemin\u00e9e, un salon ou une salle &#8211; manger.<\/p>\n<p>[\/vc_column_text][\/vc_column][\/vc_row]<\/p>\n<\/div>","protected":false},"excerpt":{"rendered":"<p style=\"text-align: center;\">Beau miroir de chemin\u00e9e en tr\u00e8s bon \u00e9tat.<\/p>\n<p class=\"p1\" style=\"text-align: center;\">Dimensions :<\/p>\n<ul>\n<li class=\"p1\" style=\"text-align: center;\">Hauteur : 187.5 cm<\/li>\n<li class=\"p1\" style=\"text-align: center;\">Largeur : 111 cm<\/li>\n<li class=\"p1\" style=\"text-align: center;\">Profondeur : 5 cm<\/li>\n<\/ul>\n","protected":false},"featured_media":107912,"template":"","meta":{"_seopress_robots_primary_cat":"none","_seopress_titles_title":"Miroir n\u00e9oclassique, XIX si\u00e8cle","_seopress_titles_desc":"Beau miroir de chemin\u00e9e en tr\u00e8s bon \u00e9tat.","_seopress_robots_index":"","content-type":""},"product_brand":[],"product_cat":[76,114,213],"product_tag":[],"class_list":{"0":"post-107922","1":"product","2":"type-product","3":"status-publish","4":"has-post-thumbnail","6":"product_cat-objets","7":"product_cat-arts-decoratifs","8":"product_cat-miroirs-et-trumeaux","10":"first","11":"outofstock","12":"shipping-taxable","13":"purchasable","14":"product-type-simple","15":"add-to-wishlist-after_add_to_cart"},"_links":{"self":[{"href":"https:\/\/pipat-antiquites.fr\/fr\/wp-json\/wp\/v2\/product\/107922","targetHints":{"allow":["GET"]}}],"collection":[{"href":"https:\/\/pipat-antiquites.fr\/fr\/wp-json\/wp\/v2\/product"}],"about":[{"href":"https:\/\/pipat-antiquites.fr\/fr\/wp-json\/wp\/v2\/types\/product"}],"wp:featuredmedia":[{"embeddable":true,"href":"https:\/\/pipat-antiquites.fr\/fr\/wp-json\/wp\/v2\/media\/107912"}],"wp:attachment":[{"href":"https:\/\/pipat-antiquites.fr\/fr\/wp-json\/wp\/v2\/media?parent=107922"}],"wp:term":[{"taxonomy":"product_brand","embeddable":true,"href":"https:\/\/pipat-antiquites.fr\/fr\/wp-json\/wp\/v2\/product_brand?post=107922"},{"taxonomy":"product_cat","embeddable":true,"href":"https:\/\/pipat-antiquites.fr\/fr\/wp-json\/wp\/v2\/product_cat?post=107922"},{"taxonomy":"product_tag","embeddable":true,"href":"https:\/\/pipat-antiquites.fr\/fr\/wp-json\/wp\/v2\/product_tag?post=107922"}],"curies":[{"name":"wp","href":"https:\/\/api.w.org\/{rel}","templated":true}]}}