{"id":107452,"date":"2024-11-08T10:35:31","date_gmt":"2024-11-08T09:35:31","guid":{"rendered":"https:\/\/pipat-antiquites.fr\/?post_type=product&#038;p=107452"},"modified":"2024-11-08T10:55:59","modified_gmt":"2024-11-08T09:55:59","slug":"pot-a-tabac-en-bronze-signe-jules-moigniez-1835-1894","status":"publish","type":"product","link":"https:\/\/pipat-antiquites.fr\/fr\/objets\/pot-a-tabac-en-bronze-signe-jules-moigniez-1835-1894\/","title":{"rendered":"Pot \u00e0 tabac en bronze sign\u00e9 Jules Moigniez (1835 &#8211; 1894)"},"content":{"rendered":"<div class=\"wpb-content-wrapper\"><p>[vc_row][vc_column column_width_percent=\u00a0\u00bb100&Prime; gutter_size=\u00a0\u00bb3&Prime; override_padding=\u00a0\u00bbyes\u00a0\u00bb column_padding=\u00a0\u00bb3&Prime; overlay_alpha=\u00a0\u00bb50&Prime; shift_x=\u00a0\u00bb0&Prime; shift_y=\u00a0\u00bb0&Prime; shift_y_down=\u00a0\u00bb0&Prime; z_index=\u00a0\u00bb0&Prime; medium_width=\u00a0\u00bb0&Prime; mobile_width=\u00a0\u00bb0&Prime; width=\u00a0\u00bb1\/1&Prime; uncode_shortcode_id=\u00a0\u00bb198838&Prime;][vc_custom_heading text_weight=\u00a0\u00bb300&Prime; uncode_shortcode_id=\u00a0\u00bb755697&Prime;]<\/p>\n<p class=\"p1\">Pot \u00e0 tabac en bronze sign\u00e9 Jules Moigniez (1835 &#8211; 1894)<\/p>\n<p>[\/vc_custom_heading][vc_column_text uncode_shortcode_id=\u00a0\u00bb119677&Prime;]<\/p>\n<p class=\"p1\">Les \u00e9cureuils ont la f\u00e2cheuse tendance \u00e0 oublier l\u2019endroit o\u00f9 ils ont cach\u00e9 leurs tr\u00e9sors. Celui-ci a pris ses pr\u00e9cautions. Immortalis\u00e9 dans le bronze, la pomme de pin qu\u2019il tient entre ses pattes contient un butin qu\u2019il ne perdra plus ! Quant \u00e0 vous, vous pourrez y d\u00e9poser votre tabac, vos clefs ou des bijoux.<\/p>\n<p class=\"p1\">Ce bronze animalier est sign\u00e9 Jules Moigniez, fameux sculpteur animalier fran\u00e7ais, qui exposa \u00e0 l&rsquo;Exposition universelle de 1855 &#8211; qui lui d\u00e9cerna une mention honorable &#8211; et au Salon de 1859. Cette sculpture d\u00e9corative en bronze est en parfait \u00e9tat.<\/p>\n<ul>\n<li class=\"p1\">Prix de livraison en France m\u00e9tropolitaine : 35\u20ac<\/li>\n<li class=\"p1\">Prix de livraison en Europe : 55\u20ac<\/li>\n<li class=\"p1\">Prix de livraison autres destination : 75\u20ac<\/li>\n<\/ul>\n<p>[\/vc_column_text][\/vc_column][\/vc_row]<\/p>\n<\/div>","protected":false},"excerpt":{"rendered":"<p style=\"text-align: center;\">Petit bronze animalier sign\u00e9 Jules Moigniez, en parfait \u00e9tat.<\/p>\n<p class=\"p1\" style=\"text-align: center;\">Dimensions :<\/p>\n<ul>\n<li class=\"p1\" style=\"text-align: center;\">Hauteur : 13.5 cm<\/li>\n<li class=\"p1\" style=\"text-align: center;\">Diam\u00e8tre : 7.5 cm<\/li>\n<li class=\"p1\" style=\"text-align: center;\">Profondeur : 15 cm<\/li>\n<\/ul>\n","protected":false},"featured_media":107446,"template":"","meta":{"_seopress_robots_primary_cat":"none","_seopress_titles_title":"Pot \u00e0 tabac en bronze sign\u00e9 Jules Moigniez (1835 - 1894)","_seopress_titles_desc":"Petit bronze animalier sign\u00e9 Jules Moigniez, en parfait \u00e9tat.","_seopress_robots_index":"","content-type":""},"product_brand":[],"product_cat":[122,188],"product_tag":[],"class_list":{"0":"post-107452","1":"product","2":"type-product","3":"status-publish","4":"has-post-thumbnail","6":"product_cat-sculptures","7":"product_cat-bronze","8":"product_shipping_class-niveau-2","10":"first","11":"instock","12":"shipping-taxable","13":"purchasable","14":"product-type-simple","15":"add-to-wishlist-after_add_to_cart"},"_links":{"self":[{"href":"https:\/\/pipat-antiquites.fr\/fr\/wp-json\/wp\/v2\/product\/107452","targetHints":{"allow":["GET"]}}],"collection":[{"href":"https:\/\/pipat-antiquites.fr\/fr\/wp-json\/wp\/v2\/product"}],"about":[{"href":"https:\/\/pipat-antiquites.fr\/fr\/wp-json\/wp\/v2\/types\/product"}],"wp:featuredmedia":[{"embeddable":true,"href":"https:\/\/pipat-antiquites.fr\/fr\/wp-json\/wp\/v2\/media\/107446"}],"wp:attachment":[{"href":"https:\/\/pipat-antiquites.fr\/fr\/wp-json\/wp\/v2\/media?parent=107452"}],"wp:term":[{"taxonomy":"product_brand","embeddable":true,"href":"https:\/\/pipat-antiquites.fr\/fr\/wp-json\/wp\/v2\/product_brand?post=107452"},{"taxonomy":"product_cat","embeddable":true,"href":"https:\/\/pipat-antiquites.fr\/fr\/wp-json\/wp\/v2\/product_cat?post=107452"},{"taxonomy":"product_tag","embeddable":true,"href":"https:\/\/pipat-antiquites.fr\/fr\/wp-json\/wp\/v2\/product_tag?post=107452"}],"curies":[{"name":"wp","href":"https:\/\/api.w.org\/{rel}","templated":true}]}}