{"id":107356,"date":"2024-11-04T10:55:14","date_gmt":"2024-11-04T09:55:14","guid":{"rendered":"https:\/\/pipat-antiquites.fr\/?post_type=product&#038;p=107356"},"modified":"2024-11-04T10:58:04","modified_gmt":"2024-11-04T09:58:04","slug":"suite-de-chaises-livia-en-bois-laque-gio-ponti-xxe-siecle","status":"publish","type":"product","link":"https:\/\/pipat-antiquites.fr\/fr\/objets\/suite-de-chaises-livia-en-bois-laque-gio-ponti-xxe-siecle\/","title":{"rendered":"Suite de chaises Livia en bois laqu\u00e9, Gio Ponti, XXe si\u00e8cle"},"content":{"rendered":"<div class=\"wpb-content-wrapper\"><p>[vc_row][vc_column column_width_percent=\u00a0\u00bb100&Prime; gutter_size=\u00a0\u00bb3&Prime; override_padding=\u00a0\u00bbyes\u00a0\u00bb column_padding=\u00a0\u00bb3&Prime; overlay_alpha=\u00a0\u00bb50&Prime; shift_x=\u00a0\u00bb0&Prime; shift_y=\u00a0\u00bb0&Prime; shift_y_down=\u00a0\u00bb0&Prime; z_index=\u00a0\u00bb0&Prime; medium_width=\u00a0\u00bb0&Prime; mobile_width=\u00a0\u00bb0&Prime; width=\u00a0\u00bb1\/1&Prime; uncode_shortcode_id=\u00a0\u00bb171270&Prime;][vc_custom_heading text_weight=\u00a0\u00bb300&Prime; uncode_shortcode_id=\u00a0\u00bb676124&Prime;]<\/p>\n<p class=\"p1\">Suite de chaises Livia en bois laqu\u00e9, Gio Ponti, XXe si\u00e8cle<\/p>\n<p>[\/vc_custom_heading][vc_column_text uncode_shortcode_id=\u00a0\u00bb158464&Prime;]<\/p>\n<p class=\"p1\">Dessin\u00e9 par le c\u00e9l\u00e8bre architecte et designer italien Gio Ponti (1891 &#8211; 1979), le mod\u00e8le Livia est con\u00e7u en 1937 pour meubler la facult\u00e9 de litt\u00e9rature <i>Livianum<\/i> de l&rsquo;Universit\u00e9 de Padoue. Comme pour le Palazzo Montecatini, Gio Ponti est fait laur\u00e9at du concours public annonc\u00e9 par l\u2019Universit\u00e9. Il obtient ainsi, non seulement la conception du Palazzo Liviano, si\u00e8ge de la facult\u00e9 de litt\u00e9ratyure, mais \u00e9galement son ameublement tels que les bancs, les bureaux et les chaises. Ainsi na\u00eet la chaise Livia, caract\u00e9ris\u00e9e par sa structure en bois de h\u00eatre ou de noyer massif et une assise en contreplaqu\u00e9 de h\u00eatre. Rapidement devenue ic\u00f4ne du design italien, cette chaise fut produite pour le public en diff\u00e9rentes versions et couleurs.<\/p>\n<p class=\"p1\">Nous proposons une suite de ces six chaises en parfait \u00e9tat, laqu\u00e9e noir et assise en tissu.<\/p>\n<p>[\/vc_column_text][\/vc_column][\/vc_row]<\/p>\n<\/div>","protected":false},"excerpt":{"rendered":"<p style=\"text-align: center;\">Chaises en bois laqu\u00e9 noir en parfait \u00e9tat.<\/p>\n<p class=\"p1\" style=\"text-align: center;\">Dimensions :<\/p>\n<ul>\n<li class=\"p1\" style=\"text-align: center;\">Hauteur : 84 cm<\/li>\n<li class=\"p1\" style=\"text-align: center;\">Hauteur de l\u2019assise : 48 cm<\/li>\n<li class=\"p1\" style=\"text-align: center;\">Largeur : 45.5 cm<\/li>\n<li class=\"p1\" style=\"text-align: center;\">Profondeur : 42 cm<\/li>\n<\/ul>\n","protected":false},"featured_media":107346,"template":"","meta":{"_seopress_robots_primary_cat":"none","_seopress_titles_title":"Suite de chaises Livia en bois laqu\u00e9, Gio Ponti, XXe si\u00e8cle","_seopress_titles_desc":"Chaises en bois laqu\u00e9 noir en parfait \u00e9tat.","_seopress_robots_index":"","content-type":""},"product_brand":[],"product_cat":[165,69,107],"product_tag":[],"class_list":{"0":"post-107356","1":"product","2":"type-product","3":"status-publish","4":"has-post-thumbnail","6":"product_cat-chaises-et-tabourets","7":"product_cat-mobilier","8":"product_cat-sieges","10":"first","11":"instock","12":"shipping-taxable","13":"product-type-simple","14":"add-to-wishlist-after_add_to_cart"},"_links":{"self":[{"href":"https:\/\/pipat-antiquites.fr\/fr\/wp-json\/wp\/v2\/product\/107356","targetHints":{"allow":["GET"]}}],"collection":[{"href":"https:\/\/pipat-antiquites.fr\/fr\/wp-json\/wp\/v2\/product"}],"about":[{"href":"https:\/\/pipat-antiquites.fr\/fr\/wp-json\/wp\/v2\/types\/product"}],"wp:featuredmedia":[{"embeddable":true,"href":"https:\/\/pipat-antiquites.fr\/fr\/wp-json\/wp\/v2\/media\/107346"}],"wp:attachment":[{"href":"https:\/\/pipat-antiquites.fr\/fr\/wp-json\/wp\/v2\/media?parent=107356"}],"wp:term":[{"taxonomy":"product_brand","embeddable":true,"href":"https:\/\/pipat-antiquites.fr\/fr\/wp-json\/wp\/v2\/product_brand?post=107356"},{"taxonomy":"product_cat","embeddable":true,"href":"https:\/\/pipat-antiquites.fr\/fr\/wp-json\/wp\/v2\/product_cat?post=107356"},{"taxonomy":"product_tag","embeddable":true,"href":"https:\/\/pipat-antiquites.fr\/fr\/wp-json\/wp\/v2\/product_tag?post=107356"}],"curies":[{"name":"wp","href":"https:\/\/api.w.org\/{rel}","templated":true}]}}