{"id":107329,"date":"2024-10-24T10:06:06","date_gmt":"2024-10-24T08:06:06","guid":{"rendered":"https:\/\/pipat-antiquites.fr\/?post_type=product&#038;p=107329"},"modified":"2026-01-24T18:55:11","modified_gmt":"2026-01-24T17:55:11","slug":"potiche-chinoise-vase-couvert-en-ceramique-emaillee-chine-xix-19-siecle","status":"publish","type":"product","link":"https:\/\/pipat-antiquites.fr\/fr\/objets\/potiche-chinoise-vase-couvert-en-ceramique-emaillee-chine-xix-19-siecle\/","title":{"rendered":"Vase couvert en c\u00e9ramique \u00e9maill\u00e9e. Chine, XIXe si\u00e8cle"},"content":{"rendered":"<div class=\"wpb-content-wrapper\"><p>[vc_row][vc_column column_width_percent=\u00a0\u00bb100&Prime; gutter_size=\u00a0\u00bb3&Prime; override_padding=\u00a0\u00bbyes\u00a0\u00bb column_padding=\u00a0\u00bb3&Prime; overlay_alpha=\u00a0\u00bb50&Prime; shift_x=\u00a0\u00bb0&Prime; shift_y=\u00a0\u00bb0&Prime; shift_y_down=\u00a0\u00bb0&Prime; z_index=\u00a0\u00bb0&Prime; medium_width=\u00a0\u00bb0&Prime; mobile_width=\u00a0\u00bb0&Prime; width=\u00a0\u00bb1\/1&Prime; uncode_shortcode_id=\u00a0\u00bb310212&Prime;][vc_custom_heading text_weight=\u00a0\u00bb300&Prime; uncode_shortcode_id=\u00a0\u00bb153448&Prime;]Vase couvert en c\u00e9ramique \u00e9maill\u00e9e. Chine, XIXe si\u00e8cle<span class=\"Apple-converted-space\">\u00a0<\/span>[\/vc_custom_heading][vc_column_text uncode_shortcode_id=\u00a0\u00bb807283&Prime;]Ravissant vase couvert chinois en c\u00e9ramique \u00e9maill\u00e9e \u00e0 fond vert et d\u00e9cor floral. L\u2019ensemble tr\u00e8s d\u00e9coratif est en parfait \u00e9tat.<\/p>\n<ul>\n<li>Prix de livraison en France m\u00e9tropolitaine : 75\u20ac<\/li>\n<li>Prix de livraison en Europe : 115\u20ac<\/li>\n<li>Prix de livraison autres destination : 175\u20ac<\/li>\n<\/ul>\n<p>[\/vc_column_text][\/vc_column][\/vc_row]<\/p>\n<\/div>","protected":false},"excerpt":{"rendered":"<p style=\"text-align: center;\">Ravissante c\u00e9ramique chinoise en parfait \u00e9tat.<\/p>\n<p style=\"text-align: center;\">Dimensions :<\/p>\n<ul>\n<li style=\"text-align: center;\">Hauteur : 33 cm \/ 27 cm sans le couvercle<span class=\"Apple-converted-space\">\u00a0<\/span><\/li>\n<li style=\"text-align: center;\">Largeur : 23 cm<\/li>\n<li style=\"text-align: center;\">Profondeur : 17 cm<span class=\"Apple-converted-space\">\u00a0<\/span><\/li>\n<\/ul>\n","protected":false},"featured_media":107325,"template":"","meta":{"_seopress_robots_primary_cat":"none","_seopress_titles_title":"Vase couvert en c\u00e9ramique \u00e9maill\u00e9e. Chine, XIXe si\u00e8cle","_seopress_titles_desc":"Ravissante c\u00e9ramique chinoise en parfait \u00e9tat.","_seopress_robots_index":"","content-type":""},"product_brand":[],"product_cat":[76,114,115,218,219,319],"product_tag":[],"class_list":{"0":"post-107329","1":"product","2":"type-product","3":"status-publish","4":"has-post-thumbnail","6":"product_cat-objets","7":"product_cat-arts-decoratifs","8":"product_cat-ceramique","9":"product_cat-ceramiques-et-ceramiques-vernissees","10":"product_cat-vases-et-objets-decoratifs-en-faience","11":"product_cat-vases","12":"product_shipping_class-niveau-3","14":"first","15":"outofstock","16":"shipping-taxable","17":"purchasable","18":"product-type-simple","19":"add-to-wishlist-after_add_to_cart"},"_links":{"self":[{"href":"https:\/\/pipat-antiquites.fr\/fr\/wp-json\/wp\/v2\/product\/107329","targetHints":{"allow":["GET"]}}],"collection":[{"href":"https:\/\/pipat-antiquites.fr\/fr\/wp-json\/wp\/v2\/product"}],"about":[{"href":"https:\/\/pipat-antiquites.fr\/fr\/wp-json\/wp\/v2\/types\/product"}],"wp:featuredmedia":[{"embeddable":true,"href":"https:\/\/pipat-antiquites.fr\/fr\/wp-json\/wp\/v2\/media\/107325"}],"wp:attachment":[{"href":"https:\/\/pipat-antiquites.fr\/fr\/wp-json\/wp\/v2\/media?parent=107329"}],"wp:term":[{"taxonomy":"product_brand","embeddable":true,"href":"https:\/\/pipat-antiquites.fr\/fr\/wp-json\/wp\/v2\/product_brand?post=107329"},{"taxonomy":"product_cat","embeddable":true,"href":"https:\/\/pipat-antiquites.fr\/fr\/wp-json\/wp\/v2\/product_cat?post=107329"},{"taxonomy":"product_tag","embeddable":true,"href":"https:\/\/pipat-antiquites.fr\/fr\/wp-json\/wp\/v2\/product_tag?post=107329"}],"curies":[{"name":"wp","href":"https:\/\/api.w.org\/{rel}","templated":true}]}}