{"id":107201,"date":"2024-10-11T11:20:47","date_gmt":"2024-10-11T09:20:47","guid":{"rendered":"https:\/\/pipat-antiquites.fr\/?post_type=product&#038;p=107201"},"modified":"2024-10-11T11:20:48","modified_gmt":"2024-10-11T09:20:48","slug":"grand-portrait-de-labbe-duburg-cure-de-saint-michel-a-bordeaux-signe-celeste-mingaud-xix-19-siecle","status":"publish","type":"product","link":"https:\/\/pipat-antiquites.fr\/fr\/objets\/grand-portrait-de-labbe-duburg-cure-de-saint-michel-a-bordeaux-signe-celeste-mingaud-xix-19-siecle\/","title":{"rendered":"Grand portrait de l\u2019abb\u00e9 Duburg, cur\u00e9 de Saint-Michel \u00e0 Bordeaux, sign\u00e9 C\u00e9leste Mingaud, XIXe si\u00e8cle"},"content":{"rendered":"<div class=\"wpb-content-wrapper\"><p>[vc_row][vc_column column_width_percent=\u00a0\u00bb100&Prime; gutter_size=\u00a0\u00bb3&Prime; override_padding=\u00a0\u00bbyes\u00a0\u00bb column_padding=\u00a0\u00bb3&Prime; overlay_alpha=\u00a0\u00bb50&Prime; shift_x=\u00a0\u00bb0&Prime; shift_y=\u00a0\u00bb0&Prime; shift_y_down=\u00a0\u00bb0&Prime; z_index=\u00a0\u00bb0&Prime; medium_width=\u00a0\u00bb0&Prime; mobile_width=\u00a0\u00bb0&Prime; width=\u00a0\u00bb1\/1&Prime; uncode_shortcode_id=\u00a0\u00bb213449&Prime;][vc_custom_heading text_weight=\u00a0\u00bb300&Prime; uncode_shortcode_id=\u00a0\u00bb190402&Prime;]<\/p>\n<p class=\"p1\">Grand portrait de l\u2019abb\u00e9 Duburg, cur\u00e9 de Saint-Michel \u00e0 Bordeaux, sign\u00e9 C\u00e9leste Mingaud, XIXe si\u00e8cle<\/p>\n<p>[\/vc_custom_heading][vc_column_text uncode_shortcode_id=\u00a0\u00bb130498&Prime;]<\/p>\n<p class=\"p1\">Peintre bordelaise de la moyenne et de la grande bourgeoisie, Mademoiselle C\u00e9leste Mingaud (1816 &#8211; ?) est l\u2019auteure de ce portrait de l&rsquo;abb\u00e9 Duburg, cur\u00e9 de St Michel (dont on aper\u00e7oit l\u2019architecture derri\u00e8re lui). Ce tableau est l\u2019original qui servit de mod\u00e8le aux lithographies bien connues de cet abb\u00e9. Cette huile sur toile est en tr\u00e8s bon \u00e9tat, mais la date est illisible.<\/p>\n<p>[\/vc_column_text][\/vc_column][\/vc_row]<\/p>\n<\/div>","protected":false},"excerpt":{"rendered":"<p style=\"text-align: center;\">Portrait en tr\u00e8s bon \u00e9tat, sign\u00e9 d&rsquo;une peintre bordelaise de la premi\u00e8re moiti\u00e9 du XIXe si\u00e8cle.<\/p>\n<p class=\"p1\" style=\"text-align: center;\">Dimensions :<\/p>\n<ul>\n<li class=\"p1\" style=\"text-align: center;\">Hauteur : 172 cm<\/li>\n<li class=\"p1\" style=\"text-align: center;\">Largeur : 130 cm<\/li>\n<li class=\"p1\" style=\"text-align: center;\">Profondeur : 4 cm<\/li>\n<\/ul>\n","protected":false},"featured_media":107194,"template":"","meta":{"_seopress_robots_primary_cat":"","_seopress_titles_title":"Grand portrait de l\u2019abb\u00e9 Duburg, cur\u00e9 de Saint-Michel \u00e0 Bordeaux, sign\u00e9 C\u00e9leste Mingaud, XIXe si\u00e8cle","_seopress_titles_desc":"Portrait en tr\u00e8s bon \u00e9tat, sign\u00e9 d'une peintre bordelaise de la premi\u00e8re moiti\u00e9 du XIXe si\u00e8cle.","_seopress_robots_index":"","content-type":""},"product_brand":[],"product_cat":[77,121,184,185],"product_tag":[],"class_list":{"0":"post-107201","1":"product","2":"type-product","3":"status-publish","4":"has-post-thumbnail","6":"product_cat-beaux-arts","7":"product_cat-peintures-et-tableaux","8":"product_cat-portraits","9":"product_cat-religieux","11":"first","12":"instock","13":"shipping-taxable","14":"product-type-simple","15":"add-to-wishlist-after_add_to_cart"},"_links":{"self":[{"href":"https:\/\/pipat-antiquites.fr\/fr\/wp-json\/wp\/v2\/product\/107201","targetHints":{"allow":["GET"]}}],"collection":[{"href":"https:\/\/pipat-antiquites.fr\/fr\/wp-json\/wp\/v2\/product"}],"about":[{"href":"https:\/\/pipat-antiquites.fr\/fr\/wp-json\/wp\/v2\/types\/product"}],"wp:featuredmedia":[{"embeddable":true,"href":"https:\/\/pipat-antiquites.fr\/fr\/wp-json\/wp\/v2\/media\/107194"}],"wp:attachment":[{"href":"https:\/\/pipat-antiquites.fr\/fr\/wp-json\/wp\/v2\/media?parent=107201"}],"wp:term":[{"taxonomy":"product_brand","embeddable":true,"href":"https:\/\/pipat-antiquites.fr\/fr\/wp-json\/wp\/v2\/product_brand?post=107201"},{"taxonomy":"product_cat","embeddable":true,"href":"https:\/\/pipat-antiquites.fr\/fr\/wp-json\/wp\/v2\/product_cat?post=107201"},{"taxonomy":"product_tag","embeddable":true,"href":"https:\/\/pipat-antiquites.fr\/fr\/wp-json\/wp\/v2\/product_tag?post=107201"}],"curies":[{"name":"wp","href":"https:\/\/api.w.org\/{rel}","templated":true}]}}