{"id":107123,"date":"2024-10-10T11:17:25","date_gmt":"2024-10-10T09:17:25","guid":{"rendered":"https:\/\/pipat-antiquites.fr\/?post_type=product&#038;p=107123"},"modified":"2024-10-10T11:19:45","modified_gmt":"2024-10-10T09:19:45","slug":"bol-a-punch-art-deco-en-metal-argente-xxe-20-siecle","status":"publish","type":"product","link":"https:\/\/pipat-antiquites.fr\/fr\/objets\/bol-a-punch-art-deco-en-metal-argente-xxe-20-siecle\/","title":{"rendered":"Bol \u00e0 punch Art D\u00e9co en m\u00e9tal argent\u00e9, XXe si\u00e8cle"},"content":{"rendered":"<div class=\"wpb-content-wrapper\"><p>[vc_row][vc_column column_width_percent=\u00a0\u00bb100&Prime; gutter_size=\u00a0\u00bb3&Prime; override_padding=\u00a0\u00bbyes\u00a0\u00bb column_padding=\u00a0\u00bb3&Prime; overlay_alpha=\u00a0\u00bb50&Prime; shift_x=\u00a0\u00bb0&Prime; shift_y=\u00a0\u00bb0&Prime; shift_y_down=\u00a0\u00bb0&Prime; z_index=\u00a0\u00bb0&Prime; medium_width=\u00a0\u00bb0&Prime; mobile_width=\u00a0\u00bb0&Prime; width=\u00a0\u00bb1\/1&Prime; uncode_shortcode_id=\u00a0\u00bb621596&Prime;][vc_custom_heading text_weight=\u00a0\u00bb300&Prime; uncode_shortcode_id=\u00a0\u00bb112230&Prime;]<\/p>\n<p class=\"p1\">Bol \u00e0 punch Art D\u00e9co en m\u00e9tal argent\u00e9, XXe si\u00e8cle<\/p>\n<p>[\/vc_custom_heading][vc_column_text uncode_shortcode_id=\u00a0\u00bb190465&Prime;]<\/p>\n<p class=\"p1\">Bol \u00e0 punch en bon \u00e9tat, dans le go\u00fbt Art D\u00e9co. Simple et \u00e9l\u00e9gant, ses anses formes des cols de cygne. L\u2019ensemble s\u2019\u00e9l\u00e8ve sur un pi\u00e9douche. Traces d\u2019usure, vendu en l\u2019\u00e9tat.<\/p>\n<ul>\n<li class=\"p1\">Prix de livraison en France m\u00e9tropolitaine : 15\u20ac<\/li>\n<li class=\"p1\">Prix de livraison en Europe : 35\u20ac<\/li>\n<li class=\"p1\">Prix de livraison autres destination : 55\u20ac<\/li>\n<\/ul>\n<p>[\/vc_column_text][\/vc_column][\/vc_row]<\/p>\n<\/div>","protected":false},"excerpt":{"rendered":"<p style=\"text-align: center;\">Pi\u00e8ce de forme en bon \u00e9tat pour r\u00e9ception \u00e9l\u00e9gante. Traces d&rsquo;usure, voir les photographies.<\/p>\n<p class=\"p1\" style=\"text-align: center;\">Dimensions :<\/p>\n<ul>\n<li class=\"p1\" style=\"text-align: center;\">Hauteur : 28 cm<\/li>\n<li class=\"p1\" style=\"text-align: center;\">Largeur : 35 cm<\/li>\n<li class=\"p1\" style=\"text-align: center;\">Profondeur : 27.5 cm<\/li>\n<\/ul>\n","protected":false},"featured_media":107107,"template":"","meta":{"_seopress_robots_primary_cat":"none","_seopress_titles_title":"Bol \u00e0 punch Art D\u00e9co en m\u00e9tal argent\u00e9, XXe si\u00e8cle","_seopress_titles_desc":"Pi\u00e8ce de forme en bon \u00e9tat pour r\u00e9ception \u00e9l\u00e9gante. Traces d'usure, voir les photographies.","_seopress_robots_index":"","content-type":""},"product_brand":[],"product_cat":[15],"product_tag":[],"class_list":{"0":"post-107123","1":"product","2":"type-product","3":"status-publish","4":"has-post-thumbnail","6":"product_cat-non-classe","7":"product_shipping_class-niveau-1","9":"first","10":"instock","11":"shipping-taxable","12":"purchasable","13":"product-type-simple","14":"add-to-wishlist-after_add_to_cart"},"_links":{"self":[{"href":"https:\/\/pipat-antiquites.fr\/fr\/wp-json\/wp\/v2\/product\/107123","targetHints":{"allow":["GET"]}}],"collection":[{"href":"https:\/\/pipat-antiquites.fr\/fr\/wp-json\/wp\/v2\/product"}],"about":[{"href":"https:\/\/pipat-antiquites.fr\/fr\/wp-json\/wp\/v2\/types\/product"}],"wp:featuredmedia":[{"embeddable":true,"href":"https:\/\/pipat-antiquites.fr\/fr\/wp-json\/wp\/v2\/media\/107107"}],"wp:attachment":[{"href":"https:\/\/pipat-antiquites.fr\/fr\/wp-json\/wp\/v2\/media?parent=107123"}],"wp:term":[{"taxonomy":"product_brand","embeddable":true,"href":"https:\/\/pipat-antiquites.fr\/fr\/wp-json\/wp\/v2\/product_brand?post=107123"},{"taxonomy":"product_cat","embeddable":true,"href":"https:\/\/pipat-antiquites.fr\/fr\/wp-json\/wp\/v2\/product_cat?post=107123"},{"taxonomy":"product_tag","embeddable":true,"href":"https:\/\/pipat-antiquites.fr\/fr\/wp-json\/wp\/v2\/product_tag?post=107123"}],"curies":[{"name":"wp","href":"https:\/\/api.w.org\/{rel}","templated":true}]}}