{"id":107069,"date":"2024-09-30T15:10:44","date_gmt":"2024-09-30T13:10:44","guid":{"rendered":"https:\/\/pipat-antiquites.fr\/?post_type=product&#038;p=107069"},"modified":"2024-09-30T15:15:25","modified_gmt":"2024-09-30T13:15:25","slug":"piece-atelier-vase-en-biscuit-de-faience-partiellement-emaille-xx-20-siecle","status":"publish","type":"product","link":"https:\/\/pipat-antiquites.fr\/fr\/objets\/piece-atelier-vase-en-biscuit-de-faience-partiellement-emaille-xx-20-siecle\/","title":{"rendered":"Vase en biscuit de fa\u00efence partiellement \u00e9maill\u00e9, XXe si\u00e8cle"},"content":{"rendered":"<div class=\"wpb-content-wrapper\"><p>[vc_row][vc_column column_width_percent=\u00a0\u00bb100&Prime; gutter_size=\u00a0\u00bb3&Prime; override_padding=\u00a0\u00bbyes\u00a0\u00bb column_padding=\u00a0\u00bb3&Prime; overlay_alpha=\u00a0\u00bb50&Prime; shift_x=\u00a0\u00bb0&Prime; shift_y=\u00a0\u00bb0&Prime; shift_y_down=\u00a0\u00bb0&Prime; z_index=\u00a0\u00bb0&Prime; medium_width=\u00a0\u00bb0&Prime; mobile_width=\u00a0\u00bb0&Prime; width=\u00a0\u00bb1\/1&Prime; uncode_shortcode_id=\u00a0\u00bb865514&Prime;][vc_custom_heading text_weight=\u00a0\u00bb300&Prime; uncode_shortcode_id=\u00a0\u00bb182718&Prime;]<\/p>\n<p class=\"p1\">Vase en biscuit de fa\u00efence partiellement \u00e9maill\u00e9, XXe si\u00e8cle<\/p>\n<p>[\/vc_custom_heading][vc_column_text uncode_shortcode_id=\u00a0\u00bb100179&Prime;]<\/p>\n<p class=\"p1\">Ravissant petit vase chinois, en tr\u00e8s bon \u00e9tat, dont l\u2019originalit\u00e9 tient \u00e0 son \u00e9maillage partiel. La pi\u00e8ce en biscuit \u00e0 d\u00e9cor de dragons et d\u2019Immortels semble ainsi \u00eatre une pi\u00e8ce d\u2019atelier, peut-\u00eatre utilis\u00e9 par l\u2019artisan pour des essais de sculpture ou d\u2019\u00e9maillage.<\/p>\n<ul>\n<li class=\"p1\">Prix de livraison en France m\u00e9tropolitaine : 35\u20ac<\/li>\n<li class=\"p1\">Prix de livraison en Europe : 55\u20ac<\/li>\n<li class=\"p1\">Prix de livraison autres destination : 75\u20ac<\/li>\n<\/ul>\n<p>[\/vc_column_text][\/vc_column][\/vc_row]<\/p>\n<\/div>","protected":false},"excerpt":{"rendered":"<p style=\"text-align: center;\">Rare pi\u00e8ce d&rsquo;atelier laiss\u00e9e inachev\u00e9e ou support d&rsquo;exp\u00e9rimentations du fa\u00efencier.<\/p>\n<p class=\"p1\" style=\"text-align: center;\">Dimensions :<\/p>\n<ul>\n<li class=\"p1\" style=\"text-align: center;\">Hauteur : 21 cm<\/li>\n<li class=\"p1\" style=\"text-align: center;\">Largeur : 13 cm<\/li>\n<li class=\"p1\" style=\"text-align: center;\">Profondeur : 9 cm<\/li>\n<\/ul>\n","protected":false},"featured_media":107067,"template":"","meta":{"_seopress_robots_primary_cat":"none","_seopress_titles_title":"Vase en biscuit de fa\u00efence partiellement \u00e9maill\u00e9, XXe si\u00e8cle","_seopress_titles_desc":"Rare pi\u00e8ce d'atelier laiss\u00e9e inachev\u00e9e ou support d'exp\u00e9rimentations du fa\u00efencier.","_seopress_robots_index":"","content-type":""},"product_brand":[],"product_cat":[118,218,219,231,76,115],"product_tag":[],"class_list":{"0":"post-107069","1":"product","2":"type-product","3":"status-publish","4":"has-post-thumbnail","6":"product_cat-objets-de-collection","7":"product_cat-ceramiques-et-ceramiques-vernissees","8":"product_cat-vases-et-objets-decoratifs-en-faience","9":"product_cat-objets-de-curiosite","10":"product_cat-objets","11":"product_cat-ceramique","12":"product_shipping_class-niveau-2","14":"first","15":"instock","16":"shipping-taxable","17":"purchasable","18":"product-type-simple","19":"add-to-wishlist-after_add_to_cart"},"_links":{"self":[{"href":"https:\/\/pipat-antiquites.fr\/fr\/wp-json\/wp\/v2\/product\/107069","targetHints":{"allow":["GET"]}}],"collection":[{"href":"https:\/\/pipat-antiquites.fr\/fr\/wp-json\/wp\/v2\/product"}],"about":[{"href":"https:\/\/pipat-antiquites.fr\/fr\/wp-json\/wp\/v2\/types\/product"}],"wp:featuredmedia":[{"embeddable":true,"href":"https:\/\/pipat-antiquites.fr\/fr\/wp-json\/wp\/v2\/media\/107067"}],"wp:attachment":[{"href":"https:\/\/pipat-antiquites.fr\/fr\/wp-json\/wp\/v2\/media?parent=107069"}],"wp:term":[{"taxonomy":"product_brand","embeddable":true,"href":"https:\/\/pipat-antiquites.fr\/fr\/wp-json\/wp\/v2\/product_brand?post=107069"},{"taxonomy":"product_cat","embeddable":true,"href":"https:\/\/pipat-antiquites.fr\/fr\/wp-json\/wp\/v2\/product_cat?post=107069"},{"taxonomy":"product_tag","embeddable":true,"href":"https:\/\/pipat-antiquites.fr\/fr\/wp-json\/wp\/v2\/product_tag?post=107069"}],"curies":[{"name":"wp","href":"https:\/\/api.w.org\/{rel}","templated":true}]}}