{"id":106963,"date":"2024-09-20T11:46:52","date_gmt":"2024-09-20T09:46:52","guid":{"rendered":"https:\/\/pipat-antiquites.fr\/?post_type=product&#038;p=106963"},"modified":"2024-12-01T19:26:16","modified_gmt":"2024-12-01T18:26:16","slug":"paire-de-fauteuils-anciens-paquebot-art-deco-xx-20-siecle","status":"publish","type":"product","link":"https:\/\/pipat-antiquites.fr\/fr\/objets\/paire-de-fauteuils-anciens-paquebot-art-deco-xx-20-siecle\/","title":{"rendered":"Paire de fauteuils Paquebot \/ Art D\u00e9co, XXe si\u00e8cle"},"content":{"rendered":"<div class=\"wpb-content-wrapper\"><p>[vc_row][vc_column width=\u00a0\u00bb1\/1&Prime;][vc_custom_heading text_weight=\u00a0\u00bb300&Prime; uncode_shortcode_id=\u00a0\u00bb321892&Prime;]<\/p>\n<p class=\"p1\">Paire de fauteuils Paquebot \/ Art D\u00e9co, XXe si\u00e8cle<\/p>\n<p>[\/vc_custom_heading][\/vc_column][\/vc_row]<\/p>\n<\/div>","protected":false},"excerpt":{"rendered":"<p style=\"text-align: center;\">Tr\u00e8s beaux fauteuils, confortables et en parfait \u00e9tat.<\/p>\n<p class=\"p1\" style=\"text-align: center;\">Dimensions :<\/p>\n<ul>\n<li class=\"p1\" style=\"text-align: center;\">Hauteur : 81 cm<\/li>\n<li class=\"p1\" style=\"text-align: center;\">Hauteur assise : 33 cm<\/li>\n<li class=\"p1\" style=\"text-align: center;\">Largeur : 65 cm<\/li>\n<li class=\"p1\" style=\"text-align: center;\">Profondeur : 81 cm<\/li>\n<\/ul>\n","protected":false},"featured_media":106957,"template":"","meta":{"_seopress_robots_primary_cat":"none","_seopress_titles_title":"Paire de fauteuils Paquebot \/ Art D\u00e9co, XXe si\u00e8cle","_seopress_titles_desc":"Tr\u00e8s beaux fauteuils, confortables et en parfait \u00e9tat.","_seopress_robots_index":"","content-type":""},"product_brand":[],"product_cat":[69,107,166],"product_tag":[],"class_list":{"0":"post-106963","1":"product","2":"type-product","3":"status-publish","4":"has-post-thumbnail","6":"product_cat-mobilier","7":"product_cat-sieges","8":"product_cat-fauteuils","10":"first","11":"outofstock","12":"shipping-taxable","13":"product-type-simple","14":"add-to-wishlist-after_add_to_cart"},"_links":{"self":[{"href":"https:\/\/pipat-antiquites.fr\/fr\/wp-json\/wp\/v2\/product\/106963","targetHints":{"allow":["GET"]}}],"collection":[{"href":"https:\/\/pipat-antiquites.fr\/fr\/wp-json\/wp\/v2\/product"}],"about":[{"href":"https:\/\/pipat-antiquites.fr\/fr\/wp-json\/wp\/v2\/types\/product"}],"wp:featuredmedia":[{"embeddable":true,"href":"https:\/\/pipat-antiquites.fr\/fr\/wp-json\/wp\/v2\/media\/106957"}],"wp:attachment":[{"href":"https:\/\/pipat-antiquites.fr\/fr\/wp-json\/wp\/v2\/media?parent=106963"}],"wp:term":[{"taxonomy":"product_brand","embeddable":true,"href":"https:\/\/pipat-antiquites.fr\/fr\/wp-json\/wp\/v2\/product_brand?post=106963"},{"taxonomy":"product_cat","embeddable":true,"href":"https:\/\/pipat-antiquites.fr\/fr\/wp-json\/wp\/v2\/product_cat?post=106963"},{"taxonomy":"product_tag","embeddable":true,"href":"https:\/\/pipat-antiquites.fr\/fr\/wp-json\/wp\/v2\/product_tag?post=106963"}],"curies":[{"name":"wp","href":"https:\/\/api.w.org\/{rel}","templated":true}]}}