{"id":106890,"date":"2024-09-17T09:25:29","date_gmt":"2024-09-17T07:25:29","guid":{"rendered":"https:\/\/pipat-antiquites.fr\/?post_type=product&#038;p=106890"},"modified":"2024-09-17T09:27:47","modified_gmt":"2024-09-17T07:27:47","slug":"paysage-de-corse-signe-f-francois-corbellini-1863-1943","status":"publish","type":"product","link":"https:\/\/pipat-antiquites.fr\/fr\/objets\/paysage-de-corse-signe-f-francois-corbellini-1863-1943\/","title":{"rendered":"Paysage de Corse sign\u00e9 F. (Fran\u00e7ois) Corbellini (1863 &#8211; 1943)"},"content":{"rendered":"<div class=\"wpb-content-wrapper\"><p>[vc_row][vc_column column_width_percent=\u00a0\u00bb100&Prime; gutter_size=\u00a0\u00bb3&Prime; override_padding=\u00a0\u00bbyes\u00a0\u00bb column_padding=\u00a0\u00bb3&Prime; overlay_alpha=\u00a0\u00bb50&Prime; shift_x=\u00a0\u00bb0&Prime; shift_y=\u00a0\u00bb0&Prime; shift_y_down=\u00a0\u00bb0&Prime; z_index=\u00a0\u00bb0&Prime; medium_width=\u00a0\u00bb0&Prime; mobile_width=\u00a0\u00bb0&Prime; width=\u00a0\u00bb1\/1&Prime; uncode_shortcode_id=\u00a0\u00bb647992&Prime;][vc_custom_heading text_weight=\u00a0\u00bb300&Prime; uncode_shortcode_id=\u00a0\u00bb190841&Prime;]<\/p>\n<p class=\"p1\">Paysage de Corse sign\u00e9 F. (Fran\u00e7ois) Corbellini (1863 &#8211; 1943)<\/p>\n<p>[\/vc_custom_heading][vc_column_text uncode_shortcode_id=\u00a0\u00bb104193&Prime;]<\/p>\n<p class=\"p1\">Fran\u00e7ois Corbellini est aujourd\u2019hui connu comme le pilier de l\u2019\u00e9cole d\u2019Ajaccio. Il arpenta sa vie durant les paysages corses qu\u2019il aimait tant afin d\u2019en saisir les subtilit\u00e9s et les nuances toujours changeantes. Form\u00e9 par Jean-L\u00e9on G\u00e9rome et Gustave Moreau \u00e0 Paris, le peintre quitte la capitale pour rejoindre l\u2019\u00eele de beaut\u00e9 qu\u2019il ne quittera plus. Ses aquarelles et ses huiles sur toile sont tant appr\u00e9ci\u00e9es qu\u2019elles participent \u00e0 la promotion de l\u2019\u00eele aupr\u00e8s de la m\u00e9tropole. Fran\u00e7ois Corbellini, tr\u00e8s attach\u00e9 \u00e0 son village de Piana, au nord d\u2019Ajaccio, s\u2019y \u00e9teint en 1943.<\/p>\n<ul>\n<li class=\"p1\">Prix de livraison en France m\u00e9tropolitaine : 15\u20ac<\/li>\n<li class=\"p1\">Prix de livraison en Europe : 35\u20ac<\/li>\n<li class=\"p1\">Prix de livraison autres destination : 55\u20ac<\/li>\n<\/ul>\n<p>[\/vc_column_text][\/vc_column][\/vc_row]<\/p>\n<\/div>","protected":false},"excerpt":{"rendered":"<p style=\"text-align: center;\">Huile sur toile en tr\u00e8s bon \u00e9tat.<\/p>\n<p class=\"p1\" style=\"text-align: center;\">Dimensions avec cadre :<\/p>\n<ul>\n<li class=\"p1\" style=\"text-align: center;\">Hauteur : 18 cm<\/li>\n<li class=\"p1\" style=\"text-align: center;\">Longueur : 27.5 cm<\/li>\n<li class=\"p1\" style=\"text-align: center;\">Profondeur : 2 cm<\/li>\n<\/ul>\n","protected":false},"featured_media":106882,"template":"","meta":{"_seopress_robots_primary_cat":"none","_seopress_titles_title":"Paysage de Corse sign\u00e9 F. (Fran\u00e7ois) Corbellini (1863 - 1943)","_seopress_titles_desc":"Huile sur toile en tr\u00e8s bon \u00e9tat.","_seopress_robots_index":"","content-type":""},"product_brand":[],"product_cat":[77,121,182],"product_tag":[],"class_list":{"0":"post-106890","1":"product","2":"type-product","3":"status-publish","4":"has-post-thumbnail","6":"product_cat-beaux-arts","7":"product_cat-peintures-et-tableaux","8":"product_cat-paysages","9":"product_shipping_class-niveau-1","11":"first","12":"instock","13":"shipping-taxable","14":"purchasable","15":"product-type-simple","16":"add-to-wishlist-after_add_to_cart"},"_links":{"self":[{"href":"https:\/\/pipat-antiquites.fr\/fr\/wp-json\/wp\/v2\/product\/106890","targetHints":{"allow":["GET"]}}],"collection":[{"href":"https:\/\/pipat-antiquites.fr\/fr\/wp-json\/wp\/v2\/product"}],"about":[{"href":"https:\/\/pipat-antiquites.fr\/fr\/wp-json\/wp\/v2\/types\/product"}],"wp:featuredmedia":[{"embeddable":true,"href":"https:\/\/pipat-antiquites.fr\/fr\/wp-json\/wp\/v2\/media\/106882"}],"wp:attachment":[{"href":"https:\/\/pipat-antiquites.fr\/fr\/wp-json\/wp\/v2\/media?parent=106890"}],"wp:term":[{"taxonomy":"product_brand","embeddable":true,"href":"https:\/\/pipat-antiquites.fr\/fr\/wp-json\/wp\/v2\/product_brand?post=106890"},{"taxonomy":"product_cat","embeddable":true,"href":"https:\/\/pipat-antiquites.fr\/fr\/wp-json\/wp\/v2\/product_cat?post=106890"},{"taxonomy":"product_tag","embeddable":true,"href":"https:\/\/pipat-antiquites.fr\/fr\/wp-json\/wp\/v2\/product_tag?post=106890"}],"curies":[{"name":"wp","href":"https:\/\/api.w.org\/{rel}","templated":true}]}}