{"id":106836,"date":"2024-09-16T09:55:33","date_gmt":"2024-09-16T07:55:33","guid":{"rendered":"https:\/\/pipat-antiquites.fr\/?post_type=product&#038;p=106836"},"modified":"2024-09-16T09:58:16","modified_gmt":"2024-09-16T07:58:16","slug":"modelisme-militaire-artillerie-armee-maquette-dun-canon-xx-20-siecle","status":"publish","type":"product","link":"https:\/\/pipat-antiquites.fr\/fr\/objets\/modelisme-militaire-artillerie-armee-maquette-dun-canon-xx-20-siecle\/","title":{"rendered":"Maquette d\u2019un canon, XXe si\u00e8cle"},"content":{"rendered":"<div class=\"wpb-content-wrapper\"><p>[vc_row][vc_column column_width_percent=\u00a0\u00bb100&Prime; gutter_size=\u00a0\u00bb3&Prime; override_padding=\u00a0\u00bbyes\u00a0\u00bb column_padding=\u00a0\u00bb3&Prime; overlay_alpha=\u00a0\u00bb50&Prime; shift_x=\u00a0\u00bb0&Prime; shift_y=\u00a0\u00bb0&Prime; shift_y_down=\u00a0\u00bb0&Prime; z_index=\u00a0\u00bb0&Prime; medium_width=\u00a0\u00bb0&Prime; mobile_width=\u00a0\u00bb0&Prime; width=\u00a0\u00bb1\/1&Prime; uncode_shortcode_id=\u00a0\u00bb130442&Prime;][vc_custom_heading text_weight=\u00a0\u00bb300&Prime; uncode_shortcode_id=\u00a0\u00bb196826&Prime;]<\/p>\n<p class=\"p1\">Maquette d\u2019un canon, XXe si\u00e8cle<\/p>\n<p>[\/vc_custom_heading][vc_column_text uncode_shortcode_id=\u00a0\u00bb602563&Prime;]<\/p>\n<p class=\"p1\">Belle maquette d\u2019un canon en fonte et bois, le m\u00e9canisme de fixation du canon fonctionne. L\u2019ensemble complet est en tr\u00e8s bon \u00e9tat.<\/p>\n<ul>\n<li class=\"p1\">Prix de livraison en France m\u00e9tropolitaine : 15\u20ac<\/li>\n<li class=\"p1\">Prix de livraison en Europe : 35\u20ac<\/li>\n<li class=\"p1\">Prix de livraison autres destination : 55\u20ac<\/li>\n<\/ul>\n<p>[\/vc_column_text][\/vc_column][\/vc_row]<\/p>\n<\/div>","protected":false},"excerpt":{"rendered":"<p style=\"text-align: center;\">Mod\u00e9lisme militaire, \u00e9l\u00e9ment d&rsquo;artillerie en tr\u00e8s bon \u00e9tat.<\/p>\n<p class=\"p1\" style=\"text-align: center;\">Dimensions :<\/p>\n<ul>\n<li class=\"p1\" style=\"text-align: center;\">Hauteur : 14.5 cm<\/li>\n<li class=\"p1\" style=\"text-align: center;\">Longueur : 38 cm<\/li>\n<li class=\"p1\" style=\"text-align: center;\">Largeur : 18.5 cm<\/li>\n<li class=\"p1\" style=\"text-align: center;\">Diam\u00e8tre roues : 14.5 cm<\/li>\n<\/ul>\n","protected":false},"featured_media":106828,"template":"","meta":{"_seopress_robots_primary_cat":"none","_seopress_titles_title":"Maquette d\u2019un canon, XXe si\u00e8cle","_seopress_titles_desc":"Mod\u00e9lisme militaire, \u00e9l\u00e9ment d'artillerie en tr\u00e8s bon \u00e9tat.","_seopress_robots_index":"","content-type":""},"product_brand":[],"product_cat":[76,118,231,276],"product_tag":[],"class_list":{"0":"post-106836","1":"product","2":"type-product","3":"status-publish","4":"has-post-thumbnail","6":"product_cat-objets","7":"product_cat-objets-de-collection","8":"product_cat-objets-de-curiosite","9":"product_cat-militaria","10":"product_shipping_class-niveau-1","12":"first","13":"instock","14":"shipping-taxable","15":"purchasable","16":"product-type-simple","17":"add-to-wishlist-after_add_to_cart"},"_links":{"self":[{"href":"https:\/\/pipat-antiquites.fr\/fr\/wp-json\/wp\/v2\/product\/106836","targetHints":{"allow":["GET"]}}],"collection":[{"href":"https:\/\/pipat-antiquites.fr\/fr\/wp-json\/wp\/v2\/product"}],"about":[{"href":"https:\/\/pipat-antiquites.fr\/fr\/wp-json\/wp\/v2\/types\/product"}],"wp:featuredmedia":[{"embeddable":true,"href":"https:\/\/pipat-antiquites.fr\/fr\/wp-json\/wp\/v2\/media\/106828"}],"wp:attachment":[{"href":"https:\/\/pipat-antiquites.fr\/fr\/wp-json\/wp\/v2\/media?parent=106836"}],"wp:term":[{"taxonomy":"product_brand","embeddable":true,"href":"https:\/\/pipat-antiquites.fr\/fr\/wp-json\/wp\/v2\/product_brand?post=106836"},{"taxonomy":"product_cat","embeddable":true,"href":"https:\/\/pipat-antiquites.fr\/fr\/wp-json\/wp\/v2\/product_cat?post=106836"},{"taxonomy":"product_tag","embeddable":true,"href":"https:\/\/pipat-antiquites.fr\/fr\/wp-json\/wp\/v2\/product_tag?post=106836"}],"curies":[{"name":"wp","href":"https:\/\/api.w.org\/{rel}","templated":true}]}}