{"id":106600,"date":"2024-08-13T11:22:21","date_gmt":"2024-08-13T09:22:21","guid":{"rendered":"https:\/\/pipat-antiquites.fr\/?post_type=product&#038;p=106600"},"modified":"2026-01-21T18:01:58","modified_gmt":"2026-01-21T17:01:58","slug":"mobilier-religieux-meuble-eglise-armoire-de-tabernacle-xix-19-siecle","status":"publish","type":"product","link":"https:\/\/pipat-antiquites.fr\/fr\/objets\/mobilier-religieux-meuble-eglise-armoire-de-tabernacle-xix-19-siecle\/","title":{"rendered":"Armoire de tabernacle, XIXe si\u00e8cle"},"content":{"rendered":"<div class=\"wpb-content-wrapper\"><p>[vc_row][vc_column column_width_percent=\u00a0\u00bb100&Prime; gutter_size=\u00a0\u00bb3&Prime; override_padding=\u00a0\u00bbyes\u00a0\u00bb column_padding=\u00a0\u00bb3&Prime; overlay_alpha=\u00a0\u00bb50&Prime; shift_x=\u00a0\u00bb0&Prime; shift_y=\u00a0\u00bb0&Prime; shift_y_down=\u00a0\u00bb0&Prime; z_index=\u00a0\u00bb0&Prime; medium_width=\u00a0\u00bb0&Prime; mobile_width=\u00a0\u00bb0&Prime; width=\u00a0\u00bb1\/1&Prime; uncode_shortcode_id=\u00a0\u00bb148947&Prime;][vc_custom_heading text_weight=\u00a0\u00bb300&Prime; uncode_shortcode_id=\u00a0\u00bb121942&Prime;]Armoire de tabernacle, XIXe si\u00e8cle[\/vc_custom_heading][vc_column_text uncode_shortcode_id=\u00a0\u00bb103754&Prime;]\u00c9lev\u00e9e sur un pi\u00e9destal, cette armoire peut aussi bien porter le nom de cabinet. En h\u00eatre et en ch\u00eane, elle est richement sculpt\u00e9e de sc\u00e8nes tir\u00e9es du Nouveau Testament, de sc\u00e8nes de vie quotidienne et d\u2019une Adoration \u00e0 la Vierge sur le c\u00f4t\u00e9 droit. Repr\u00e9sentation classique et appr\u00e9ci\u00e9e des commanditaires depuis le Moyen-\u00c2ge, ce type de mise en sc\u00e8ne permet de repr\u00e9senter le commanditaire d\u2019une \u0153uvre en adoration devant la Vierge et l\u2019enfant J\u00e9sus, marquant ainsi durablement la ferveur de sa pi\u00e9t\u00e9.<\/p>\n<p>Sur chaque montant d\u2019angle, des angelots portent des lettres. On peut ainsi lire FGILL dans le montant gauche (peut-\u00eatre l\u2019initiale du pr\u00e9nom et le nom du commanditaire F. GILL) et AMS dans le montant droit (Ave Maria Sancta ?).[\/vc_column_text][\/vc_column][\/vc_row]<\/p>\n<\/div>","protected":false},"excerpt":{"rendered":"<p style=\"text-align: center;\">Meuble religieux en ch\u00eane et h\u00eatre sculpt\u00e9s en bas, moyen et haut reliefs.<\/p>\n<p style=\"text-align: center;\">Dimensions :<\/p>\n<ul>\n<li style=\"text-align: center;\">Hauteur : 109 cm<br \/>\nHauteur avec le pi\u00e9destal : 188 cm<br \/>\nLargeur : 86 cm<br \/>\nProfondeur : 46 cm<\/li>\n<\/ul>\n","protected":false},"featured_media":106566,"template":"","meta":{"_seopress_robots_primary_cat":"none","_seopress_titles_title":"Armoire de tabernacle, XIXe si\u00e8cle","_seopress_titles_desc":"Meuble religieux en ch\u00eane et h\u00eatre sculpt\u00e9s en bas, moyen et haut reliefs.","_seopress_robots_index":"","content-type":""},"product_brand":[],"product_cat":[126,128,140,69,106,108],"product_tag":[],"class_list":{"0":"post-106600","1":"product","2":"type-product","3":"status-publish","4":"has-post-thumbnail","6":"product_cat-buffets-et-enfilades","7":"product_cat-cabinets","8":"product_cat-autres-meubles","9":"product_cat-mobilier","10":"product_cat-meubles","11":"product_cat-armoires","13":"first","14":"outofstock","15":"shipping-taxable","16":"purchasable","17":"product-type-simple","18":"add-to-wishlist-after_add_to_cart"},"_links":{"self":[{"href":"https:\/\/pipat-antiquites.fr\/fr\/wp-json\/wp\/v2\/product\/106600","targetHints":{"allow":["GET"]}}],"collection":[{"href":"https:\/\/pipat-antiquites.fr\/fr\/wp-json\/wp\/v2\/product"}],"about":[{"href":"https:\/\/pipat-antiquites.fr\/fr\/wp-json\/wp\/v2\/types\/product"}],"wp:featuredmedia":[{"embeddable":true,"href":"https:\/\/pipat-antiquites.fr\/fr\/wp-json\/wp\/v2\/media\/106566"}],"wp:attachment":[{"href":"https:\/\/pipat-antiquites.fr\/fr\/wp-json\/wp\/v2\/media?parent=106600"}],"wp:term":[{"taxonomy":"product_brand","embeddable":true,"href":"https:\/\/pipat-antiquites.fr\/fr\/wp-json\/wp\/v2\/product_brand?post=106600"},{"taxonomy":"product_cat","embeddable":true,"href":"https:\/\/pipat-antiquites.fr\/fr\/wp-json\/wp\/v2\/product_cat?post=106600"},{"taxonomy":"product_tag","embeddable":true,"href":"https:\/\/pipat-antiquites.fr\/fr\/wp-json\/wp\/v2\/product_tag?post=106600"}],"curies":[{"name":"wp","href":"https:\/\/api.w.org\/{rel}","templated":true}]}}