{"id":106406,"date":"2024-08-01T10:16:37","date_gmt":"2024-08-01T08:16:37","guid":{"rendered":"https:\/\/pipat-antiquites.fr\/?post_type=product&#038;p=106406"},"modified":"2024-08-01T10:21:01","modified_gmt":"2024-08-01T08:21:01","slug":"porte-montre-gousset-et-montre-globe-presse-papier-xixe-siecle","status":"publish","type":"product","link":"https:\/\/pipat-antiquites.fr\/fr\/objets\/porte-montre-gousset-et-montre-globe-presse-papier-xixe-siecle\/","title":{"rendered":"Porte-montre gousset et montre-globe presse-papier, XIXe si\u00e8cle"},"content":{"rendered":"<div class=\"wpb-content-wrapper\"><p>[vc_row][vc_column column_width_percent=\u00a0\u00bb100&Prime; gutter_size=\u00a0\u00bb3&Prime; override_padding=\u00a0\u00bbyes\u00a0\u00bb column_padding=\u00a0\u00bb3&Prime; overlay_alpha=\u00a0\u00bb50&Prime; shift_x=\u00a0\u00bb0&Prime; shift_y=\u00a0\u00bb0&Prime; shift_y_down=\u00a0\u00bb0&Prime; z_index=\u00a0\u00bb0&Prime; medium_width=\u00a0\u00bb0&Prime; mobile_width=\u00a0\u00bb0&Prime; width=\u00a0\u00bb1\/1&Prime; uncode_shortcode_id=\u00a0\u00bb169273&Prime;][vc_custom_heading text_weight=\u00a0\u00bb300&Prime; uncode_shortcode_id=\u00a0\u00bb131563&Prime;]Porte-montre gousset et montre-globe presse-papier, XIXe si\u00e8cle[\/vc_custom_heading][vc_column_text uncode_shortcode_id=\u00a0\u00bb824733&Prime;]Cet objet de curiosit\u00e9 est \u00e0 lui-seul toute une \u00e9poque. Dans la seconde moiti\u00e9 du XIXe si\u00e8cle, les cirques itin\u00e9rants se multiplient apr\u00e8s que Th\u00e9odore Rancy ait fond\u00e9 le premier, \u00e0 Rouen, en 1856. C\u2019est alors une ferveur qui s\u2019empare de toute la France. Chacun se presse d\u2019admirer les acrobates, de s\u2019amuser des pitreries des clowns et de s\u2019\u00e9merveiller devant les animaux sauvages. \u00c0 la m\u00eame \u00e9poque, le r\u00e9volution industrielle bat son plein et, avec elle, les montres se d\u00e9mocratisent, marquent la cadence de travail et font du temps et de son utilisation une nouvelle obsession.<br \/>\nCe porte-montre perchant en haut d\u2019une colonne de marbres un \u00e9l\u00e9phant de bronze dor\u00e9 rappelle les tristes exercices de cirque que l\u2019on infligeait alors aux pachydermes, for\u00e7ant ces animaux imposants, au pas lourd et d\u2019un naturel anxieux, \u00e0 se faire aussi l\u00e9ger qu\u2019un oiseau.<br \/>\nLe bout de la trompe de l\u2019\u00e9l\u00e9phant sert de support \u00e0 un globe de verre emprisonnant un m\u00e9canisme horloger. Cette curieuse montre gousset, trop imposante pour se dissimuler dans la poche qui lui donne son nom, servait plus commun\u00e9ment de presse-papier. L\u2019ensemble, en excellent \u00e9tat, est assur\u00e9ment un objet original et certainement unique.<\/p>\n<ul>\n<li>Prix de livraison en France m\u00e9tropolitaine : 35\u20ac<br \/>\nPrix de livraison en Europe : 55\u20ac<br \/>\nPrix de livraison autres destination : 75\u20ac<\/li>\n<\/ul>\n<p>[\/vc_column_text][\/vc_column][\/vc_row]<\/p>\n<\/div>","protected":false},"excerpt":{"rendered":"<p style=\"text-align: center;\">Objet de curiosit\u00e9 en parfait \u00e9tat.<\/p>\n<p style=\"text-align: center;\">Dimensions :<\/p>\n<ul>\n<li style=\"text-align: center;\">Hauteur : 26 cm<br \/>\nLargeur : 8 cm<br \/>\nProfondeur : 8 cm<\/li>\n<\/ul>\n","protected":false},"featured_media":106394,"template":"","meta":{"_seopress_robots_primary_cat":"none","_seopress_titles_title":"Porte-montre gousset et montre-globe presse-papier, XIXe si\u00e8cle","_seopress_titles_desc":"Objet de curiosit\u00e9 en parfait \u00e9tat.","_seopress_robots_index":"","content-type":""},"product_brand":[],"product_cat":[76,117,118,226,231],"product_tag":[],"class_list":{"0":"post-106406","1":"product","2":"type-product","3":"status-publish","4":"has-post-thumbnail","6":"product_cat-objets","7":"product_cat-horlogerie","8":"product_cat-objets-de-collection","9":"product_cat-horloges","10":"product_cat-objets-de-curiosite","11":"product_shipping_class-niveau-2","13":"first","14":"instock","15":"shipping-taxable","16":"purchasable","17":"product-type-simple","18":"add-to-wishlist-after_add_to_cart"},"_links":{"self":[{"href":"https:\/\/pipat-antiquites.fr\/fr\/wp-json\/wp\/v2\/product\/106406","targetHints":{"allow":["GET"]}}],"collection":[{"href":"https:\/\/pipat-antiquites.fr\/fr\/wp-json\/wp\/v2\/product"}],"about":[{"href":"https:\/\/pipat-antiquites.fr\/fr\/wp-json\/wp\/v2\/types\/product"}],"wp:featuredmedia":[{"embeddable":true,"href":"https:\/\/pipat-antiquites.fr\/fr\/wp-json\/wp\/v2\/media\/106394"}],"wp:attachment":[{"href":"https:\/\/pipat-antiquites.fr\/fr\/wp-json\/wp\/v2\/media?parent=106406"}],"wp:term":[{"taxonomy":"product_brand","embeddable":true,"href":"https:\/\/pipat-antiquites.fr\/fr\/wp-json\/wp\/v2\/product_brand?post=106406"},{"taxonomy":"product_cat","embeddable":true,"href":"https:\/\/pipat-antiquites.fr\/fr\/wp-json\/wp\/v2\/product_cat?post=106406"},{"taxonomy":"product_tag","embeddable":true,"href":"https:\/\/pipat-antiquites.fr\/fr\/wp-json\/wp\/v2\/product_tag?post=106406"}],"curies":[{"name":"wp","href":"https:\/\/api.w.org\/{rel}","templated":true}]}}