{"id":106139,"date":"2024-07-05T17:24:57","date_gmt":"2024-07-05T15:24:57","guid":{"rendered":"https:\/\/pipat-antiquites.fr\/?post_type=product&#038;p=106139"},"modified":"2024-07-05T17:28:07","modified_gmt":"2024-07-05T15:28:07","slug":"bureau-style-louis-xiv-pierre-gole-estampille-charles-hunsinger-1823-1893","status":"publish","type":"product","link":"https:\/\/pipat-antiquites.fr\/fr\/objets\/bureau-style-louis-xiv-pierre-gole-estampille-charles-hunsinger-1823-1893\/","title":{"rendered":"Bureau estampill\u00e9 Charles Hunsinger (1823 &#8211; 1893)"},"content":{"rendered":"<div class=\"wpb-content-wrapper\"><p>[vc_row][vc_column column_width_percent=\u00a0\u00bb100&Prime; gutter_size=\u00a0\u00bb3&Prime; override_padding=\u00a0\u00bbyes\u00a0\u00bb column_padding=\u00a0\u00bb3&Prime; overlay_alpha=\u00a0\u00bb50&Prime; shift_x=\u00a0\u00bb0&Prime; shift_y=\u00a0\u00bb0&Prime; shift_y_down=\u00a0\u00bb0&Prime; z_index=\u00a0\u00bb0&Prime; medium_width=\u00a0\u00bb0&Prime; mobile_width=\u00a0\u00bb0&Prime; width=\u00a0\u00bb1\/1&Prime; uncode_shortcode_id=\u00a0\u00bb178363&Prime;][vc_custom_heading text_weight=\u00a0\u00bb300&Prime; uncode_shortcode_id=\u00a0\u00bb108152&Prime;]Bureau estampill\u00e9 Charles Hunsinger (1823 &#8211; 1893)[\/vc_custom_heading][vc_column_text uncode_shortcode_id=\u00a0\u00bb108841&Prime;]Alors que le XIXe si\u00e8cle relit les styles du pass\u00e9 dans un historicisme jamais rassasi\u00e9, les amateurs du jeune style Louis XIV se replongent dans les marqueteries de Pierre Gole. Cet \u00e9b\u00e9niste avait eu son heure de gloire au d\u00e9but du r\u00e8gne du roi Soleil avec ses meubles noirs relev\u00e9s de fines marqueteries formant des bouquets et des motifs v\u00e9g\u00e9taux plein de vie.<br \/>\nEn plein XIXe si\u00e8cle, l\u2019alsacien Charles Hunsinger (1823 &#8211; 1893) reprend \u00e0 son compte cette technique virtuose en s\u2019installant vers 1859 comme fabricant de meubles de luxe et de fantaisie. Rapidement reconnu et renomm\u00e9 pour son talent, il participe aux expositions parisiennes de 1865, 1867, 1878 et 1889. Il obtient une m\u00e9daille d&rsquo;Argent \u00e0 l&rsquo;Exposition Universelle de 1878 et une m\u00e9daille d&rsquo;or \u00e0 Bruxelles en 1881. Il aura, \u00e0 Paris, plusieurs magasins tout au long de sa carri\u00e8re. Un de ses cabinets en tilleul noirci et marqueterie dat\u00e9 de 1879 est conserv\u00e9 dans les r\u00e9serves du Mus\u00e9e d\u2019Orsay.<\/p>\n<p>Notre bureau se compose d\u2019une \u00e9critoire enrichie de deux rangements ouvrant par des portes encadrant un espace central \u00e0 quatre tiroirs surmont\u00e9 d\u2019une galerie en bois tourn\u00e9. La ceinture pr\u00e9sente trois tiroirs. Portes, tiroirs et plateau sont enrichis de marqueterie de fleurs, de filets d\u2019os et de placage de bois fauve. L\u2019ensemble est en parfait \u00e9tat.[\/vc_column_text][\/vc_column][\/vc_row]<\/p>\n<\/div>","protected":false},"excerpt":{"rendered":"<p style=\"text-align: center;\">Bureau en bois noirci \u00e0 marqueterie dans le go\u00fbt de Pierre Gole. Parfait \u00e9tat.<\/p>\n<p style=\"text-align: center;\">Dimensions :<\/p>\n<ul>\n<li style=\"text-align: center;\">Hauteur : 118 cm<br \/>\nHauteur du plateau : 75 cm<br \/>\nLargeur : 119 cm<br \/>\nProfondeur : 68 cm<\/li>\n<\/ul>\n","protected":false},"featured_media":106109,"template":"","meta":{"_seopress_robots_primary_cat":"none","_seopress_titles_title":"Bureau estampill\u00e9 Charles Hunsinger (1823 - 1893)","_seopress_titles_desc":"Bureau en bois noirci \u00e0 marqueterie dans le go\u00fbt de Pierre Gole. Parfait \u00e9tat.","_seopress_robots_index":"","content-type":""},"product_brand":[],"product_cat":[69,106,127],"product_tag":[],"class_list":{"0":"post-106139","1":"product","2":"type-product","3":"status-publish","4":"has-post-thumbnail","6":"product_cat-mobilier","7":"product_cat-meubles","8":"product_cat-bureaux","10":"first","11":"instock","12":"shipping-taxable","13":"product-type-simple","14":"add-to-wishlist-after_add_to_cart"},"_links":{"self":[{"href":"https:\/\/pipat-antiquites.fr\/fr\/wp-json\/wp\/v2\/product\/106139","targetHints":{"allow":["GET"]}}],"collection":[{"href":"https:\/\/pipat-antiquites.fr\/fr\/wp-json\/wp\/v2\/product"}],"about":[{"href":"https:\/\/pipat-antiquites.fr\/fr\/wp-json\/wp\/v2\/types\/product"}],"wp:featuredmedia":[{"embeddable":true,"href":"https:\/\/pipat-antiquites.fr\/fr\/wp-json\/wp\/v2\/media\/106109"}],"wp:attachment":[{"href":"https:\/\/pipat-antiquites.fr\/fr\/wp-json\/wp\/v2\/media?parent=106139"}],"wp:term":[{"taxonomy":"product_brand","embeddable":true,"href":"https:\/\/pipat-antiquites.fr\/fr\/wp-json\/wp\/v2\/product_brand?post=106139"},{"taxonomy":"product_cat","embeddable":true,"href":"https:\/\/pipat-antiquites.fr\/fr\/wp-json\/wp\/v2\/product_cat?post=106139"},{"taxonomy":"product_tag","embeddable":true,"href":"https:\/\/pipat-antiquites.fr\/fr\/wp-json\/wp\/v2\/product_tag?post=106139"}],"curies":[{"name":"wp","href":"https:\/\/api.w.org\/{rel}","templated":true}]}}