{"id":106026,"date":"2024-07-02T12:39:06","date_gmt":"2024-07-02T10:39:06","guid":{"rendered":"https:\/\/pipat-antiquites.fr\/?post_type=product&#038;p=106026"},"modified":"2024-12-01T19:25:36","modified_gmt":"2024-12-01T18:25:36","slug":"paire-dobelisques-en-marqueterie-pierre-dure-pietre-dure-xix-19-siecle","status":"publish","type":"product","link":"https:\/\/pipat-antiquites.fr\/fr\/objets\/paire-dobelisques-en-marqueterie-pierre-dure-pietre-dure-xix-19-siecle\/","title":{"rendered":"Paire d\u2019ob\u00e9lisques en pierres dures, XIXe si\u00e8cle"},"content":{"rendered":"<div class=\"wpb-content-wrapper\"><p>[vc_row][vc_column column_width_percent=\u00a0\u00bb100&Prime; gutter_size=\u00a0\u00bb3&Prime; override_padding=\u00a0\u00bbyes\u00a0\u00bb column_padding=\u00a0\u00bb3&Prime; overlay_alpha=\u00a0\u00bb50&Prime; shift_x=\u00a0\u00bb0&Prime; shift_y=\u00a0\u00bb0&Prime; shift_y_down=\u00a0\u00bb0&Prime; z_index=\u00a0\u00bb0&Prime; medium_width=\u00a0\u00bb0&Prime; mobile_width=\u00a0\u00bb0&Prime; width=\u00a0\u00bb1\/1&Prime; uncode_shortcode_id=\u00a0\u00bb717322&Prime;][vc_custom_heading text_weight=\u00a0\u00bb300&Prime; uncode_shortcode_id=\u00a0\u00bb382180&Prime;]Paire d\u2019ob\u00e9lisques en pierres dures, XIXe si\u00e8cle[\/vc_custom_heading][vc_column_text uncode_shortcode_id=\u00a0\u00bb558538&Prime;]Cette paire d\u2019ob\u00e9lisques fait directement r\u00e9f\u00e9rence aux pavements de pietre dure florentins de la Renaissance. L\u2019agencement des motifs g\u00e9om\u00e9triques sur un fond de marbre noir offre un contraste \u00e9l\u00e9gant et une palette vari\u00e9e de marbres de diff\u00e9rentes couleurs. Ces ob\u00e9lisques sont en tr\u00e8s bon \u00e9tat.<\/p>\n<ul>\n<li>Prix de livraison en France m\u00e9tropolitaine : 35\u20ac<br \/>\nPrix de livraison en Europe : 55\u20ac<br \/>\nPrix de livraison autres destination : 75\u20ac<\/li>\n<\/ul>\n<p>[\/vc_column_text][\/vc_column][\/vc_row]<\/p>\n<\/div>","protected":false},"excerpt":{"rendered":"<p style=\"text-align: center;\">Marqueterie de marbres de diff\u00e9rentes provenances et couleurs en tr\u00e8s bon \u00e9tat.<\/p>\n<p style=\"text-align: center;\">Dimensions :<\/p>\n<ul>\n<li style=\"text-align: center;\">Hauteur : 56.5 cm<br \/>\nLargeur : 16.5 cm<br \/>\nProfondeur : 16.5 cm<\/li>\n<\/ul>\n","protected":false},"featured_media":106016,"template":"","meta":{"_seopress_robots_primary_cat":"none","_seopress_titles_title":"Paire d\u2019ob\u00e9lisques en pierres dures, XIXe si\u00e8cle","_seopress_titles_desc":"Marqueterie de marbres de diff\u00e9rentes provenances et couleurs en tr\u00e8s bon \u00e9tat.","_seopress_robots_index":"","content-type":""},"product_brand":[],"product_cat":[114,207,208,76],"product_tag":[],"class_list":{"0":"post-106026","1":"product","2":"type-product","3":"status-publish","4":"has-post-thumbnail","6":"product_cat-arts-decoratifs","7":"product_cat-colonnes-et-sellettes","8":"product_cat-coupes-vasques-et-cassolettes","9":"product_cat-objets","10":"product_shipping_class-niveau-2","12":"first","13":"outofstock","14":"shipping-taxable","15":"purchasable","16":"product-type-simple","17":"add-to-wishlist-after_add_to_cart"},"_links":{"self":[{"href":"https:\/\/pipat-antiquites.fr\/fr\/wp-json\/wp\/v2\/product\/106026","targetHints":{"allow":["GET"]}}],"collection":[{"href":"https:\/\/pipat-antiquites.fr\/fr\/wp-json\/wp\/v2\/product"}],"about":[{"href":"https:\/\/pipat-antiquites.fr\/fr\/wp-json\/wp\/v2\/types\/product"}],"wp:featuredmedia":[{"embeddable":true,"href":"https:\/\/pipat-antiquites.fr\/fr\/wp-json\/wp\/v2\/media\/106016"}],"wp:attachment":[{"href":"https:\/\/pipat-antiquites.fr\/fr\/wp-json\/wp\/v2\/media?parent=106026"}],"wp:term":[{"taxonomy":"product_brand","embeddable":true,"href":"https:\/\/pipat-antiquites.fr\/fr\/wp-json\/wp\/v2\/product_brand?post=106026"},{"taxonomy":"product_cat","embeddable":true,"href":"https:\/\/pipat-antiquites.fr\/fr\/wp-json\/wp\/v2\/product_cat?post=106026"},{"taxonomy":"product_tag","embeddable":true,"href":"https:\/\/pipat-antiquites.fr\/fr\/wp-json\/wp\/v2\/product_tag?post=106026"}],"curies":[{"name":"wp","href":"https:\/\/api.w.org\/{rel}","templated":true}]}}