{"id":105900,"date":"2024-06-17T09:34:30","date_gmt":"2024-06-17T07:34:30","guid":{"rendered":"https:\/\/pipat-antiquites.fr\/?post_type=product&#038;p=105900"},"modified":"2024-06-17T09:37:14","modified_gmt":"2024-06-17T07:37:14","slug":"paire-de-vases-en-porcelaine-de-paris-xix-19-siecle","status":"publish","type":"product","link":"https:\/\/pipat-antiquites.fr\/fr\/objets\/paire-de-vases-en-porcelaine-de-paris-xix-19-siecle\/","title":{"rendered":"Paire de vases en porcelaine de Paris, XIXe si\u00e8cle"},"content":{"rendered":"<div class=\"wpb-content-wrapper\"><p>[vc_row][vc_column column_width_percent=\u00a0\u00bb100&Prime; gutter_size=\u00a0\u00bb3&Prime; override_padding=\u00a0\u00bbyes\u00a0\u00bb column_padding=\u00a0\u00bb3&Prime; overlay_alpha=\u00a0\u00bb50&Prime; shift_x=\u00a0\u00bb0&Prime; shift_y=\u00a0\u00bb0&Prime; shift_y_down=\u00a0\u00bb0&Prime; z_index=\u00a0\u00bb0&Prime; medium_width=\u00a0\u00bb0&Prime; mobile_width=\u00a0\u00bb0&Prime; width=\u00a0\u00bb1\/1&Prime; uncode_shortcode_id=\u00a0\u00bb179646&Prime;][vc_custom_heading text_weight=\u00a0\u00bb300&Prime; uncode_shortcode_id=\u00a0\u00bb153646&Prime;]Paire de vases en porcelaine de Paris, XIXe si\u00e8cle[\/vc_custom_heading][vc_column_text uncode_shortcode_id=\u00a0\u00bb335009&Prime;]Alors que le patrimoine est une notion encore jeune, la seconde moiti\u00e9 du XIXe si\u00e8cle s\u2019y plonge toute enti\u00e8re et s\u2019attache \u00e0 images d\u2019un pass\u00e9 fantasm\u00e9. Sur cette paire de vase, des sc\u00e8nes de paysage en grisaille sur fond vert tendre sont habit\u00e9s d\u2019imposantes forteresses m\u00e9di\u00e9vales r\u00e9pondent \u00e0 cet engouement pour le Moyen-\u00c2ge notamment. Ces vases sur pi\u00e9douche, en parfait \u00e9tat, portent la marque des porcelaines de Paris sous leur base.<\/p>\n<ul>\n<li>Prix de livraison en France m\u00e9tropolitaine : 55\u20ac<br \/>\nPrix de livraison en Europe : 95\u20ac<br \/>\nPrix de livraison autres destination : 125\u20ac<\/li>\n<\/ul>\n<p>[\/vc_column_text][\/vc_column][\/vc_row]<\/p>\n<\/div>","protected":false},"excerpt":{"rendered":"<p style=\"text-align: center;\">Vases en parfait \u00e9tat portant la marque des porcelaines de Paris sous leur base.<\/p>\n<p style=\"text-align: center;\">Dimensions :<\/p>\n<ul>\n<li style=\"text-align: center;\">Hauteur : 25 cm<br \/>\nDiam\u00e8tre : 17 cm<\/li>\n<\/ul>\n","protected":false},"featured_media":105898,"template":"","meta":{"_seopress_robots_primary_cat":"none","_seopress_titles_title":"Paire de vases en porcelaine de Paris, XIXe si\u00e8cle","_seopress_titles_desc":"Vases en parfait \u00e9tat portant la marque des porcelaines de Paris sous leur base.","_seopress_robots_index":"","content-type":""},"product_brand":[],"product_cat":[76,114,116,223,319],"product_tag":[],"class_list":{"0":"post-105900","1":"product","2":"type-product","3":"status-publish","4":"has-post-thumbnail","6":"product_cat-objets","7":"product_cat-arts-decoratifs","8":"product_cat-porcelaine","9":"product_cat-objets-decoration-vases","10":"product_cat-vases","11":"product_shipping_class-niveau-5","13":"first","14":"instock","15":"shipping-taxable","16":"purchasable","17":"product-type-simple","18":"add-to-wishlist-after_add_to_cart"},"_links":{"self":[{"href":"https:\/\/pipat-antiquites.fr\/fr\/wp-json\/wp\/v2\/product\/105900","targetHints":{"allow":["GET"]}}],"collection":[{"href":"https:\/\/pipat-antiquites.fr\/fr\/wp-json\/wp\/v2\/product"}],"about":[{"href":"https:\/\/pipat-antiquites.fr\/fr\/wp-json\/wp\/v2\/types\/product"}],"wp:featuredmedia":[{"embeddable":true,"href":"https:\/\/pipat-antiquites.fr\/fr\/wp-json\/wp\/v2\/media\/105898"}],"wp:attachment":[{"href":"https:\/\/pipat-antiquites.fr\/fr\/wp-json\/wp\/v2\/media?parent=105900"}],"wp:term":[{"taxonomy":"product_brand","embeddable":true,"href":"https:\/\/pipat-antiquites.fr\/fr\/wp-json\/wp\/v2\/product_brand?post=105900"},{"taxonomy":"product_cat","embeddable":true,"href":"https:\/\/pipat-antiquites.fr\/fr\/wp-json\/wp\/v2\/product_cat?post=105900"},{"taxonomy":"product_tag","embeddable":true,"href":"https:\/\/pipat-antiquites.fr\/fr\/wp-json\/wp\/v2\/product_tag?post=105900"}],"curies":[{"name":"wp","href":"https:\/\/api.w.org\/{rel}","templated":true}]}}