{"id":105883,"date":"2024-06-11T10:41:07","date_gmt":"2024-06-11T08:41:07","guid":{"rendered":"https:\/\/pipat-antiquites.fr\/?post_type=product&#038;p=105883"},"modified":"2024-06-11T10:42:46","modified_gmt":"2024-06-11T08:42:46","slug":"emaux-bronze-dore-paire-de-bougeoirs-en-bronze-dore-emaille-xix-19-siecle","status":"publish","type":"product","link":"https:\/\/pipat-antiquites.fr\/fr\/objets\/emaux-bronze-dore-paire-de-bougeoirs-en-bronze-dore-emaille-xix-19-siecle\/","title":{"rendered":"Paire de bougeoirs en bronze dor\u00e9 \u00e9maill\u00e9, XIXe si\u00e8cle"},"content":{"rendered":"<div class=\"wpb-content-wrapper\"><p>[vc_row][vc_column column_width_percent=\u00a0\u00bb100&Prime; gutter_size=\u00a0\u00bb3&Prime; override_padding=\u00a0\u00bbyes\u00a0\u00bb column_padding=\u00a0\u00bb3&Prime; overlay_alpha=\u00a0\u00bb50&Prime; shift_x=\u00a0\u00bb0&Prime; shift_y=\u00a0\u00bb0&Prime; shift_y_down=\u00a0\u00bb0&Prime; z_index=\u00a0\u00bb0&Prime; medium_width=\u00a0\u00bb0&Prime; mobile_width=\u00a0\u00bb0&Prime; width=\u00a0\u00bb1\/1&Prime; uncode_shortcode_id=\u00a0\u00bb127487&Prime;][vc_custom_heading text_weight=\u00a0\u00bb300&Prime; uncode_shortcode_id=\u00a0\u00bb163271&Prime;]Paire de bougeoirs en bronze dor\u00e9 \u00e9maill\u00e9, XIXe si\u00e8cle[\/vc_custom_heading][vc_column_text uncode_shortcode_id=\u00a0\u00bb182772&Prime;]Pure cr\u00e9ation de la seconde moiti\u00e9 du XIXe si\u00e8cle, cette paire de bougeoirs m\u00eale admirablement le style Louis XV au souvenir des \u00e9maux m\u00e9di\u00e9vaux. Des putti, joliment drap\u00e9s et adoptant un savant contrapposto, tiennent chacun une tige sur laquelle \u00e9clot bob\u00e8che et binet orn\u00e9s de motifs \u00e9maill\u00e9s. Un rappel de ces motifs se trouve sur chaque base en bronze dor\u00e9. L\u2019ensemble est en parfait \u00e9tat.<\/p>\n<ul>\n<li>Prix de livraison en France m\u00e9tropolitaine : 35\u20ac<br \/>\nPrix de livraison en Europe : 55\u20ac<br \/>\nPrix de livraison autres destination : 75\u20ac<\/li>\n<\/ul>\n<p>[\/vc_column_text][\/vc_column][\/vc_row]<\/p>\n<\/div>","protected":false},"excerpt":{"rendered":"<p style=\"text-align: center;\">Bougeoirs de style \u00e9clectique en parfait \u00e9tat.<\/p>\n<p style=\"text-align: center;\">Dimensions :<\/p>\n<ul>\n<li style=\"text-align: center;\">Hauteur : 22 cm<br \/>\nLargeur : 8 cm<br \/>\nProfondeur : 8 cm<\/li>\n<\/ul>\n","protected":false},"featured_media":105871,"template":"","meta":{"_seopress_robots_primary_cat":"none","_seopress_titles_title":"Paire de bougeoirs en bronze dor\u00e9 \u00e9maill\u00e9, XIXe si\u00e8cle","_seopress_titles_desc":"Bougeoirs de style \u00e9clectique en parfait \u00e9tat.","_seopress_robots_index":"","_seopress_analysis_target_kw":"","content-type":""},"product_brand":[],"product_cat":[124,172,72],"product_tag":[],"class_list":{"0":"post-105883","1":"product","2":"type-product","3":"status-publish","4":"has-post-thumbnail","6":"product_cat-luminaires-anciens","7":"product_cat-bougeoirs-et-flambeaux","8":"product_cat-luminaires","9":"product_shipping_class-niveau-2","11":"first","12":"instock","13":"shipping-taxable","14":"purchasable","15":"product-type-simple","16":"add-to-wishlist-after_add_to_cart"},"_links":{"self":[{"href":"https:\/\/pipat-antiquites.fr\/fr\/wp-json\/wp\/v2\/product\/105883","targetHints":{"allow":["GET"]}}],"collection":[{"href":"https:\/\/pipat-antiquites.fr\/fr\/wp-json\/wp\/v2\/product"}],"about":[{"href":"https:\/\/pipat-antiquites.fr\/fr\/wp-json\/wp\/v2\/types\/product"}],"wp:featuredmedia":[{"embeddable":true,"href":"https:\/\/pipat-antiquites.fr\/fr\/wp-json\/wp\/v2\/media\/105871"}],"wp:attachment":[{"href":"https:\/\/pipat-antiquites.fr\/fr\/wp-json\/wp\/v2\/media?parent=105883"}],"wp:term":[{"taxonomy":"product_brand","embeddable":true,"href":"https:\/\/pipat-antiquites.fr\/fr\/wp-json\/wp\/v2\/product_brand?post=105883"},{"taxonomy":"product_cat","embeddable":true,"href":"https:\/\/pipat-antiquites.fr\/fr\/wp-json\/wp\/v2\/product_cat?post=105883"},{"taxonomy":"product_tag","embeddable":true,"href":"https:\/\/pipat-antiquites.fr\/fr\/wp-json\/wp\/v2\/product_tag?post=105883"}],"curies":[{"name":"wp","href":"https:\/\/api.w.org\/{rel}","templated":true}]}}