{"id":105827,"date":"2024-06-07T09:33:38","date_gmt":"2024-06-07T07:33:38","guid":{"rendered":"https:\/\/pipat-antiquites.fr\/?post_type=product&#038;p=105827"},"modified":"2024-06-07T09:36:10","modified_gmt":"2024-06-07T07:36:10","slug":"jardiniere-petit-cache-pot-emaille-xix-19-siecle","status":"publish","type":"product","link":"https:\/\/pipat-antiquites.fr\/fr\/objets\/jardiniere-petit-cache-pot-emaille-xix-19-siecle\/","title":{"rendered":"Petit-cache pot \u00e9maill\u00e9, XIXe si\u00e8cle"},"content":{"rendered":"<div class=\"wpb-content-wrapper\"><p>[vc_row][vc_column column_width_percent=\u00a0\u00bb100&Prime; gutter_size=\u00a0\u00bb3&Prime; override_padding=\u00a0\u00bbyes\u00a0\u00bb column_padding=\u00a0\u00bb3&Prime; overlay_alpha=\u00a0\u00bb50&Prime; shift_x=\u00a0\u00bb0&Prime; shift_y=\u00a0\u00bb0&Prime; shift_y_down=\u00a0\u00bb0&Prime; z_index=\u00a0\u00bb0&Prime; medium_width=\u00a0\u00bb0&Prime; mobile_width=\u00a0\u00bb0&Prime; width=\u00a0\u00bb1\/1&Prime; uncode_shortcode_id=\u00a0\u00bb716119&Prime;][vc_custom_heading text_weight=\u00a0\u00bb300&Prime; uncode_shortcode_id=\u00a0\u00bb316189&Prime;]Petit-cache pot \u00e9maill\u00e9, XIXe si\u00e8cle[\/vc_custom_heading][vc_column_text uncode_shortcode_id=\u00a0\u00bb181492&Prime;]Inspir\u00e9 des \u00e9maux cloisonn\u00e9s chinois, ce petit cache-pot en bronze \u00e9maill\u00e9 r\u00e9pond \u00e9galement au go\u00fbt Troubadour qui se plonge dans un art m\u00e9di\u00e9val joyeux quoique souvent fantasm\u00e9. La surface rythm\u00e9e de brins de muguet et les d\u00e9cors perl\u00e9s Renaissance sont autant de citations ravissantes de cette \u00e9poque qui red\u00e9couvre le patrimoine fran\u00e7ais ancien. Ce petit cache-pot poss\u00e8de toujours sa doublure en laiton et est en parfait \u00e9tat.<\/p>\n<ul>\n<li>Prix de livraison en France m\u00e9tropolitaine : 15\u20ac<br \/>\nPrix de livraison en Europe : 35\u20ac<br \/>\nPrix de livraison autres destination : 55\u20ac<\/li>\n<\/ul>\n<p>[\/vc_column_text][\/vc_column][\/vc_row]<\/p>\n<\/div>","protected":false},"excerpt":{"rendered":"<p style=\"text-align: center;\">Bronze \u00e9maill\u00e9, doublure en laiton, le tout en parfait \u00e9tat.<\/p>\n<p style=\"text-align: center;\">Dimensions :<\/p>\n<ul>\n<li style=\"text-align: center;\">Hauteur : 14.5 cm<br \/>\nLargeur : 13.5 cm<br \/>\nProfondeur : 11.2 cm<\/li>\n<\/ul>\n","protected":false},"featured_media":105821,"template":"","meta":{"_seopress_robots_primary_cat":"none","_seopress_titles_title":"Petit-cache pot \u00e9maill\u00e9, XIXe si\u00e8cle","_seopress_titles_desc":"Bronze \u00e9maill\u00e9, doublure en laiton, le tout en parfait \u00e9tat.","_seopress_robots_index":"","_seopress_analysis_target_kw":"","content-type":""},"product_brand":[],"product_cat":[114,120,211,240,76],"product_tag":[],"class_list":{"0":"post-105827","1":"product","2":"type-product","3":"status-publish","4":"has-post-thumbnail","6":"product_cat-arts-decoratifs","7":"product_cat-materiaux-et-architecture","8":"product_cat-jardinieres-et-cache-pots","9":"product_cat-ornements-de-jardin","10":"product_cat-objets","11":"product_shipping_class-niveau-1","13":"first","14":"instock","15":"shipping-taxable","16":"purchasable","17":"product-type-simple","18":"add-to-wishlist-after_add_to_cart"},"_links":{"self":[{"href":"https:\/\/pipat-antiquites.fr\/fr\/wp-json\/wp\/v2\/product\/105827","targetHints":{"allow":["GET"]}}],"collection":[{"href":"https:\/\/pipat-antiquites.fr\/fr\/wp-json\/wp\/v2\/product"}],"about":[{"href":"https:\/\/pipat-antiquites.fr\/fr\/wp-json\/wp\/v2\/types\/product"}],"wp:featuredmedia":[{"embeddable":true,"href":"https:\/\/pipat-antiquites.fr\/fr\/wp-json\/wp\/v2\/media\/105821"}],"wp:attachment":[{"href":"https:\/\/pipat-antiquites.fr\/fr\/wp-json\/wp\/v2\/media?parent=105827"}],"wp:term":[{"taxonomy":"product_brand","embeddable":true,"href":"https:\/\/pipat-antiquites.fr\/fr\/wp-json\/wp\/v2\/product_brand?post=105827"},{"taxonomy":"product_cat","embeddable":true,"href":"https:\/\/pipat-antiquites.fr\/fr\/wp-json\/wp\/v2\/product_cat?post=105827"},{"taxonomy":"product_tag","embeddable":true,"href":"https:\/\/pipat-antiquites.fr\/fr\/wp-json\/wp\/v2\/product_tag?post=105827"}],"curies":[{"name":"wp","href":"https:\/\/api.w.org\/{rel}","templated":true}]}}