{"id":105781,"date":"2024-05-31T10:24:37","date_gmt":"2024-05-31T08:24:37","guid":{"rendered":"https:\/\/pipat-antiquites.fr\/?post_type=product&#038;p=105781"},"modified":"2024-06-24T14:28:54","modified_gmt":"2024-06-24T12:28:54","slug":"paire-vases-durnes-neoclassique-en-onyx-nicolo-et-bronze-dore-fin-xviii-18-siecle","status":"publish","type":"product","link":"https:\/\/pipat-antiquites.fr\/fr\/objets\/paire-vases-durnes-neoclassique-en-onyx-nicolo-et-bronze-dore-fin-xviii-18-siecle\/","title":{"rendered":"Paire d\u2019urnes en onyx Nicolo et bronze dor\u00e9, fin XVIIIe si\u00e8cle"},"content":{"rendered":"<div class=\"wpb-content-wrapper\"><p>[vc_row][vc_column column_width_percent=\u00a0\u00bb100&Prime; gutter_size=\u00a0\u00bb3&Prime; override_padding=\u00a0\u00bbyes\u00a0\u00bb column_padding=\u00a0\u00bb3&Prime; overlay_alpha=\u00a0\u00bb50&Prime; shift_x=\u00a0\u00bb0&Prime; shift_y=\u00a0\u00bb0&Prime; shift_y_down=\u00a0\u00bb0&Prime; z_index=\u00a0\u00bb0&Prime; medium_width=\u00a0\u00bb0&Prime; mobile_width=\u00a0\u00bb0&Prime; width=\u00a0\u00bb1\/1&Prime; uncode_shortcode_id=\u00a0\u00bb183858&Prime;][vc_custom_heading text_weight=\u00a0\u00bb300&Prime; uncode_shortcode_id=\u00a0\u00bb146406&Prime;]Paire d\u2019urnes en onyx Nicolo et bronze dor\u00e9, fin XVIIIe si\u00e8cle[\/vc_custom_heading][vc_column_text uncode_shortcode_id=\u00a0\u00bb431758&Prime;]Ces deux urnes, par leur forme, leur d\u00e9cor et le choix de leurs mat\u00e9riaux, sont parfaitement embl\u00e9matiques de la fin du XVIIIe si\u00e8cle. Illustrant la transition du style Louis XVI au n\u00e9oclassicisme, qui pr\u00e9vaudra au tout d\u00e9but du si\u00e8cle suivant, ces deux vases \u00e0 col en bronze dor\u00e9 godronn\u00e9 et \u00e9troit re\u00e7oivent sur leurs \u00e9paules les feuilles d\u00e9licates des anses. Sur la panse en onyx Nicolo sont suspendues des guirlandes de fleurs cisel\u00e9es dans le m\u00eame mat\u00e9riau. Le pied orn\u00e9 de feuilles et de couronnes de laurier t\u00e9moigne de ce renouveau du go\u00fbt antique v\u00e9hicul\u00e9, notamment, par les d\u00e9couvertes faites \u00e0 Pomp\u00e9i et Herculanum. Ces deux urnes n\u00e9oclassiques sont en parfait \u00e9tat.<\/p>\n<ul>\n<li>Prix de livraison en France m\u00e9tropolitaine : 55\u20ac<br \/>\nPrix de livraison en Europe : 95\u20ac<br \/>\nPrix de livraison autres destination : 125\u20ac<\/li>\n<\/ul>\n<p>[\/vc_column_text][\/vc_column][\/vc_row]<\/p>\n<\/div>","protected":false},"excerpt":{"rendered":"<p style=\"text-align: center;\">Vases n\u00e9oclassiques \u00e0 col \u00e9troit, parfait \u00e9tat.<\/p>\n<p style=\"text-align: center;\">Dimensions :<\/p>\n<ul>\n<li style=\"text-align: center;\">Hauteur : 29 cm<br \/>\nLargeur : 16 cm<br \/>\nProfondeur : 14 cm<\/li>\n<\/ul>\n","protected":false},"featured_media":105773,"template":"","meta":{"_seopress_robots_primary_cat":"none","_seopress_titles_title":"Paire d\u2019urnes en onyx Nicolo et bronze dor\u00e9, fin XVIIIe si\u00e8cle","_seopress_titles_desc":"Vases n\u00e9oclassiques \u00e0 col \u00e9troit, parfait \u00e9tat.","_seopress_robots_index":"","content-type":""},"product_brand":[],"product_cat":[114,319,76],"product_tag":[],"class_list":{"0":"post-105781","1":"product","2":"type-product","3":"status-publish","4":"has-post-thumbnail","6":"product_cat-arts-decoratifs","7":"product_cat-vases","8":"product_cat-objets","9":"product_shipping_class-niveau-5","11":"first","12":"outofstock","13":"shipping-taxable","14":"purchasable","15":"product-type-simple","16":"add-to-wishlist-after_add_to_cart"},"_links":{"self":[{"href":"https:\/\/pipat-antiquites.fr\/fr\/wp-json\/wp\/v2\/product\/105781","targetHints":{"allow":["GET"]}}],"collection":[{"href":"https:\/\/pipat-antiquites.fr\/fr\/wp-json\/wp\/v2\/product"}],"about":[{"href":"https:\/\/pipat-antiquites.fr\/fr\/wp-json\/wp\/v2\/types\/product"}],"wp:featuredmedia":[{"embeddable":true,"href":"https:\/\/pipat-antiquites.fr\/fr\/wp-json\/wp\/v2\/media\/105773"}],"wp:attachment":[{"href":"https:\/\/pipat-antiquites.fr\/fr\/wp-json\/wp\/v2\/media?parent=105781"}],"wp:term":[{"taxonomy":"product_brand","embeddable":true,"href":"https:\/\/pipat-antiquites.fr\/fr\/wp-json\/wp\/v2\/product_brand?post=105781"},{"taxonomy":"product_cat","embeddable":true,"href":"https:\/\/pipat-antiquites.fr\/fr\/wp-json\/wp\/v2\/product_cat?post=105781"},{"taxonomy":"product_tag","embeddable":true,"href":"https:\/\/pipat-antiquites.fr\/fr\/wp-json\/wp\/v2\/product_tag?post=105781"}],"curies":[{"name":"wp","href":"https:\/\/api.w.org\/{rel}","templated":true}]}}