{"id":105751,"date":"2024-05-31T09:28:26","date_gmt":"2024-05-31T07:28:26","guid":{"rendered":"https:\/\/pipat-antiquites.fr\/?post_type=product&#038;p=105751"},"modified":"2024-10-07T14:04:14","modified_gmt":"2024-10-07T12:04:14","slug":"bronze-jaguar-signe-clovis-edmond-masson-1838-1913","status":"publish","type":"product","link":"https:\/\/pipat-antiquites.fr\/fr\/objets\/bronze-jaguar-signe-clovis-edmond-masson-1838-1913\/","title":{"rendered":"Bronze \u00ab\u00a0Jaguar\u00a0\u00bb sign\u00e9 Clovis-Edmond Masson (1838 &#8211; 1913)"},"content":{"rendered":"<div class=\"wpb-content-wrapper\"><p>[vc_row][vc_column width=\u00a0\u00bb1\/1&Prime;][vc_custom_heading text_weight=\u00a0\u00bb300&Prime; uncode_shortcode_id=\u00a0\u00bb157023&Prime;]Bronze \u00ab\u00a0Jaguar\u00a0\u00bb sign\u00e9 Clovis-Edmond Masson (1838 &#8211; 1913)[\/vc_custom_heading][vc_column_text uncode_shortcode_id=\u00a0\u00bb507041&Prime;]Du haut de sa base en granit gris, un jaguar aux aguets semble tout pr\u00eat de bondir sur sa proie. Gr\u00e2ce \u00e0 une patine brune rendant les nuances fauves de la robe du f\u00e9lin, le sculpteur saisit l\u2019essence de cet animal. Clovis-Edmond Masson (1838 &#8211; 1913) fut l\u2019\u00e9l\u00e8ve de Antoine-Louis Barye, fameux sculpteur animalier fran\u00e7ais. \u00c0 partir de 1867, alors \u00e2ge de 29 ans, il commence \u00e0 exposer au Salon et ce jusqu\u2019en 1881. Il est l\u2019auteur de la sculpture \u00e9questre de Rama V, roi du Siam, aujourd\u2019hui en Tha\u00eflande. Notre bronze animalier est en parfait \u00e9tat.<\/p>\n<ul>\n<li>Prix de livraison en France m\u00e9tropolitaine : 15\u20ac<br \/>\nPrix de livraison en Europe : 35\u20ac<br \/>\nPrix de livraison autres destination : 55\u20ac<\/li>\n<\/ul>\n<p>[\/vc_column_text][\/vc_column][\/vc_row]<\/p>\n<\/div>","protected":false},"excerpt":{"rendered":"<p style=\"text-align: center;\">Bronze animalier \u00e0 patine brune, parfait \u00e9tat.<\/p>\n<p style=\"text-align: center;\">Dimensions :<\/p>\n<ul>\n<li style=\"text-align: center;\">Hauteur : 9.7 cm<br \/>\nLongueur : 18 cm<br \/>\nProfondeur : 8 cm<\/li>\n<\/ul>\n","protected":false},"featured_media":105743,"template":"","meta":{"_seopress_robots_primary_cat":"none","_seopress_titles_title":"Bronze \u00ab\u00a0Jaguar\u00a0\u00bb sign\u00e9 Clovis-Edmond Masson (1838 - 1913)","_seopress_titles_desc":"Bronze animalier \u00e0 patine brune, parfait \u00e9tat.","_seopress_robots_index":"","content-type":""},"product_brand":[],"product_cat":[77,122,188],"product_tag":[],"class_list":{"0":"post-105751","1":"product","2":"type-product","3":"status-publish","4":"has-post-thumbnail","6":"product_cat-beaux-arts","7":"product_cat-sculptures","8":"product_cat-bronze","9":"product_shipping_class-niveau-1","11":"first","12":"outofstock","13":"shipping-taxable","14":"purchasable","15":"product-type-simple","16":"add-to-wishlist-after_add_to_cart"},"_links":{"self":[{"href":"https:\/\/pipat-antiquites.fr\/fr\/wp-json\/wp\/v2\/product\/105751","targetHints":{"allow":["GET"]}}],"collection":[{"href":"https:\/\/pipat-antiquites.fr\/fr\/wp-json\/wp\/v2\/product"}],"about":[{"href":"https:\/\/pipat-antiquites.fr\/fr\/wp-json\/wp\/v2\/types\/product"}],"wp:featuredmedia":[{"embeddable":true,"href":"https:\/\/pipat-antiquites.fr\/fr\/wp-json\/wp\/v2\/media\/105743"}],"wp:attachment":[{"href":"https:\/\/pipat-antiquites.fr\/fr\/wp-json\/wp\/v2\/media?parent=105751"}],"wp:term":[{"taxonomy":"product_brand","embeddable":true,"href":"https:\/\/pipat-antiquites.fr\/fr\/wp-json\/wp\/v2\/product_brand?post=105751"},{"taxonomy":"product_cat","embeddable":true,"href":"https:\/\/pipat-antiquites.fr\/fr\/wp-json\/wp\/v2\/product_cat?post=105751"},{"taxonomy":"product_tag","embeddable":true,"href":"https:\/\/pipat-antiquites.fr\/fr\/wp-json\/wp\/v2\/product_tag?post=105751"}],"curies":[{"name":"wp","href":"https:\/\/api.w.org\/{rel}","templated":true}]}}