{"id":105732,"date":"2024-05-29T08:47:37","date_gmt":"2024-05-29T06:47:37","guid":{"rendered":"https:\/\/pipat-antiquites.fr\/?post_type=product&#038;p=105732"},"modified":"2026-01-19T09:30:22","modified_gmt":"2026-01-19T08:30:22","slug":"alphonse-debain-orfevre-sauciere-en-argent-massif-fin-xix-19-debut-xx-20-siecle","status":"publish","type":"product","link":"https:\/\/pipat-antiquites.fr\/fr\/objets\/alphonse-debain-orfevre-sauciere-en-argent-massif-fin-xix-19-debut-xx-20-siecle\/","title":{"rendered":"Sauci\u00e8re en argent massif, fin XIXe \/ d\u00e9but XXe si\u00e8cle"},"content":{"rendered":"<div class=\"wpb-content-wrapper\"><p>[vc_row][vc_column column_width_percent=\u00a0\u00bb100&Prime; gutter_size=\u00a0\u00bb3&Prime; override_padding=\u00a0\u00bbyes\u00a0\u00bb column_padding=\u00a0\u00bb3&Prime; overlay_alpha=\u00a0\u00bb50&Prime; shift_x=\u00a0\u00bb0&Prime; shift_y=\u00a0\u00bb0&Prime; shift_y_down=\u00a0\u00bb0&Prime; z_index=\u00a0\u00bb0&Prime; medium_width=\u00a0\u00bb0&Prime; mobile_width=\u00a0\u00bb0&Prime; width=\u00a0\u00bb1\/1&Prime; uncode_shortcode_id=\u00a0\u00bb285995&Prime;][vc_custom_heading text_weight=\u00a0\u00bb300&Prime; uncode_shortcode_id=\u00a0\u00bb102842&Prime;]Sauci\u00e8re en argent massif, fin XIXe \/ d\u00e9but XXe si\u00e8cle[\/vc_custom_heading][vc_column_text uncode_shortcode_id=\u00a0\u00bb192428&Prime;]Indispensable de l\u2019art de la table, cette sauci\u00e8re en argent massif \u00e9voque dans un style \u00e9pur\u00e9 les formes de la fin du r\u00e8gne de Louis XVI. Des brins de persil forment les anses de ce d\u00e9licat objet dont le poids s\u2019\u00e9l\u00e8ve \u00e0 824 grammes. Frapp\u00e9e d\u2019un net poin\u00e7on Minerve, cette sauci\u00e8re en parfait \u00e9tat est l\u2019\u0153uvre d\u2019Alphonse Debain qui exer\u00e7a au 79 rue du Temple \u00e0 Paris. Son poin\u00e7on de ma\u00eetre est ici parfaitement identifiable \u00e0 ces initiales s\u00e9par\u00e9es par une b\u00e9casse.<\/p>\n<ul>\n<li>Prix de livraison en France m\u00e9tropolitaine : 15\u20ac<br \/>\nPrix de livraison en Europe : 35\u20ac<br \/>\nPrix de livraison autres destination : 55\u20ac<\/li>\n<\/ul>\n<p>[\/vc_column_text][\/vc_column][\/vc_row]<\/p>\n<\/div>","protected":false},"excerpt":{"rendered":"<p style=\"text-align: center;\">Pi\u00e8ce de forme en parfait \u00e9tat de l&rsquo;orf\u00e8vre Alphonse Debain.<\/p>\n<p style=\"text-align: center;\">Dimensions :<\/p>\n<ul>\n<li style=\"text-align: center;\">Hauteur : 9,5 cm<br \/>\nLargeur : 24,5 cm<br \/>\nProfondeur : 17 cm<\/li>\n<\/ul>\n","protected":false},"featured_media":105728,"template":"","meta":{"_seopress_robots_primary_cat":"none","_seopress_titles_title":"Sauci\u00e8re en argent massif, fin XIXe \/ d\u00e9but XXe si\u00e8cle","_seopress_titles_desc":"Pi\u00e8ce de forme en parfait \u00e9tat de l'orf\u00e8vre Alphonse Debain.","_seopress_robots_index":"","_seopress_analysis_target_kw":"","content-type":""},"product_brand":[],"product_cat":[76,113,199],"product_tag":[],"class_list":{"0":"post-105732","1":"product","2":"type-product","3":"status-publish","4":"has-post-thumbnail","6":"product_cat-objets","7":"product_cat-orfevrerie-et-argenterie","8":"product_cat-pieces-de-forme","9":"product_shipping_class-niveau-1","11":"first","12":"outofstock","13":"shipping-taxable","14":"purchasable","15":"product-type-simple","16":"add-to-wishlist-after_add_to_cart"},"_links":{"self":[{"href":"https:\/\/pipat-antiquites.fr\/fr\/wp-json\/wp\/v2\/product\/105732","targetHints":{"allow":["GET"]}}],"collection":[{"href":"https:\/\/pipat-antiquites.fr\/fr\/wp-json\/wp\/v2\/product"}],"about":[{"href":"https:\/\/pipat-antiquites.fr\/fr\/wp-json\/wp\/v2\/types\/product"}],"wp:featuredmedia":[{"embeddable":true,"href":"https:\/\/pipat-antiquites.fr\/fr\/wp-json\/wp\/v2\/media\/105728"}],"wp:attachment":[{"href":"https:\/\/pipat-antiquites.fr\/fr\/wp-json\/wp\/v2\/media?parent=105732"}],"wp:term":[{"taxonomy":"product_brand","embeddable":true,"href":"https:\/\/pipat-antiquites.fr\/fr\/wp-json\/wp\/v2\/product_brand?post=105732"},{"taxonomy":"product_cat","embeddable":true,"href":"https:\/\/pipat-antiquites.fr\/fr\/wp-json\/wp\/v2\/product_cat?post=105732"},{"taxonomy":"product_tag","embeddable":true,"href":"https:\/\/pipat-antiquites.fr\/fr\/wp-json\/wp\/v2\/product_tag?post=105732"}],"curies":[{"name":"wp","href":"https:\/\/api.w.org\/{rel}","templated":true}]}}