{"id":105677,"date":"2024-05-15T10:36:38","date_gmt":"2024-05-15T08:36:38","guid":{"rendered":"https:\/\/pipat-antiquites.fr\/?post_type=product&#038;p=105677"},"modified":"2024-05-15T10:38:52","modified_gmt":"2024-05-15T08:38:52","slug":"art-de-la-table-presentoir-en-metal-et-ou-bronze-argente-xix-19-siecle","status":"publish","type":"product","link":"https:\/\/pipat-antiquites.fr\/fr\/objets\/art-de-la-table-presentoir-en-metal-et-ou-bronze-argente-xix-19-siecle\/","title":{"rendered":"Pr\u00e9sentoir en m\u00e9tal et\/ou bronze argent\u00e9, XIXe si\u00e8cle"},"content":{"rendered":"<div class=\"wpb-content-wrapper\"><p>[vc_row][vc_column column_width_percent=\u00a0\u00bb100&Prime; gutter_size=\u00a0\u00bb3&Prime; override_padding=\u00a0\u00bbyes\u00a0\u00bb column_padding=\u00a0\u00bb3&Prime; overlay_alpha=\u00a0\u00bb50&Prime; shift_x=\u00a0\u00bb0&Prime; shift_y=\u00a0\u00bb0&Prime; shift_y_down=\u00a0\u00bb0&Prime; z_index=\u00a0\u00bb0&Prime; medium_width=\u00a0\u00bb0&Prime; mobile_width=\u00a0\u00bb0&Prime; width=\u00a0\u00bb1\/1&Prime; uncode_shortcode_id=\u00a0\u00bb107975&Prime;][vc_custom_heading text_weight=\u00a0\u00bb300&Prime; uncode_shortcode_id=\u00a0\u00bb211219&Prime;]Pr\u00e9sentoir en m\u00e9tal et\/ou bronze argent\u00e9, XIXe si\u00e8cle[\/vc_custom_heading][vc_column_text uncode_shortcode_id=\u00a0\u00bb130012&Prime;]\u00c0 la mani\u00e8re d\u2019un pilier herma\u00efque, le buste de Dionysos s\u2019\u00e9l\u00e8ve sur une gaine quadrangulaire contre laquelle est appuy\u00e9e la thyrse du dieu, ainsi qu\u2019une fl\u00fbte de pan et un cor. De ses bras tendus, il soutient une coquille portant elle-m\u00eame une coupe de pr\u00e9sentation. Au c\u00f4t\u00e9 de Dionysos, associ\u00e9 au passage et \u00e0 la transition, une M\u00e9nade v\u00eatue d\u2019un p\u00e9plos et de sandales porte une coupe de vin aux l\u00e8vres du dieu. Assis \u00e0 ses pieds, un putto joue de l\u2019aulos (fl\u00fbte \u00e0 deux becs). Le pied en m\u00e9tal repouss\u00e9 est de style Louis XV. L\u2019ensemble est en parfait \u00e9tat.<\/p>\n<ul>\n<li>Prix de livraison en France m\u00e9tropolitaine : 35\u20ac<br \/>\nPrix de livraison en Europe : 55\u20ac<br \/>\nPrix de livraison autres destination : 75\u20ac<\/li>\n<\/ul>\n<p>[\/vc_column_text][\/vc_column][\/vc_row]<\/p>\n<\/div>","protected":false},"excerpt":{"rendered":"<p style=\"text-align: center;\">Style \u00e9clectique alliant n\u00e9oclassicisme et style Louis XV, parfait \u00e9tat.<\/p>\n<p style=\"text-align: center;\">Dimensions :<\/p>\n<ul>\n<li style=\"text-align: center;\">Hauteur : 45.5 cm<br \/>\nDiam\u00e8tre : 30 cm<\/li>\n<\/ul>\n","protected":false},"featured_media":105671,"template":"","meta":{"_seopress_robots_primary_cat":"none","_seopress_titles_title":"Pr\u00e9sentoir en m\u00e9tal et\/ou bronze argent\u00e9, XIXe si\u00e8cle","_seopress_titles_desc":"Style \u00e9clectique alliant n\u00e9oclassicisme et style Louis XV, parfait \u00e9tat.","_seopress_robots_index":"","content-type":""},"product_brand":[],"product_cat":[76,113,114,199,208],"product_tag":[],"class_list":{"0":"post-105677","1":"product","2":"type-product","3":"status-publish","4":"has-post-thumbnail","6":"product_cat-objets","7":"product_cat-orfevrerie-et-argenterie","8":"product_cat-arts-decoratifs","9":"product_cat-pieces-de-forme","10":"product_cat-coupes-vasques-et-cassolettes","11":"product_shipping_class-niveau-2","13":"first","14":"instock","15":"shipping-taxable","16":"purchasable","17":"product-type-simple","18":"add-to-wishlist-after_add_to_cart"},"_links":{"self":[{"href":"https:\/\/pipat-antiquites.fr\/fr\/wp-json\/wp\/v2\/product\/105677","targetHints":{"allow":["GET"]}}],"collection":[{"href":"https:\/\/pipat-antiquites.fr\/fr\/wp-json\/wp\/v2\/product"}],"about":[{"href":"https:\/\/pipat-antiquites.fr\/fr\/wp-json\/wp\/v2\/types\/product"}],"wp:featuredmedia":[{"embeddable":true,"href":"https:\/\/pipat-antiquites.fr\/fr\/wp-json\/wp\/v2\/media\/105671"}],"wp:attachment":[{"href":"https:\/\/pipat-antiquites.fr\/fr\/wp-json\/wp\/v2\/media?parent=105677"}],"wp:term":[{"taxonomy":"product_brand","embeddable":true,"href":"https:\/\/pipat-antiquites.fr\/fr\/wp-json\/wp\/v2\/product_brand?post=105677"},{"taxonomy":"product_cat","embeddable":true,"href":"https:\/\/pipat-antiquites.fr\/fr\/wp-json\/wp\/v2\/product_cat?post=105677"},{"taxonomy":"product_tag","embeddable":true,"href":"https:\/\/pipat-antiquites.fr\/fr\/wp-json\/wp\/v2\/product_tag?post=105677"}],"curies":[{"name":"wp","href":"https:\/\/api.w.org\/{rel}","templated":true}]}}