{"id":105627,"date":"2024-05-10T10:17:38","date_gmt":"2024-05-10T08:17:38","guid":{"rendered":"https:\/\/pipat-antiquites.fr\/?post_type=product&#038;p=105627"},"modified":"2024-05-10T10:20:03","modified_gmt":"2024-05-10T08:20:03","slug":"cache-pot-en-porcelaine-de-sevres-epoque-empire-xix-19-siecle","status":"publish","type":"product","link":"https:\/\/pipat-antiquites.fr\/fr\/objets\/cache-pot-en-porcelaine-de-sevres-epoque-empire-xix-19-siecle\/","title":{"rendered":"Cache-pot en porcelaine de S\u00e8vres d\u2019\u00e9poque Empire"},"content":{"rendered":"<div class=\"wpb-content-wrapper\"><p>[vc_row][vc_column column_width_percent=\u00a0\u00bb100&Prime; gutter_size=\u00a0\u00bb3&Prime; override_padding=\u00a0\u00bbyes\u00a0\u00bb column_padding=\u00a0\u00bb3&Prime; overlay_alpha=\u00a0\u00bb50&Prime; shift_x=\u00a0\u00bb0&Prime; shift_y=\u00a0\u00bb0&Prime; shift_y_down=\u00a0\u00bb0&Prime; z_index=\u00a0\u00bb0&Prime; medium_width=\u00a0\u00bb0&Prime; mobile_width=\u00a0\u00bb0&Prime; width=\u00a0\u00bb1\/1&Prime; uncode_shortcode_id=\u00a0\u00bb162146&Prime;][vc_custom_heading text_weight=\u00a0\u00bb300&Prime; uncode_shortcode_id=\u00a0\u00bb248804&Prime;]Cache-pot en porcelaine de S\u00e8vres d\u2019\u00e9poque Empire[\/vc_custom_heading][vc_column_text uncode_shortcode_id=\u00a0\u00bb138890&Prime;]Sur une porcelaine \u00e0 p\u00e2te dure d\u2019un blanc immacul\u00e9, le d\u00e9cor dor\u00e9 emploie un vocabulaire antique faisant explicitement r\u00e9f\u00e9rence \u00e0 Dionysos, dieu ancr\u00e9 dans la nature et propice \u00e0 sa profusion ; un vocabulaire on ne peut plus adapt\u00e9 \u00e0 un cache-pot. Une frise d\u2019entrelacs et fleurettes sur la l\u00e8vre pr\u00e9c\u00e8de des thyrses dionysiaques sur lesquelles s\u2019enroule du lierre et auxquelles sont suspendues des guirlandes de laurier. Entre chaque thyrse, un cor et une lance, des torches, des cymbales, un aulos (une fl\u00fbte \u00e0 deux becs) et une harpe sont autant d\u2019attributs de Dionysos et de ses Bacchantes. Ce cache-pot est en parfait \u00e9tat.<\/p>\n<ul>\n<li>Prix de livraison en France m\u00e9tropolitaine : 55\u20ac<br \/>\nPrix de livraison en Europe : 95\u20ac<br \/>\nPrix de livraison autres destination : 125\u20ac<\/li>\n<\/ul>\n<p>[\/vc_column_text][\/vc_column][\/vc_row]<\/p>\n<\/div>","protected":false},"excerpt":{"rendered":"<p style=\"text-align: center;\">D\u00e9cor aux attributs dionysiaques sur porcelaine \u00e0 p\u00e2te dure. Excellent \u00e9tat.<\/p>\n<p style=\"text-align: center;\">Dimensions du cache-pot :<\/p>\n<ul style=\"text-align: center;\">\n<li>Hauteur : 19 cm<br \/>\nDiam\u00e8tre : 23.5 cm<\/li>\n<\/ul>\n<p style=\"text-align: center;\">Dimensions du socle :<\/p>\n<ul>\n<li style=\"text-align: center;\">Hauteur : 6.5 cm<br \/>\nDiam\u00e8tre : 18.3 cm<\/li>\n<\/ul>\n","protected":false},"featured_media":105625,"template":"","meta":{"_seopress_robots_primary_cat":"none","_seopress_titles_title":"Cache-pot en porcelaine de S\u00e8vres d\u2019\u00e9poque Empire","_seopress_titles_desc":"D\u00e9cor aux attributs dionysiaques sur porcelaine \u00e0 p\u00e2te dure. Excellent \u00e9tat.","_seopress_robots_index":"","content-type":""},"product_brand":[],"product_cat":[76,114,116,211,223],"product_tag":[],"class_list":{"0":"post-105627","1":"product","2":"type-product","3":"status-publish","4":"has-post-thumbnail","6":"product_cat-objets","7":"product_cat-arts-decoratifs","8":"product_cat-porcelaine","9":"product_cat-jardinieres-et-cache-pots","10":"product_cat-objets-decoration-vases","11":"product_shipping_class-niveau-5","13":"first","14":"instock","15":"shipping-taxable","16":"purchasable","17":"product-type-simple","18":"add-to-wishlist-after_add_to_cart"},"_links":{"self":[{"href":"https:\/\/pipat-antiquites.fr\/fr\/wp-json\/wp\/v2\/product\/105627","targetHints":{"allow":["GET"]}}],"collection":[{"href":"https:\/\/pipat-antiquites.fr\/fr\/wp-json\/wp\/v2\/product"}],"about":[{"href":"https:\/\/pipat-antiquites.fr\/fr\/wp-json\/wp\/v2\/types\/product"}],"wp:featuredmedia":[{"embeddable":true,"href":"https:\/\/pipat-antiquites.fr\/fr\/wp-json\/wp\/v2\/media\/105625"}],"wp:attachment":[{"href":"https:\/\/pipat-antiquites.fr\/fr\/wp-json\/wp\/v2\/media?parent=105627"}],"wp:term":[{"taxonomy":"product_brand","embeddable":true,"href":"https:\/\/pipat-antiquites.fr\/fr\/wp-json\/wp\/v2\/product_brand?post=105627"},{"taxonomy":"product_cat","embeddable":true,"href":"https:\/\/pipat-antiquites.fr\/fr\/wp-json\/wp\/v2\/product_cat?post=105627"},{"taxonomy":"product_tag","embeddable":true,"href":"https:\/\/pipat-antiquites.fr\/fr\/wp-json\/wp\/v2\/product_tag?post=105627"}],"curies":[{"name":"wp","href":"https:\/\/api.w.org\/{rel}","templated":true}]}}