{"id":105571,"date":"2024-05-06T10:32:43","date_gmt":"2024-05-06T08:32:43","guid":{"rendered":"https:\/\/pipat-antiquites.fr\/?post_type=product&#038;p=105571"},"modified":"2025-04-22T11:41:23","modified_gmt":"2025-04-22T09:41:23","slug":"bronze-de-vienne-bronze-animalier-chien-de-chasse-xix-19-siecle","status":"publish","type":"product","link":"https:\/\/pipat-antiquites.fr\/fr\/objets\/bronze-de-vienne-bronze-animalier-chien-de-chasse-xix-19-siecle\/","title":{"rendered":"Bronze de Vienne, XIXe si\u00e8cle"},"content":{"rendered":"<div class=\"wpb-content-wrapper\"><p>[vc_row][vc_column width=\u00a0\u00bb1\/1&Prime;][vc_custom_heading text_weight=\u00a0\u00bb300&Prime; uncode_shortcode_id=\u00a0\u00bb955925&Prime;]Bronze de Vienne, XIXe si\u00e8cle[\/vc_custom_heading][vc_column_text uncode_shortcode_id=\u00a0\u00bb994064&Prime;]Probablement un braque, ce chien de chasse semble juste apercevoir le li\u00e8vre qui se trouve \u00e0 quelques centim\u00e8tres de lui. R\u00e9alis\u00e9 avec beaucoup de soin et de r\u00e9alisme, ce bronze de Vienne saisit parfaitement l\u2019allure alti\u00e8re des chiens de chasse. Ce bronze animalier peint et en tr\u00e8s bon \u00e9tat est pr\u00e9sent\u00e9 sur socle en bois.<\/p>\n<ul>\n<li>Prix de livraison en France m\u00e9tropolitaine : 15\u20ac<br \/>\nPrix de livraison en Europe : 35\u20ac<br \/>\nPrix de livraison autres destination : 55\u20ac<\/li>\n<\/ul>\n<p>[\/vc_column_text][\/vc_column][\/vc_row]<\/p>\n<\/div>","protected":false},"excerpt":{"rendered":"<p style=\"text-align: center;\">Chien de chasse en bronze peint sur socle en bois, tr\u00e8s bon \u00e9tat.<\/p>\n<p style=\"text-align: center;\">Dimensions :<\/p>\n<ul>\n<li style=\"text-align: center;\">Hauteur : 11.5 cm<br \/>\nLargeur : 7.6 cm<br \/>\nLongueur : 14.5 cm<\/li>\n<\/ul>\n","protected":false},"featured_media":105563,"template":"","meta":{"_seopress_robots_primary_cat":"none","_seopress_titles_title":"Bronze de Vienne, XIXe si\u00e8cle","_seopress_titles_desc":"Chien de chasse en bronze peint sur socle en bois, tr\u00e8s bon \u00e9tat.","_seopress_robots_index":"","content-type":""},"product_brand":[],"product_cat":[122,188,77],"product_tag":[],"class_list":{"0":"post-105571","1":"product","2":"type-product","3":"status-publish","4":"has-post-thumbnail","6":"product_cat-sculptures","7":"product_cat-bronze","8":"product_cat-beaux-arts","9":"product_shipping_class-niveau-1","11":"first","12":"outofstock","13":"shipping-taxable","14":"purchasable","15":"product-type-simple","16":"add-to-wishlist-after_add_to_cart"},"_links":{"self":[{"href":"https:\/\/pipat-antiquites.fr\/fr\/wp-json\/wp\/v2\/product\/105571","targetHints":{"allow":["GET"]}}],"collection":[{"href":"https:\/\/pipat-antiquites.fr\/fr\/wp-json\/wp\/v2\/product"}],"about":[{"href":"https:\/\/pipat-antiquites.fr\/fr\/wp-json\/wp\/v2\/types\/product"}],"wp:featuredmedia":[{"embeddable":true,"href":"https:\/\/pipat-antiquites.fr\/fr\/wp-json\/wp\/v2\/media\/105563"}],"wp:attachment":[{"href":"https:\/\/pipat-antiquites.fr\/fr\/wp-json\/wp\/v2\/media?parent=105571"}],"wp:term":[{"taxonomy":"product_brand","embeddable":true,"href":"https:\/\/pipat-antiquites.fr\/fr\/wp-json\/wp\/v2\/product_brand?post=105571"},{"taxonomy":"product_cat","embeddable":true,"href":"https:\/\/pipat-antiquites.fr\/fr\/wp-json\/wp\/v2\/product_cat?post=105571"},{"taxonomy":"product_tag","embeddable":true,"href":"https:\/\/pipat-antiquites.fr\/fr\/wp-json\/wp\/v2\/product_tag?post=105571"}],"curies":[{"name":"wp","href":"https:\/\/api.w.org\/{rel}","templated":true}]}}