{"id":105436,"date":"2024-04-18T10:43:18","date_gmt":"2024-04-18T08:43:18","guid":{"rendered":"https:\/\/pipat-antiquites.fr\/?post_type=product&#038;p=105436"},"modified":"2024-04-18T10:45:47","modified_gmt":"2024-04-18T08:45:47","slug":"nef-neo-renaissance-autriche-xix-19","status":"publish","type":"product","link":"https:\/\/pipat-antiquites.fr\/fr\/objets\/nef-neo-renaissance-autriche-xix-19\/","title":{"rendered":"Nef n\u00e9o-Renaissance, Autriche, XIXe"},"content":{"rendered":"<div class=\"wpb-content-wrapper\"><p>[vc_row][vc_column column_width_percent=\u00a0\u00bb100&Prime; gutter_size=\u00a0\u00bb3&Prime; override_padding=\u00a0\u00bbyes\u00a0\u00bb column_padding=\u00a0\u00bb3&Prime; overlay_alpha=\u00a0\u00bb50&Prime; shift_x=\u00a0\u00bb0&Prime; shift_y=\u00a0\u00bb0&Prime; shift_y_down=\u00a0\u00bb0&Prime; z_index=\u00a0\u00bb0&Prime; medium_width=\u00a0\u00bb0&Prime; mobile_width=\u00a0\u00bb0&Prime; width=\u00a0\u00bb1\/1&Prime; uncode_shortcode_id=\u00a0\u00bb177624&Prime;][vc_custom_heading text_weight=\u00a0\u00bb300&Prime; uncode_shortcode_id=\u00a0\u00bb121114&Prime;]Nef n\u00e9o-Renaissance, Autriche, XIXe[\/vc_custom_heading][vc_column_text uncode_shortcode_id=\u00a0\u00bb148981&Prime;]Voici un bel \u00e9quipage ! Cet nef de table en parfait, \u00e9tat faite de bois, de verre, de bronze et de m\u00e9tal argent\u00e9 \u00e0 la feuille, vogue dans le plus simple appareil. En figure de proue, un cupidon arm\u00e9 de son arc annonce la venue de la divine Aphrodite assise \u00e0 la poupe. La nef avance \u00e0 vive allure \u00e0 voir les flots qui heurtent la coque. Cette pi\u00e8ce de forme, encore tr\u00e8s appr\u00e9ci\u00e9e au XIXe si\u00e8cle pour le d\u00e9cor et l\u2019animation de la table participait d\u2019un art de vivre h\u00e9rit\u00e9 de la Renaissance europ\u00e9enne.<\/p>\n<ul>\n<li>Prix de livraison en France m\u00e9tropolitaine : 115\u20ac<br \/>\nPrix de livraison en Europe : 155\u20ac<br \/>\nPrix de livraison autres destination : 195\u20ac<\/li>\n<\/ul>\n<p>[\/vc_column_text][\/vc_column][\/vc_row]<\/p>\n<\/div>","protected":false},"excerpt":{"rendered":"<p style=\"text-align: center;\">Nef de table en bois, bronze argent\u00e9 et verre en parfait \u00e9tat.<\/p>\n<p style=\"text-align: center;\">Dimensions :<\/p>\n<ul>\n<li style=\"text-align: center;\">Hauteur avant : 40 cm<br \/>\nHauteur arri\u00e8re : 30 cm<br \/>\nLargeur : 22 cm<br \/>\nLongueur : 50 cm<\/li>\n<\/ul>\n","protected":false},"featured_media":105432,"template":"","meta":{"_seopress_robots_primary_cat":"none","_seopress_titles_title":"Nef n\u00e9o-Renaissance, Autriche, XIXe","_seopress_titles_desc":"Nef de table en bois, bronze argent\u00e9 et verre en parfait \u00e9tat.","_seopress_robots_index":"","content-type":""},"product_brand":[],"product_cat":[199,76,113],"product_tag":[],"class_list":{"0":"post-105436","1":"product","2":"type-product","3":"status-publish","4":"has-post-thumbnail","6":"product_cat-pieces-de-forme","7":"product_cat-objets","8":"product_cat-orfevrerie-et-argenterie","9":"product_shipping_class-niveau-4","11":"first","12":"instock","13":"shipping-taxable","14":"purchasable","15":"product-type-simple","16":"add-to-wishlist-after_add_to_cart"},"_links":{"self":[{"href":"https:\/\/pipat-antiquites.fr\/fr\/wp-json\/wp\/v2\/product\/105436","targetHints":{"allow":["GET"]}}],"collection":[{"href":"https:\/\/pipat-antiquites.fr\/fr\/wp-json\/wp\/v2\/product"}],"about":[{"href":"https:\/\/pipat-antiquites.fr\/fr\/wp-json\/wp\/v2\/types\/product"}],"wp:featuredmedia":[{"embeddable":true,"href":"https:\/\/pipat-antiquites.fr\/fr\/wp-json\/wp\/v2\/media\/105432"}],"wp:attachment":[{"href":"https:\/\/pipat-antiquites.fr\/fr\/wp-json\/wp\/v2\/media?parent=105436"}],"wp:term":[{"taxonomy":"product_brand","embeddable":true,"href":"https:\/\/pipat-antiquites.fr\/fr\/wp-json\/wp\/v2\/product_brand?post=105436"},{"taxonomy":"product_cat","embeddable":true,"href":"https:\/\/pipat-antiquites.fr\/fr\/wp-json\/wp\/v2\/product_cat?post=105436"},{"taxonomy":"product_tag","embeddable":true,"href":"https:\/\/pipat-antiquites.fr\/fr\/wp-json\/wp\/v2\/product_tag?post=105436"}],"curies":[{"name":"wp","href":"https:\/\/api.w.org\/{rel}","templated":true}]}}