{"id":105414,"date":"2024-04-11T15:49:10","date_gmt":"2024-04-11T13:49:10","guid":{"rendered":"https:\/\/pipat-antiquites.fr\/?post_type=product&#038;p=105414"},"modified":"2024-04-11T15:52:19","modified_gmt":"2024-04-11T13:52:19","slug":"chat-joueur-bronze-animalier-sonnette-de-table-xix-19-siecle","status":"publish","type":"product","link":"https:\/\/pipat-antiquites.fr\/fr\/objets\/chat-joueur-bronze-animalier-sonnette-de-table-xix-19-siecle\/","title":{"rendered":"Sonnette de table, XIXe si\u00e8cle"},"content":{"rendered":"<div class=\"wpb-content-wrapper\"><p>[vc_row][vc_column column_width_percent=\u00a0\u00bb100&Prime; gutter_size=\u00a0\u00bb3&Prime; override_padding=\u00a0\u00bbyes\u00a0\u00bb column_padding=\u00a0\u00bb3&Prime; overlay_alpha=\u00a0\u00bb50&Prime; shift_x=\u00a0\u00bb0&Prime; shift_y=\u00a0\u00bb0&Prime; shift_y_down=\u00a0\u00bb0&Prime; z_index=\u00a0\u00bb0&Prime; medium_width=\u00a0\u00bb0&Prime; mobile_width=\u00a0\u00bb0&Prime; width=\u00a0\u00bb1\/1&Prime; uncode_shortcode_id=\u00a0\u00bb199895&Prime;][vc_custom_heading text_weight=\u00a0\u00bb300&Prime; uncode_shortcode_id=\u00a0\u00bb322044&Prime;]Sonnette de table, XIXe si\u00e8cle[\/vc_custom_heading][vc_column_text uncode_shortcode_id=\u00a0\u00bb136727&Prime;]Oserez-vous appuyer sur ce bouton ? Ce chat en bronze dor\u00e9 n\u2019attend que \u00e7a ! Il guette le moment o\u00f9 le bouton se rel\u00e8vera pour \u00e0 nouveau appuyer dessus. Aucun doute que le bronzier qui le fa\u00e7onna avait pris le temps d\u2019appr\u00e9cier le comportement des f\u00e9lins ! L\u2019attitude est tr\u00e8s naturaliste et tr\u00e8s bien mise en valeur sur ce socle de marbre. L\u2019ensemble est en tr\u00e8s bon \u00e9tat.<\/p>\n<ul>\n<li>Prix de livraison en France m\u00e9tropolitaine : 35\u20ac<br \/>\nPrix de livraison en Europe : 55\u20ac<br \/>\nPrix de livraison autres destination : 75\u20ac<\/li>\n<\/ul>\n<p>[\/vc_column_text][\/vc_column][\/vc_row]<\/p>\n<\/div>","protected":false},"excerpt":{"rendered":"<p style=\"text-align: center;\">Bronze animalier sur socle en marbre. Tr\u00e8s bon \u00e9tat.<\/p>\n<p style=\"text-align: center;\">Dimensions :<\/p>\n<ul>\n<li style=\"text-align: center;\">Hauteur : 6.3 cm<br \/>\nLargeur : 6 cm<br \/>\nLongueur : 12.3 cm<\/li>\n<\/ul>\n","protected":false},"featured_media":105410,"template":"","meta":{"_seopress_robots_primary_cat":"none","_seopress_titles_title":"Sonnette de table, XIXe si\u00e8cle","_seopress_titles_desc":"Bronze animalier sur socle en marbre. Tr\u00e8s bon \u00e9tat.","_seopress_robots_index":"","content-type":""},"product_brand":[],"product_cat":[76,77,118,122,188,231],"product_tag":[],"class_list":{"0":"post-105414","1":"product","2":"type-product","3":"status-publish","4":"has-post-thumbnail","6":"product_cat-objets","7":"product_cat-beaux-arts","8":"product_cat-objets-de-collection","9":"product_cat-sculptures","10":"product_cat-bronze","11":"product_cat-objets-de-curiosite","12":"product_shipping_class-niveau-2","14":"first","15":"instock","16":"shipping-taxable","17":"purchasable","18":"product-type-simple","19":"add-to-wishlist-after_add_to_cart"},"_links":{"self":[{"href":"https:\/\/pipat-antiquites.fr\/fr\/wp-json\/wp\/v2\/product\/105414","targetHints":{"allow":["GET"]}}],"collection":[{"href":"https:\/\/pipat-antiquites.fr\/fr\/wp-json\/wp\/v2\/product"}],"about":[{"href":"https:\/\/pipat-antiquites.fr\/fr\/wp-json\/wp\/v2\/types\/product"}],"wp:featuredmedia":[{"embeddable":true,"href":"https:\/\/pipat-antiquites.fr\/fr\/wp-json\/wp\/v2\/media\/105410"}],"wp:attachment":[{"href":"https:\/\/pipat-antiquites.fr\/fr\/wp-json\/wp\/v2\/media?parent=105414"}],"wp:term":[{"taxonomy":"product_brand","embeddable":true,"href":"https:\/\/pipat-antiquites.fr\/fr\/wp-json\/wp\/v2\/product_brand?post=105414"},{"taxonomy":"product_cat","embeddable":true,"href":"https:\/\/pipat-antiquites.fr\/fr\/wp-json\/wp\/v2\/product_cat?post=105414"},{"taxonomy":"product_tag","embeddable":true,"href":"https:\/\/pipat-antiquites.fr\/fr\/wp-json\/wp\/v2\/product_tag?post=105414"}],"curies":[{"name":"wp","href":"https:\/\/api.w.org\/{rel}","templated":true}]}}