{"id":105398,"date":"2024-04-10T11:56:53","date_gmt":"2024-04-10T09:56:53","guid":{"rendered":"https:\/\/pipat-antiquites.fr\/?post_type=product&#038;p=105398"},"modified":"2024-04-19T16:46:32","modified_gmt":"2024-04-19T14:46:32","slug":"petit-bronze-lievre-dapres-antoine-louis-barye-1795-1875","status":"publish","type":"product","link":"https:\/\/pipat-antiquites.fr\/fr\/objets\/petit-bronze-lievre-dapres-antoine-louis-barye-1795-1875\/","title":{"rendered":"Petit bronze Li\u00e8vre, d\u2019apr\u00e8s Antoine-Louis Barye (1795 &#8211; 1875)"},"content":{"rendered":"<div class=\"wpb-content-wrapper\"><p>[vc_row][vc_column column_width_percent=\u00a0\u00bb100&Prime; gutter_size=\u00a0\u00bb3&Prime; override_padding=\u00a0\u00bbyes\u00a0\u00bb column_padding=\u00a0\u00bb3&Prime; overlay_alpha=\u00a0\u00bb50&Prime; shift_x=\u00a0\u00bb0&Prime; shift_y=\u00a0\u00bb0&Prime; shift_y_down=\u00a0\u00bb0&Prime; z_index=\u00a0\u00bb0&Prime; medium_width=\u00a0\u00bb0&Prime; mobile_width=\u00a0\u00bb0&Prime; width=\u00a0\u00bb1\/1&Prime; uncode_shortcode_id=\u00a0\u00bb114130&Prime;][vc_custom_heading text_weight=\u00a0\u00bb300&Prime; uncode_shortcode_id=\u00a0\u00bb363947&Prime;]Petit bronze Li\u00e8vre, d\u2019apr\u00e8s Antoine-Louis Barye (1795 &#8211; 1875)[\/vc_custom_heading][vc_column_text uncode_shortcode_id=\u00a0\u00bb169710&Prime;]Ce ravissant petit li\u00e8vre \u00e0 la patine l\u00e9g\u00e8rement argent\u00e9e et aux oreilles redress\u00e9es se tient sur une petite base de bronze dor\u00e9. Il est en parfait \u00e9tat.<\/p>\n<ul>\n<li>Prix de livraison en France m\u00e9tropolitaine : 15\u20ac<br \/>\nPrix de livraison en Europe : 35\u20ac<br \/>\nPrix de livraison autres destination : 55\u20ac<\/li>\n<\/ul>\n<p>[\/vc_column_text][\/vc_column][\/vc_row]<\/p>\n<\/div>","protected":false},"excerpt":{"rendered":"<p style=\"text-align: center;\">Bronze d\u00e9coratif en parfait \u00e9tat.<\/p>\n<p style=\"text-align: center;\">Dimensions :<\/p>\n<ul>\n<li style=\"text-align: center;\">Hauteur : 3.8 cm<br \/>\nLongueur : 7.9 cm<br \/>\nLargeur : 3.2 cm<\/li>\n<\/ul>\n","protected":false},"featured_media":105390,"template":"","meta":{"_seopress_robots_primary_cat":"none","_seopress_titles_title":"Petit bronze Li\u00e8vre, d\u2019apr\u00e8s Antoine-Louis Barye (1795 - 1875)","_seopress_titles_desc":"Bronze d\u00e9coratif en parfait \u00e9tat.","_seopress_robots_index":"","content-type":""},"product_brand":[],"product_cat":[188,77,122],"product_tag":[],"class_list":{"0":"post-105398","1":"product","2":"type-product","3":"status-publish","4":"has-post-thumbnail","6":"product_cat-bronze","7":"product_cat-beaux-arts","8":"product_cat-sculptures","9":"product_shipping_class-niveau-1","11":"first","12":"outofstock","13":"shipping-taxable","14":"purchasable","15":"product-type-simple","16":"add-to-wishlist-after_add_to_cart"},"_links":{"self":[{"href":"https:\/\/pipat-antiquites.fr\/fr\/wp-json\/wp\/v2\/product\/105398","targetHints":{"allow":["GET"]}}],"collection":[{"href":"https:\/\/pipat-antiquites.fr\/fr\/wp-json\/wp\/v2\/product"}],"about":[{"href":"https:\/\/pipat-antiquites.fr\/fr\/wp-json\/wp\/v2\/types\/product"}],"wp:featuredmedia":[{"embeddable":true,"href":"https:\/\/pipat-antiquites.fr\/fr\/wp-json\/wp\/v2\/media\/105390"}],"wp:attachment":[{"href":"https:\/\/pipat-antiquites.fr\/fr\/wp-json\/wp\/v2\/media?parent=105398"}],"wp:term":[{"taxonomy":"product_brand","embeddable":true,"href":"https:\/\/pipat-antiquites.fr\/fr\/wp-json\/wp\/v2\/product_brand?post=105398"},{"taxonomy":"product_cat","embeddable":true,"href":"https:\/\/pipat-antiquites.fr\/fr\/wp-json\/wp\/v2\/product_cat?post=105398"},{"taxonomy":"product_tag","embeddable":true,"href":"https:\/\/pipat-antiquites.fr\/fr\/wp-json\/wp\/v2\/product_tag?post=105398"}],"curies":[{"name":"wp","href":"https:\/\/api.w.org\/{rel}","templated":true}]}}