{"id":104935,"date":"2024-02-15T10:13:02","date_gmt":"2024-02-15T09:13:02","guid":{"rendered":"https:\/\/pipat-antiquites.fr\/?post_type=product&#038;p=104935"},"modified":"2024-06-11T18:26:50","modified_gmt":"2024-06-11T16:26:50","slug":"table-ou-console-style-louis-xiii-13-fin-xix-19-siecle","status":"publish","type":"product","link":"https:\/\/pipat-antiquites.fr\/fr\/objets\/table-ou-console-style-louis-xiii-13-fin-xix-19-siecle\/","title":{"rendered":"Table ou console, fin XIXe si\u00e8cle"},"content":{"rendered":"<div class=\"wpb-content-wrapper\"><p>[vc_row][vc_column column_width_percent=\u00a0\u00bb100&Prime; gutter_size=\u00a0\u00bb3&Prime; override_padding=\u00a0\u00bbyes\u00a0\u00bb column_padding=\u00a0\u00bb3&Prime; overlay_alpha=\u00a0\u00bb50&Prime; shift_x=\u00a0\u00bb0&Prime; shift_y=\u00a0\u00bb0&Prime; shift_y_down=\u00a0\u00bb0&Prime; z_index=\u00a0\u00bb0&Prime; medium_width=\u00a0\u00bb0&Prime; mobile_width=\u00a0\u00bb0&Prime; width=\u00a0\u00bb1\/1&Prime; uncode_shortcode_id=\u00a0\u00bb195028&Prime;][vc_custom_heading text_weight=\u00a0\u00bb300&Prime; uncode_shortcode_id=\u00a0\u00bb149949&Prime;]Table ou console, fin XIXe si\u00e8cle[\/vc_custom_heading][vc_column_text uncode_shortcode_id=\u00a0\u00bb575893&Prime;]Tr\u00e8s belle table \u00e0 double vantaux articul\u00e9s pouvant faire de ce meuble ancien et rustique une ravissante console. Le plateau est joliment patin\u00e9 tandis que les pieds tourn\u00e9es sont r\u00e9unis par une entretoise. L\u2019ensemble en tr\u00e8s bon \u00e9tat est id\u00e9al pour une cuisine ou une petite salle \u00e0 manger.[\/vc_column_text][\/vc_column][\/vc_row]<\/p>\n<\/div>","protected":false},"excerpt":{"rendered":"<p style=\"text-align: center;\">Table pliable rustique ou console en tr\u00e8s bon \u00e9tat.<\/p>\n<p style=\"text-align: center;\">Dimensions :<\/p>\n<ul>\n<li style=\"text-align: center;\">Hauteur pli\u00e9e : 78 cm<br \/>\nHauteur d\u00e9pli\u00e9e : 75.5<br \/>\nLargeur pli\u00e9e : 42 cm<br \/>\nLargeur d\u00e9pli\u00e9e : 85 cm<br \/>\nLongueur : 180 cm<\/li>\n<\/ul>\n","protected":false},"featured_media":104933,"template":"","meta":{"_seopress_robots_primary_cat":"none","_seopress_titles_title":"Table ou console, fin XIXe si\u00e8cle","_seopress_titles_desc":"Table pliable rustique ou console en tr\u00e8s bon \u00e9tat.","_seopress_robots_index":"","content-type":""},"product_brand":[],"product_cat":[69,106,132,136],"product_tag":[],"class_list":{"0":"post-104935","1":"product","2":"type-product","3":"status-publish","4":"has-post-thumbnail","6":"product_cat-mobilier","7":"product_cat-meubles","8":"product_cat-consoles","9":"product_cat-tables-et-gueridons","11":"first","12":"outofstock","13":"shipping-taxable","14":"purchasable","15":"product-type-simple","16":"add-to-wishlist-after_add_to_cart"},"_links":{"self":[{"href":"https:\/\/pipat-antiquites.fr\/fr\/wp-json\/wp\/v2\/product\/104935","targetHints":{"allow":["GET"]}}],"collection":[{"href":"https:\/\/pipat-antiquites.fr\/fr\/wp-json\/wp\/v2\/product"}],"about":[{"href":"https:\/\/pipat-antiquites.fr\/fr\/wp-json\/wp\/v2\/types\/product"}],"wp:featuredmedia":[{"embeddable":true,"href":"https:\/\/pipat-antiquites.fr\/fr\/wp-json\/wp\/v2\/media\/104933"}],"wp:attachment":[{"href":"https:\/\/pipat-antiquites.fr\/fr\/wp-json\/wp\/v2\/media?parent=104935"}],"wp:term":[{"taxonomy":"product_brand","embeddable":true,"href":"https:\/\/pipat-antiquites.fr\/fr\/wp-json\/wp\/v2\/product_brand?post=104935"},{"taxonomy":"product_cat","embeddable":true,"href":"https:\/\/pipat-antiquites.fr\/fr\/wp-json\/wp\/v2\/product_cat?post=104935"},{"taxonomy":"product_tag","embeddable":true,"href":"https:\/\/pipat-antiquites.fr\/fr\/wp-json\/wp\/v2\/product_tag?post=104935"}],"curies":[{"name":"wp","href":"https:\/\/api.w.org\/{rel}","templated":true}]}}