{"id":104723,"date":"2024-02-02T13:08:09","date_gmt":"2024-02-02T12:08:09","guid":{"rendered":"https:\/\/pipat-antiquites.fr\/?post_type=product&#038;p=104723"},"modified":"2024-02-02T13:10:00","modified_gmt":"2024-02-02T12:10:00","slug":"vide-poche-sculpture-animaliere-en-bronze-de-vienne-polychrome-et-jade-xix-19-siecle","status":"publish","type":"product","link":"https:\/\/pipat-antiquites.fr\/fr\/objets\/vide-poche-sculpture-animaliere-en-bronze-de-vienne-polychrome-et-jade-xix-19-siecle\/","title":{"rendered":"Vide-poche en bronze et jade, XIXe si\u00e8cle"},"content":{"rendered":"<div class=\"wpb-content-wrapper\"><p>[vc_row][vc_column column_width_percent=\u00a0\u00bb100&Prime; gutter_size=\u00a0\u00bb3&Prime; override_padding=\u00a0\u00bbyes\u00a0\u00bb column_padding=\u00a0\u00bb3&Prime; overlay_alpha=\u00a0\u00bb50&Prime; shift_x=\u00a0\u00bb0&Prime; shift_y=\u00a0\u00bb0&Prime; shift_y_down=\u00a0\u00bb0&Prime; z_index=\u00a0\u00bb0&Prime; medium_width=\u00a0\u00bb0&Prime; mobile_width=\u00a0\u00bb0&Prime; width=\u00a0\u00bb1\/1&Prime; uncode_shortcode_id=\u00a0\u00bb133453&Prime;][vc_custom_heading text_weight=\u00a0\u00bb300&Prime; uncode_shortcode_id=\u00a0\u00bb642571&Prime;]Vide-poche en bronze et jade, XIXe si\u00e8cle<span class=\"Apple-converted-space\">\u00a0<\/span>[\/vc_custom_heading][vc_column_text uncode_shortcode_id=\u00a0\u00bb128437&Prime;]Charmant objet de d\u00e9coration, souvenir d\u2019une passion cyn\u00e9g\u00e9tique ou illustration d\u2019un oiseau particuli\u00e8rement appr\u00e9ci\u00e9 de la culture chinoise, ce vide-poche en jade pr\u00e9sente deux jolies sculptures animali\u00e8res en bronze, \u00e0 la mani\u00e8re des bronzes de Vienne. Faisan et poule faisane occupent les rebords de jade comme si l\u2019objet \u00e9tait un \u00e9l\u00e9ment de leur d\u00e9cor naturel. L\u2019ensemble est en tr\u00e8s bon \u00e9tat.[\/vc_column_text][\/vc_column][\/vc_row]<\/p>\n<\/div>","protected":false},"excerpt":{"rendered":"<p style=\"text-align: center;\">Sculptures animali\u00e8res en bronze de Vienne polychromes.<\/p>\n<p style=\"text-align: center;\">Dimensions :<\/p>\n<p style=\"text-align: center;\">Hauteur : 6.7 cm<\/p>\n<p style=\"text-align: center;\">Diam\u00e8tre : 12.5 cm<\/p>\n","protected":false},"featured_media":104721,"template":"","meta":{"_seopress_robots_primary_cat":"none","_seopress_titles_title":"Vide-poche en bronze et jade, XIXe si\u00e8cle ","_seopress_titles_desc":"Sculptures animali\u00e8res en bronze de Vienne polychromes.","_seopress_robots_index":"","content-type":""},"product_brand":[],"product_cat":[76,114,215],"product_tag":[],"class_list":{"0":"post-104723","1":"product","2":"type-product","3":"status-publish","4":"has-post-thumbnail","6":"product_cat-objets","7":"product_cat-arts-decoratifs","8":"product_cat-plateaux-et-vide-poches","9":"product_shipping_class-niveau-1","11":"first","12":"instock","13":"shipping-taxable","14":"purchasable","15":"product-type-simple","16":"add-to-wishlist-after_add_to_cart"},"_links":{"self":[{"href":"https:\/\/pipat-antiquites.fr\/fr\/wp-json\/wp\/v2\/product\/104723","targetHints":{"allow":["GET"]}}],"collection":[{"href":"https:\/\/pipat-antiquites.fr\/fr\/wp-json\/wp\/v2\/product"}],"about":[{"href":"https:\/\/pipat-antiquites.fr\/fr\/wp-json\/wp\/v2\/types\/product"}],"wp:featuredmedia":[{"embeddable":true,"href":"https:\/\/pipat-antiquites.fr\/fr\/wp-json\/wp\/v2\/media\/104721"}],"wp:attachment":[{"href":"https:\/\/pipat-antiquites.fr\/fr\/wp-json\/wp\/v2\/media?parent=104723"}],"wp:term":[{"taxonomy":"product_brand","embeddable":true,"href":"https:\/\/pipat-antiquites.fr\/fr\/wp-json\/wp\/v2\/product_brand?post=104723"},{"taxonomy":"product_cat","embeddable":true,"href":"https:\/\/pipat-antiquites.fr\/fr\/wp-json\/wp\/v2\/product_cat?post=104723"},{"taxonomy":"product_tag","embeddable":true,"href":"https:\/\/pipat-antiquites.fr\/fr\/wp-json\/wp\/v2\/product_tag?post=104723"}],"curies":[{"name":"wp","href":"https:\/\/api.w.org\/{rel}","templated":true}]}}