{"id":104627,"date":"2024-01-20T11:52:52","date_gmt":"2024-01-20T10:52:52","guid":{"rendered":"https:\/\/pipat-antiquites.fr\/?post_type=product&#038;p=104627"},"modified":"2024-05-20T13:50:41","modified_gmt":"2024-05-20T11:50:41","slug":"garniture-de-cheminee-style-louis-xvi-marie-antoinette-xix-19-siecle","status":"publish","type":"product","link":"https:\/\/pipat-antiquites.fr\/fr\/objets\/garniture-de-cheminee-style-louis-xvi-marie-antoinette-xix-19-siecle\/","title":{"rendered":"Garniture de chemin\u00e9e style Louis XVI, XIXe si\u00e8cle"},"content":{"rendered":"<div class=\"wpb-content-wrapper\"><p>[vc_row][vc_column width=\u00a0\u00bb1\/1&Prime;][vc_custom_heading text_weight=\u00a0\u00bb300&Prime; uncode_shortcode_id=\u00a0\u00bb210856&Prime;]Garniture de chemin\u00e9e style Louis XVI, XIXe si\u00e8cle[\/vc_custom_heading][\/vc_column][\/vc_row]<\/p>\n<\/div>","protected":false},"excerpt":{"rendered":"<p style=\"text-align: center;\">Horloge et bougeoirs en marbre et bronze dor\u00e9 en tr\u00e8s bon \u00e9tat.<\/p>\n<p style=\"text-align: center;\">Dimensions de l\u2019horloge :<\/p>\n<ul style=\"text-align: center;\">\n<li>Hauteur : 36 cm<br \/>\nLargeur : 26 cm<br \/>\nProfondeur : 11.5 cm<\/li>\n<\/ul>\n<p style=\"text-align: center;\">Dimensions des bougeoirs :<\/p>\n<ul>\n<li style=\"text-align: center;\">Hauteur : 25.2 cm<br \/>\nLargeur : 8.5 cm<br \/>\nProfondeur : 8.5 cm<\/li>\n<\/ul>\n","protected":false},"featured_media":104609,"template":"","meta":{"_seopress_robots_primary_cat":"none","_seopress_titles_title":"Garniture de chemin\u00e9e style Louis XVI, XIXe si\u00e8cle","_seopress_titles_desc":"Horloge et bougeoirs en marbre et bronze dor\u00e9 en tr\u00e8s bon \u00e9tat.","_seopress_robots_index":"","_seopress_analysis_target_kw":"","content-type":""},"product_brand":[],"product_cat":[72,76,117,124,172,225],"product_tag":[],"class_list":{"0":"post-104627","1":"product","2":"type-product","3":"status-publish","4":"has-post-thumbnail","6":"product_cat-luminaires","7":"product_cat-objets","8":"product_cat-horlogerie","9":"product_cat-luminaires-anciens","10":"product_cat-bougeoirs-et-flambeaux","11":"product_cat-garnitures-de-cheminee","12":"product_shipping_class-niveau-2","14":"first","15":"outofstock","16":"shipping-taxable","17":"purchasable","18":"product-type-simple","19":"add-to-wishlist-after_add_to_cart"},"_links":{"self":[{"href":"https:\/\/pipat-antiquites.fr\/fr\/wp-json\/wp\/v2\/product\/104627","targetHints":{"allow":["GET"]}}],"collection":[{"href":"https:\/\/pipat-antiquites.fr\/fr\/wp-json\/wp\/v2\/product"}],"about":[{"href":"https:\/\/pipat-antiquites.fr\/fr\/wp-json\/wp\/v2\/types\/product"}],"wp:featuredmedia":[{"embeddable":true,"href":"https:\/\/pipat-antiquites.fr\/fr\/wp-json\/wp\/v2\/media\/104609"}],"wp:attachment":[{"href":"https:\/\/pipat-antiquites.fr\/fr\/wp-json\/wp\/v2\/media?parent=104627"}],"wp:term":[{"taxonomy":"product_brand","embeddable":true,"href":"https:\/\/pipat-antiquites.fr\/fr\/wp-json\/wp\/v2\/product_brand?post=104627"},{"taxonomy":"product_cat","embeddable":true,"href":"https:\/\/pipat-antiquites.fr\/fr\/wp-json\/wp\/v2\/product_cat?post=104627"},{"taxonomy":"product_tag","embeddable":true,"href":"https:\/\/pipat-antiquites.fr\/fr\/wp-json\/wp\/v2\/product_tag?post=104627"}],"curies":[{"name":"wp","href":"https:\/\/api.w.org\/{rel}","templated":true}]}}