{"id":104545,"date":"2024-01-11T09:10:49","date_gmt":"2024-01-11T08:10:49","guid":{"rendered":"https:\/\/pipat-antiquites.fr\/?post_type=product&#038;p=104545"},"modified":"2024-03-27T20:30:35","modified_gmt":"2024-03-27T19:30:35","slug":"paire-de-fauteuils-laques-depoque-art-deco","status":"publish","type":"product","link":"https:\/\/pipat-antiquites.fr\/fr\/objets\/paire-de-fauteuils-laques-depoque-art-deco\/","title":{"rendered":"Paire de fauteuils laqu\u00e9s d\u2019\u00e9poque Art D\u00e9co"},"content":{"rendered":"<div class=\"wpb-content-wrapper\"><p>[vc_row][vc_column column_width_percent=\u00a0\u00bb100&Prime; gutter_size=\u00a0\u00bb3&Prime; override_padding=\u00a0\u00bbyes\u00a0\u00bb column_padding=\u00a0\u00bb3&Prime; overlay_alpha=\u00a0\u00bb50&Prime; shift_x=\u00a0\u00bb0&Prime; shift_y=\u00a0\u00bb0&Prime; shift_y_down=\u00a0\u00bb0&Prime; z_index=\u00a0\u00bb0&Prime; medium_width=\u00a0\u00bb0&Prime; mobile_width=\u00a0\u00bb0&Prime; width=\u00a0\u00bb1\/1&Prime; uncode_shortcode_id=\u00a0\u00bb163417&Prime;][vc_custom_heading text_weight=\u00a0\u00bb300&Prime; uncode_shortcode_id=\u00a0\u00bb140545&Prime;]Paire de fauteuils laqu\u00e9s d\u2019\u00e9poque Art D\u00e9co[\/vc_custom_heading][vc_column_text uncode_shortcode_id=\u00a0\u00bb787309&Prime;]Ces deux fauteuils aux lignes \u00e9pur\u00e9es sont le fruit d\u2019un travail parisien de la fin des ann\u00e9es 1920. Montants, accotoirs et pieds sont en bois laqu\u00e9s tandis qu\u2019assises et dossiers sont tapiss\u00e9s d\u2019un tr\u00e8s beau tissu de la <a href=\"https:\/\/www.pierrefrey.com\/fr\/\" target=\"_blank\" rel=\"noopener\">Maison Pierre Frey<\/a>. Cinq petits coussins viennent compl\u00e9ter cet ensemble en parfait \u00e9tat.[\/vc_column_text][\/vc_column][\/vc_row]<\/p>\n<\/div>","protected":false},"excerpt":{"rendered":"<p style=\"text-align: center;\">Fauteuils en bois laqu\u00e9, travail parisien des ann\u00e9es 1920<\/p>\n<p style=\"text-align: center;\">Dimensions :<\/p>\n<ul>\n<li style=\"text-align: center;\">Hauteur : 75.5 cm<br \/>\nHauteur de l\u2019assise : 40 cm<br \/>\nLargeur : 67 cm<br \/>\nProfondeur : 76.5 cm<\/li>\n<\/ul>\n","protected":false},"featured_media":104533,"template":"","meta":{"_seopress_robots_primary_cat":"none","_seopress_titles_title":"Paire de fauteuils laqu\u00e9s d\u2019\u00e9poque Art D\u00e9co","_seopress_titles_desc":"Fauteuils en bois laqu\u00e9, travail parisien des ann\u00e9es 1920","_seopress_robots_index":"","content-type":""},"product_brand":[],"product_cat":[69,107,166],"product_tag":[],"class_list":{"0":"post-104545","1":"product","2":"type-product","3":"status-publish","4":"has-post-thumbnail","6":"product_cat-mobilier","7":"product_cat-sieges","8":"product_cat-fauteuils","10":"first","11":"outofstock","12":"shipping-taxable","13":"purchasable","14":"product-type-simple","15":"add-to-wishlist-after_add_to_cart"},"_links":{"self":[{"href":"https:\/\/pipat-antiquites.fr\/fr\/wp-json\/wp\/v2\/product\/104545","targetHints":{"allow":["GET"]}}],"collection":[{"href":"https:\/\/pipat-antiquites.fr\/fr\/wp-json\/wp\/v2\/product"}],"about":[{"href":"https:\/\/pipat-antiquites.fr\/fr\/wp-json\/wp\/v2\/types\/product"}],"wp:featuredmedia":[{"embeddable":true,"href":"https:\/\/pipat-antiquites.fr\/fr\/wp-json\/wp\/v2\/media\/104533"}],"wp:attachment":[{"href":"https:\/\/pipat-antiquites.fr\/fr\/wp-json\/wp\/v2\/media?parent=104545"}],"wp:term":[{"taxonomy":"product_brand","embeddable":true,"href":"https:\/\/pipat-antiquites.fr\/fr\/wp-json\/wp\/v2\/product_brand?post=104545"},{"taxonomy":"product_cat","embeddable":true,"href":"https:\/\/pipat-antiquites.fr\/fr\/wp-json\/wp\/v2\/product_cat?post=104545"},{"taxonomy":"product_tag","embeddable":true,"href":"https:\/\/pipat-antiquites.fr\/fr\/wp-json\/wp\/v2\/product_tag?post=104545"}],"curies":[{"name":"wp","href":"https:\/\/api.w.org\/{rel}","templated":true}]}}