{"id":104508,"date":"2024-01-09T09:09:44","date_gmt":"2024-01-09T08:09:44","guid":{"rendered":"https:\/\/pipat-antiquites.fr\/?post_type=product&#038;p=104508"},"modified":"2024-01-09T09:12:14","modified_gmt":"2024-01-09T08:12:14","slug":"pot-pourri-a-vaisseau-en-porcelaine-manufacture-de-sevres-xix-19-siecle","status":"publish","type":"product","link":"https:\/\/pipat-antiquites.fr\/fr\/objets\/pot-pourri-a-vaisseau-en-porcelaine-manufacture-de-sevres-xix-19-siecle\/","title":{"rendered":"Pot-pourri \u00ab\u00a0\u00e0 vaisseau\u00a0\u00bb en porcelaine, Manufacture de S\u00e8vres, XIXe si\u00e8cle"},"content":{"rendered":"<div class=\"wpb-content-wrapper\"><p>[vc_row][vc_column column_width_percent=\u00a0\u00bb100&Prime; gutter_size=\u00a0\u00bb3&Prime; override_padding=\u00a0\u00bbyes\u00a0\u00bb column_padding=\u00a0\u00bb3&Prime; overlay_alpha=\u00a0\u00bb50&Prime; shift_x=\u00a0\u00bb0&Prime; shift_y=\u00a0\u00bb0&Prime; shift_y_down=\u00a0\u00bb0&Prime; z_index=\u00a0\u00bb0&Prime; medium_width=\u00a0\u00bb0&Prime; mobile_width=\u00a0\u00bb0&Prime; width=\u00a0\u00bb1\/1&Prime; uncode_shortcode_id=\u00a0\u00bb155978&Prime;][vc_custom_heading text_weight=\u00a0\u00bb300&Prime; uncode_shortcode_id=\u00a0\u00bb119384&Prime;]Pot-pourri \u00ab\u00a0\u00e0 vaisseau\u00a0\u00bb en porcelaine, Manufacture de S\u00e8vres, XIXe si\u00e8cle[\/vc_custom_heading][vc_column_text uncode_shortcode_id=\u00a0\u00bb548698&Prime;]\u00c0 la suite du pot-pourri r\u00e9alis\u00e9 sp\u00e9cialement pour Madame de Pompadour par Duplessis \u00e0 la manufacture de S\u00e8vres, le XIXe si\u00e8cle va se souvenir de cette pi\u00e8ce magistrale datant de 1760. Sous le Second Empire, la manufacture en propose des versions charmantes, toujours en porcelaine, alors que l\u2019historicisme fait fureur. Notre pot-pourri \u00e0 nef ou \u00e0 vaisseau est en tr\u00e8s bon \u00e9tat, color\u00e9 du vert imp\u00e9rial et illumin\u00e9 d\u2019\u00e9l\u00e9gantes dorures.<\/p>\n<ul>\n<li>Prix de livraison en France m\u00e9tropolitaine : 15\u20ac<br \/>\nPrix de livraison en Europe : 35\u20ac<br \/>\nPrix de livraison autres destination : 55\u20ac<\/li>\n<\/ul>\n<p>[\/vc_column_text][\/vc_column][\/vc_row]<\/p>\n<\/div>","protected":false},"excerpt":{"rendered":"<p style=\"text-align: center;\">Objet d\u00e9coratif en porcelaine en tr\u00e8s bon \u00e9tat.<\/p>\n<p style=\"text-align: center;\">Dimensions :<\/p>\n<ul>\n<li style=\"text-align: center;\">Hauteur : 19.5 cm<br \/>\nLargeur : 8.5 cm<br \/>\nLongueur : 26 cm<\/li>\n<\/ul>\n","protected":false},"featured_media":104500,"template":"","meta":{"_seopress_robots_primary_cat":"none","_seopress_titles_title":"Pot-pourri \u00ab\u00a0\u00e0 vaisseau\u00a0\u00bb en porcelaine, Manufacture de S\u00e8vres, XIXe si\u00e8cle","_seopress_titles_desc":"Objet d\u00e9coratif en porcelaine en tr\u00e8s bon \u00e9tat.","_seopress_robots_index":"","_seopress_analysis_target_kw":"","content-type":""},"product_brand":[],"product_cat":[76,114,116,208,223],"product_tag":[],"class_list":{"0":"post-104508","1":"product","2":"type-product","3":"status-publish","4":"has-post-thumbnail","6":"product_cat-objets","7":"product_cat-arts-decoratifs","8":"product_cat-porcelaine","9":"product_cat-coupes-vasques-et-cassolettes","10":"product_cat-objets-decoration-vases","11":"product_shipping_class-niveau-1","13":"first","14":"instock","15":"shipping-taxable","16":"purchasable","17":"product-type-simple","18":"add-to-wishlist-after_add_to_cart"},"_links":{"self":[{"href":"https:\/\/pipat-antiquites.fr\/fr\/wp-json\/wp\/v2\/product\/104508","targetHints":{"allow":["GET"]}}],"collection":[{"href":"https:\/\/pipat-antiquites.fr\/fr\/wp-json\/wp\/v2\/product"}],"about":[{"href":"https:\/\/pipat-antiquites.fr\/fr\/wp-json\/wp\/v2\/types\/product"}],"wp:featuredmedia":[{"embeddable":true,"href":"https:\/\/pipat-antiquites.fr\/fr\/wp-json\/wp\/v2\/media\/104500"}],"wp:attachment":[{"href":"https:\/\/pipat-antiquites.fr\/fr\/wp-json\/wp\/v2\/media?parent=104508"}],"wp:term":[{"taxonomy":"product_brand","embeddable":true,"href":"https:\/\/pipat-antiquites.fr\/fr\/wp-json\/wp\/v2\/product_brand?post=104508"},{"taxonomy":"product_cat","embeddable":true,"href":"https:\/\/pipat-antiquites.fr\/fr\/wp-json\/wp\/v2\/product_cat?post=104508"},{"taxonomy":"product_tag","embeddable":true,"href":"https:\/\/pipat-antiquites.fr\/fr\/wp-json\/wp\/v2\/product_tag?post=104508"}],"curies":[{"name":"wp","href":"https:\/\/api.w.org\/{rel}","templated":true}]}}