{"id":104382,"date":"2016-12-20T17:38:09","date_gmt":"2016-12-20T16:38:09","guid":{"rendered":"https:\/\/pipat-antiquites.fr\/?post_type=product&#038;p=104382"},"modified":"2024-01-10T17:02:04","modified_gmt":"2024-01-10T16:02:04","slug":"grand-globe-girard-barrere-thomas-entre-1935-et-1939","status":"publish","type":"product","link":"https:\/\/pipat-antiquites.fr\/fr\/objets\/grand-globe-girard-barrere-thomas-entre-1935-et-1939\/","title":{"rendered":"Grand globe Girard Barr\u00e8re Thomas, entre 1935 et 1939"},"content":{"rendered":"<div class=\"wpb-content-wrapper\"><p>[vc_row][vc_column column_width_percent=\u00a0\u00bb100&Prime; gutter_size=\u00a0\u00bb3&Prime; override_padding=\u00a0\u00bbyes\u00a0\u00bb column_padding=\u00a0\u00bb3&Prime; overlay_alpha=\u00a0\u00bb50&Prime; shift_x=\u00a0\u00bb0&Prime; shift_y=\u00a0\u00bb0&Prime; shift_y_down=\u00a0\u00bb0&Prime; z_index=\u00a0\u00bb0&Prime; medium_width=\u00a0\u00bb0&Prime; mobile_width=\u00a0\u00bb0&Prime; width=\u00a0\u00bb1\/1&Prime; uncode_shortcode_id=\u00a0\u00bb777266&Prime;][vc_custom_heading text_weight=\u00a0\u00bb300&Prime; uncode_shortcode_id=\u00a0\u00bb182829&Prime;]Grand globe Girard Barr\u00e8re Thomas, entre 1935 et 1939[\/vc_custom_heading][vc_column_text uncode_shortcode_id=\u00a0\u00bb248988&Prime;]Ce globe est remarquable par sa taille. \u00c9lev\u00e9 sur un pied en bois tourn\u00e9 sur un axe en aluminuium, il est peut \u00eatre dat\u00e9 de la seconde moiti\u00e9 des ann\u00e9es 1930 puisque la Perse devient l\u2019Iran en 1935 (et ce nouveau nom figure bien sur notre globe) tandis que le Siam n\u2019est pas encore devenu la Tha\u00eflande, ce qui adviendra en 1939. L\u2019ensemble est en tr\u00e8s bon \u00e9tat.<\/p>\n<ul>\n<li>Prix de livraison en France m\u00e9tropolitaine : 55\u20ac<br \/>\nPrix de livraison en Europe : 95\u20ac<br \/>\nPrix de livraison autres destination : 125\u20ac<\/li>\n<\/ul>\n<p>[\/vc_column_text][\/vc_column][\/vc_row]<\/p>\n<\/div>","protected":false},"excerpt":{"rendered":"<p style=\"text-align: center;\">Tr\u00e8s grand globe en tr\u00e8s bon \u00e9tat.<\/p>\n<p style=\"text-align: center;\">Dimensions :<\/p>\n<ul>\n<li style=\"text-align: center;\">Hauteur : 73 cm<br \/>\nDiam\u00e8tre du globe : environ 42 cm<br \/>\nDiam\u00e8tre du socle : 30 cm<\/li>\n<\/ul>\n","protected":false},"featured_media":104371,"template":"","meta":{"_seopress_robots_primary_cat":"none","_seopress_titles_title":"Grand globe Girard Barr\u00e8re Thomas, entre 1935 et 1939","_seopress_titles_desc":"Tr\u00e8s grand globe en tr\u00e8s bon \u00e9tat.","_seopress_robots_index":"","content-type":""},"product_brand":[],"product_cat":[275,76,118],"product_tag":[],"class_list":{"0":"post-104382","1":"product","2":"type-product","3":"status-publish","4":"has-post-thumbnail","6":"product_cat-objets-scientifiques","7":"product_cat-objets","8":"product_cat-objets-de-collection","9":"product_shipping_class-niveau-5","11":"first","12":"outofstock","13":"shipping-taxable","14":"purchasable","15":"product-type-simple","16":"add-to-wishlist-after_add_to_cart"},"_links":{"self":[{"href":"https:\/\/pipat-antiquites.fr\/fr\/wp-json\/wp\/v2\/product\/104382","targetHints":{"allow":["GET"]}}],"collection":[{"href":"https:\/\/pipat-antiquites.fr\/fr\/wp-json\/wp\/v2\/product"}],"about":[{"href":"https:\/\/pipat-antiquites.fr\/fr\/wp-json\/wp\/v2\/types\/product"}],"wp:featuredmedia":[{"embeddable":true,"href":"https:\/\/pipat-antiquites.fr\/fr\/wp-json\/wp\/v2\/media\/104371"}],"wp:attachment":[{"href":"https:\/\/pipat-antiquites.fr\/fr\/wp-json\/wp\/v2\/media?parent=104382"}],"wp:term":[{"taxonomy":"product_brand","embeddable":true,"href":"https:\/\/pipat-antiquites.fr\/fr\/wp-json\/wp\/v2\/product_brand?post=104382"},{"taxonomy":"product_cat","embeddable":true,"href":"https:\/\/pipat-antiquites.fr\/fr\/wp-json\/wp\/v2\/product_cat?post=104382"},{"taxonomy":"product_tag","embeddable":true,"href":"https:\/\/pipat-antiquites.fr\/fr\/wp-json\/wp\/v2\/product_tag?post=104382"}],"curies":[{"name":"wp","href":"https:\/\/api.w.org\/{rel}","templated":true}]}}