{"id":104290,"date":"2023-12-12T18:49:19","date_gmt":"2023-12-12T17:49:19","guid":{"rendered":"https:\/\/pipat-antiquites.fr\/?post_type=product&#038;p=104290"},"modified":"2024-11-13T09:35:50","modified_gmt":"2024-11-13T08:35:50","slug":"mobilier-art-nouveau-buffet-attribuable-a-majorelle-xx-20-siecle","status":"publish","type":"product","link":"https:\/\/pipat-antiquites.fr\/fr\/objets\/mobilier-art-nouveau-buffet-attribuable-a-majorelle-xx-20-siecle\/","title":{"rendered":"Buffet attribuable \u00e0 Majorelle, Art Nouveau"},"content":{"rendered":"<div class=\"wpb-content-wrapper\"><p>[vc_row][vc_column column_width_percent=\u00a0\u00bb100&Prime; gutter_size=\u00a0\u00bb3&Prime; override_padding=\u00a0\u00bbyes\u00a0\u00bb column_padding=\u00a0\u00bb3&Prime; overlay_alpha=\u00a0\u00bb50&Prime; shift_x=\u00a0\u00bb0&Prime; shift_y=\u00a0\u00bb0&Prime; shift_y_down=\u00a0\u00bb0&Prime; z_index=\u00a0\u00bb0&Prime; medium_width=\u00a0\u00bb0&Prime; mobile_width=\u00a0\u00bb0&Prime; width=\u00a0\u00bb1\/1&Prime; uncode_shortcode_id=\u00a0\u00bb116309&Prime;][vc_custom_heading text_weight=\u00a0\u00bb300&Prime; uncode_shortcode_id=\u00a0\u00bb645821&Prime;]Buffet attribuable \u00e0 Majorelle, Art Nouveau[\/vc_custom_heading][vc_column_text uncode_shortcode_id=\u00a0\u00bb877705&Prime;]L\u2019Art Nouveau se vit en grand ! Mouvement foisonnant par excellence, il s\u2019\u00e9tire dans l\u2019architecture, sur les murs, habille les meubles et les fen\u00eatres. L\u2019Art Nouveau n\u2019est pas un style de salon, c\u2019est un style total qui doit faire entrer et faire voir partout la nature.<br \/>\nNotre buffet est en cela presque une v\u00e9ritable pi\u00e8ce d\u2019architecture. La partie haute s\u2019\u00e9l\u00e8ve entre deux placards qui font comme les montants d\u2019un portique. La partie basse, comme un podium, donne de la hauteur \u00e0 ses motifs moulur\u00e9s. Du lierre en bois fonc\u00e9 serpente avec vivacit\u00e9 sur les portes de bois clair. D\u2019un meuble haut, on ne retient \u00e9tonnement que le mouvement.\u2028Les poign\u00e9es de tirage sont habilement cisel\u00e9es \u00e0 forme de tiges entortill\u00e9es et de feuilles. L\u2019ensemble en parfait \u00e9tat est spectaculaire et peut \u00e9ventuellement s\u2019accompagner d\u2019une console \u00e0 plateau de marbre qui a \u00e9t\u00e9 cr\u00e9\u00e9e avec le buffet.[\/vc_column_text][\/vc_column][\/vc_row]<\/p>\n<\/div>","protected":false},"excerpt":{"rendered":"<p style=\"text-align: center;\">Mobilier Art Nouveau, en tr\u00e8s bon \u00e9tat, d&rsquo;\u00e9poque d\u00e9but XXe si\u00e8cle.<\/p>\n<p style=\"text-align: center;\">Dimensions :<\/p>\n<ul>\n<li style=\"text-align: center;\">Hauteur : 256 cm<br \/>\nLargeur : 180 cm<br \/>\nProfondeur : 57 cm<\/li>\n<\/ul>\n","protected":false},"featured_media":104268,"template":"","meta":{"_seopress_robots_primary_cat":"none","_seopress_titles_title":"Buffet attribuable \u00e0 Majorelle, Art Nouveau","_seopress_titles_desc":"Mobilier Art Nouveau, en tr\u00e8s bon \u00e9tat, d'\u00e9poque d\u00e9but XXe si\u00e8cle.","_seopress_robots_index":"","content-type":""},"product_brand":[],"product_cat":[69,106,126,140],"product_tag":[],"class_list":{"0":"post-104290","1":"product","2":"type-product","3":"status-publish","4":"has-post-thumbnail","6":"product_cat-mobilier","7":"product_cat-meubles","8":"product_cat-buffets-et-enfilades","9":"product_cat-autres-meubles","11":"first","12":"outofstock","13":"shipping-taxable","14":"purchasable","15":"product-type-simple","16":"add-to-wishlist-after_add_to_cart"},"_links":{"self":[{"href":"https:\/\/pipat-antiquites.fr\/fr\/wp-json\/wp\/v2\/product\/104290","targetHints":{"allow":["GET"]}}],"collection":[{"href":"https:\/\/pipat-antiquites.fr\/fr\/wp-json\/wp\/v2\/product"}],"about":[{"href":"https:\/\/pipat-antiquites.fr\/fr\/wp-json\/wp\/v2\/types\/product"}],"wp:featuredmedia":[{"embeddable":true,"href":"https:\/\/pipat-antiquites.fr\/fr\/wp-json\/wp\/v2\/media\/104268"}],"wp:attachment":[{"href":"https:\/\/pipat-antiquites.fr\/fr\/wp-json\/wp\/v2\/media?parent=104290"}],"wp:term":[{"taxonomy":"product_brand","embeddable":true,"href":"https:\/\/pipat-antiquites.fr\/fr\/wp-json\/wp\/v2\/product_brand?post=104290"},{"taxonomy":"product_cat","embeddable":true,"href":"https:\/\/pipat-antiquites.fr\/fr\/wp-json\/wp\/v2\/product_cat?post=104290"},{"taxonomy":"product_tag","embeddable":true,"href":"https:\/\/pipat-antiquites.fr\/fr\/wp-json\/wp\/v2\/product_tag?post=104290"}],"curies":[{"name":"wp","href":"https:\/\/api.w.org\/{rel}","templated":true}]}}