{"id":104231,"date":"2023-12-11T09:18:03","date_gmt":"2023-12-11T08:18:03","guid":{"rendered":"https:\/\/pipat-antiquites.fr\/?post_type=product&#038;p=104231"},"modified":"2023-12-11T09:20:46","modified_gmt":"2023-12-11T08:20:46","slug":"petite-jardiniere-cache-pot-chinois-en-porcelaine-de-chine-xx-20-siecle","status":"publish","type":"product","link":"https:\/\/pipat-antiquites.fr\/fr\/objets\/petite-jardiniere-cache-pot-chinois-en-porcelaine-de-chine-xx-20-siecle\/","title":{"rendered":"Petite jardini\u00e8re en porcelaine de Chine, XXe si\u00e8cle"},"content":{"rendered":"<div class=\"wpb-content-wrapper\"><p>[vc_row][vc_column width=\u00a0\u00bb1\/1&Prime;][vc_custom_heading text_weight=\u00a0\u00bb300&Prime; uncode_shortcode_id=\u00a0\u00bb136432&Prime;]Petite jardini\u00e8re en porcelaine de Chine, XXe si\u00e8cle[\/vc_custom_heading][vc_column_text uncode_shortcode_id=\u00a0\u00bb199261&Prime;]Cette ravissante petite jardini\u00e8re, ou cache-pot, est aussi utile que d\u00e9corative. Destin\u00e9e \u00e0 mettre en valeur une plante ou une belle fleur, ce cache-pot en parfait \u00e9tat est orn\u00e9 d\u2019un paysage esquiss\u00e9 d\u2019arbres et de plantes. Cette jardini\u00e8re dat\u00e9e du d\u00e9but du XXe si\u00e8cle est en tr\u00e8s bon \u00e9tat.<\/p>\n<ul>\n<li>Prix de livraison en France m\u00e9tropolitaine : 15\u20ac<br \/>\nPrix de livraison en Europe : 35\u20ac<br \/>\nPrix de livraison autres destination : 55\u20ac<\/li>\n<\/ul>\n<p>[\/vc_column_text][\/vc_column][\/vc_row]<\/p>\n<\/div>","protected":false},"excerpt":{"rendered":"<p style=\"text-align: center;\">Cache-pot chinois en tr\u00e8s bon \u00e9tat.<\/p>\n<p style=\"text-align: center;\">Dimensions :<\/p>\n<ul>\n<li style=\"text-align: center;\">Hauteur : 11.2 cm<br \/>\nLargeur : 12 cm<br \/>\nProfondeur : 11.5 cm<\/li>\n<\/ul>\n","protected":false},"featured_media":104213,"template":"","meta":{"_seopress_robots_primary_cat":"none","_seopress_titles_title":"Petite jardini\u00e8re en porcelaine de Chine, XXe si\u00e8cle ","_seopress_titles_desc":"Cache-pot chinois en tr\u00e8s bon \u00e9tat.","_seopress_robots_index":"","content-type":""},"product_brand":[],"product_cat":[76,114,211],"product_tag":[],"class_list":{"0":"post-104231","1":"product","2":"type-product","3":"status-publish","4":"has-post-thumbnail","6":"product_cat-objets","7":"product_cat-arts-decoratifs","8":"product_cat-jardinieres-et-cache-pots","9":"product_shipping_class-niveau-1","11":"first","12":"instock","13":"shipping-taxable","14":"purchasable","15":"product-type-simple","16":"add-to-wishlist-after_add_to_cart"},"_links":{"self":[{"href":"https:\/\/pipat-antiquites.fr\/fr\/wp-json\/wp\/v2\/product\/104231","targetHints":{"allow":["GET"]}}],"collection":[{"href":"https:\/\/pipat-antiquites.fr\/fr\/wp-json\/wp\/v2\/product"}],"about":[{"href":"https:\/\/pipat-antiquites.fr\/fr\/wp-json\/wp\/v2\/types\/product"}],"wp:featuredmedia":[{"embeddable":true,"href":"https:\/\/pipat-antiquites.fr\/fr\/wp-json\/wp\/v2\/media\/104213"}],"wp:attachment":[{"href":"https:\/\/pipat-antiquites.fr\/fr\/wp-json\/wp\/v2\/media?parent=104231"}],"wp:term":[{"taxonomy":"product_brand","embeddable":true,"href":"https:\/\/pipat-antiquites.fr\/fr\/wp-json\/wp\/v2\/product_brand?post=104231"},{"taxonomy":"product_cat","embeddable":true,"href":"https:\/\/pipat-antiquites.fr\/fr\/wp-json\/wp\/v2\/product_cat?post=104231"},{"taxonomy":"product_tag","embeddable":true,"href":"https:\/\/pipat-antiquites.fr\/fr\/wp-json\/wp\/v2\/product_tag?post=104231"}],"curies":[{"name":"wp","href":"https:\/\/api.w.org\/{rel}","templated":true}]}}