{"id":104124,"date":"2023-12-04T11:28:18","date_gmt":"2023-12-04T10:28:18","guid":{"rendered":"https:\/\/pipat-antiquites.fr\/?post_type=product&#038;p=104124"},"modified":"2023-12-04T11:33:51","modified_gmt":"2023-12-04T10:33:51","slug":"coussin-rigide-oreiller-chinois-de-fumerie-opium-xix-19-siecle","status":"publish","type":"product","link":"https:\/\/pipat-antiquites.fr\/fr\/objets\/coussin-rigide-oreiller-chinois-de-fumerie-opium-xix-19-siecle\/","title":{"rendered":"Oreiller chinois de fumerie d&rsquo;opium, XIXe si\u00e8cle"},"content":{"rendered":"<div class=\"wpb-content-wrapper\"><p>[vc_row][vc_column column_width_percent=\u00a0\u00bb100&Prime; gutter_size=\u00a0\u00bb3&Prime; override_padding=\u00a0\u00bbyes\u00a0\u00bb column_padding=\u00a0\u00bb3&Prime; overlay_alpha=\u00a0\u00bb50&Prime; shift_x=\u00a0\u00bb0&Prime; shift_y=\u00a0\u00bb0&Prime; shift_y_down=\u00a0\u00bb0&Prime; z_index=\u00a0\u00bb0&Prime; medium_width=\u00a0\u00bb0&Prime; mobile_width=\u00a0\u00bb0&Prime; width=\u00a0\u00bb1\/1&Prime; uncode_shortcode_id=\u00a0\u00bb120622&Prime;][vc_custom_heading text_weight=\u00a0\u00bb300&Prime; uncode_shortcode_id=\u00a0\u00bb210153&Prime;]Oreiller chinois de fumerie d&rsquo;opium, XIXe si\u00e8cle[\/vc_custom_heading][vc_column_text uncode_shortcode_id=\u00a0\u00bb207522&Prime;]Traditionnellement rigides, les oreillers chinois ne correspondent pas \u00e0 l\u2019id\u00e9e du confort europ\u00e9en. Cr\u00e9\u00e9 dans toutes sortes de mat\u00e9riaux tels que la c\u00e9ramique, le bois, jade, le bronze, le bambou ou la pierre, leur vocation est m\u00e9dicale, prophylactique et permet de ne pas ab\u00eemer les coiffures fragiles et complexes des dormeurs ais\u00e9s.<br \/>\nSi ces objets ne sont pas creus\u00e9s de cavit\u00e9s dans lesquelles on place des plantes et fleurs m\u00e9dicinales, ils sont sculpt\u00e9s dans des blocs de bois pr\u00e9cieux et \/ ou odorif\u00e9rants prodiguant ainsi des \u00ab\u00a0soins\u00a0\u00bb apaisants au dormeur.<br \/>\nLes oreillers rigides chinois perdurent jusqu\u2019au premier quart du XXe si\u00e8cle avant de progressivement dispara\u00eetre au profit des oreillers souples occidentaux.<\/p>\n<ul>\n<li>Prix de livraison en France m\u00e9tropolitaine : 35\u20ac<br \/>\nPrix de livraison en Europe : 55\u20ac<br \/>\nPrix de livraison autres destination : 75\u20ac<\/li>\n<\/ul>\n<p>[\/vc_column_text][\/vc_column][\/vc_row]<\/p>\n<\/div>","protected":false},"excerpt":{"rendered":"<p style=\"text-align: center;\">Coussin rigide en bois laqu\u00e9 et peint, tr\u00e8s bon \u00e9tat.<\/p>\n<ul>\n<li style=\"text-align: center;\">Dimensions\u00a0:Hauteur\u00a0: 22 cm<br \/>\nLargeur\u00a0: 46,5 cm<br \/>\nProfondeur\u00a0: 21 cm<\/li>\n<\/ul>\n","protected":false},"featured_media":104105,"template":"","meta":{"_seopress_robots_primary_cat":"none","_seopress_titles_title":"Oreiller chinois de fumerie d&#039;opium, XIXe si\u00e8cle","_seopress_titles_desc":"Coussin rigide en bois laqu\u00e9 et peint, tr\u00e8s bon \u00e9tat.","_seopress_robots_index":"","content-type":""},"product_brand":[],"product_cat":[76,118,231],"product_tag":[],"class_list":{"0":"post-104124","1":"product","2":"type-product","3":"status-publish","4":"has-post-thumbnail","6":"product_cat-objets","7":"product_cat-objets-de-collection","8":"product_cat-objets-de-curiosite","9":"product_shipping_class-niveau-2","11":"first","12":"instock","13":"shipping-taxable","14":"purchasable","15":"product-type-simple","16":"add-to-wishlist-after_add_to_cart"},"_links":{"self":[{"href":"https:\/\/pipat-antiquites.fr\/fr\/wp-json\/wp\/v2\/product\/104124","targetHints":{"allow":["GET"]}}],"collection":[{"href":"https:\/\/pipat-antiquites.fr\/fr\/wp-json\/wp\/v2\/product"}],"about":[{"href":"https:\/\/pipat-antiquites.fr\/fr\/wp-json\/wp\/v2\/types\/product"}],"wp:featuredmedia":[{"embeddable":true,"href":"https:\/\/pipat-antiquites.fr\/fr\/wp-json\/wp\/v2\/media\/104105"}],"wp:attachment":[{"href":"https:\/\/pipat-antiquites.fr\/fr\/wp-json\/wp\/v2\/media?parent=104124"}],"wp:term":[{"taxonomy":"product_brand","embeddable":true,"href":"https:\/\/pipat-antiquites.fr\/fr\/wp-json\/wp\/v2\/product_brand?post=104124"},{"taxonomy":"product_cat","embeddable":true,"href":"https:\/\/pipat-antiquites.fr\/fr\/wp-json\/wp\/v2\/product_cat?post=104124"},{"taxonomy":"product_tag","embeddable":true,"href":"https:\/\/pipat-antiquites.fr\/fr\/wp-json\/wp\/v2\/product_tag?post=104124"}],"curies":[{"name":"wp","href":"https:\/\/api.w.org\/{rel}","templated":true}]}}