{"id":104072,"date":"2023-12-01T09:54:31","date_gmt":"2023-12-01T08:54:31","guid":{"rendered":"https:\/\/pipat-antiquites.fr\/?post_type=product&#038;p=104072"},"modified":"2025-04-15T11:12:11","modified_gmt":"2025-04-15T09:12:11","slug":"table-en-acajou-mouchete-style-mobilier-anglais-xix-19-siecle","status":"publish","type":"product","link":"https:\/\/pipat-antiquites.fr\/fr\/objets\/table-en-acajou-mouchete-style-mobilier-anglais-xix-19-siecle\/","title":{"rendered":"Table en acajou mouchet\u00e9, XIXe si\u00e8cle"},"content":{"rendered":"<div class=\"wpb-content-wrapper\"><p>[vc_row][vc_column column_width_percent=\u00a0\u00bb100&Prime; gutter_size=\u00a0\u00bb3&Prime; override_padding=\u00a0\u00bbyes\u00a0\u00bb column_padding=\u00a0\u00bb3&Prime; overlay_alpha=\u00a0\u00bb50&Prime; shift_x=\u00a0\u00bb0&Prime; shift_y=\u00a0\u00bb0&Prime; shift_y_down=\u00a0\u00bb0&Prime; z_index=\u00a0\u00bb0&Prime; medium_width=\u00a0\u00bb0&Prime; mobile_width=\u00a0\u00bb0&Prime; width=\u00a0\u00bb1\/1&Prime; uncode_shortcode_id=\u00a0\u00bb195711&Prime;][vc_custom_heading text_weight=\u00a0\u00bb300&Prime; uncode_shortcode_id=\u00a0\u00bb100239&Prime;]Table en acajou mouchet\u00e9, XIXe si\u00e8cle[\/vc_custom_heading][vc_column_text uncode_shortcode_id=\u00a0\u00bb149334&Prime;]Cette tr\u00e8s belle table tire parti de l\u2019\u00e9l\u00e9gance de l\u2019acajou tout en consid\u00e9rant l\u2019importance des n\u00e9cessit\u00e9s pratiques. Cette table en tr\u00e8s bon \u00e9tat, \u00e0 la forme ovale, peut \u00eatre \u00e9tir\u00e9e gr\u00e2ce \u00e0 deux allonges en bois brut, de 40 cm de largeur chacune. Ses pieds joliment tourn\u00e9s et moulur\u00e9s se terminent par des roulettes permettant de d\u00e9placer ou de modifier facilement la taille de la table.[\/vc_column_text][\/vc_column][\/vc_row]<\/p>\n<\/div>","protected":false},"excerpt":{"rendered":"<p style=\"text-align: center;\">Table ovale de style anglais, vendue avec ses deux allonges en bois brut.<\/p>\n<p style=\"text-align: center;\">Dimensions :<\/p>\n<ul>\n<li style=\"text-align: center;\">Hauteur : 77 cm<br \/>\nLargeur : 139 cm<br \/>\nProfondeur : 123 cm<\/li>\n<\/ul>\n","protected":false},"featured_media":104068,"template":"","meta":{"_seopress_robots_primary_cat":"none","_seopress_titles_title":"Table en acajou mouchet\u00e9, XIXe si\u00e8cle","_seopress_titles_desc":"Table ovale de style anglais, vendue avec ses deux allonges en bois brut.","_seopress_robots_index":"","content-type":""},"product_brand":[],"product_cat":[69,106,136],"product_tag":[],"class_list":{"0":"post-104072","1":"product","2":"type-product","3":"status-publish","4":"has-post-thumbnail","6":"product_cat-mobilier","7":"product_cat-meubles","8":"product_cat-tables-et-gueridons","10":"first","11":"outofstock","12":"shipping-taxable","13":"purchasable","14":"product-type-simple","15":"add-to-wishlist-after_add_to_cart"},"_links":{"self":[{"href":"https:\/\/pipat-antiquites.fr\/fr\/wp-json\/wp\/v2\/product\/104072","targetHints":{"allow":["GET"]}}],"collection":[{"href":"https:\/\/pipat-antiquites.fr\/fr\/wp-json\/wp\/v2\/product"}],"about":[{"href":"https:\/\/pipat-antiquites.fr\/fr\/wp-json\/wp\/v2\/types\/product"}],"wp:featuredmedia":[{"embeddable":true,"href":"https:\/\/pipat-antiquites.fr\/fr\/wp-json\/wp\/v2\/media\/104068"}],"wp:attachment":[{"href":"https:\/\/pipat-antiquites.fr\/fr\/wp-json\/wp\/v2\/media?parent=104072"}],"wp:term":[{"taxonomy":"product_brand","embeddable":true,"href":"https:\/\/pipat-antiquites.fr\/fr\/wp-json\/wp\/v2\/product_brand?post=104072"},{"taxonomy":"product_cat","embeddable":true,"href":"https:\/\/pipat-antiquites.fr\/fr\/wp-json\/wp\/v2\/product_cat?post=104072"},{"taxonomy":"product_tag","embeddable":true,"href":"https:\/\/pipat-antiquites.fr\/fr\/wp-json\/wp\/v2\/product_tag?post=104072"}],"curies":[{"name":"wp","href":"https:\/\/api.w.org\/{rel}","templated":true}]}}