{"id":104050,"date":"2023-11-30T11:32:20","date_gmt":"2023-11-30T10:32:20","guid":{"rendered":"https:\/\/pipat-antiquites.fr\/?post_type=product&#038;p=104050"},"modified":"2024-12-01T19:25:47","modified_gmt":"2024-12-01T18:25:47","slug":"paire-obelisques-objet-art-neoclassique-en-marbre-noir-et-malachite-xix-19-siecle","status":"publish","type":"product","link":"https:\/\/pipat-antiquites.fr\/fr\/objets\/paire-obelisques-objet-art-neoclassique-en-marbre-noir-et-malachite-xix-19-siecle\/","title":{"rendered":"Paire d\u2019ob\u00e9lisques en marbre noir et malachite, XIXe si\u00e8cle"},"content":{"rendered":"<div class=\"wpb-content-wrapper\"><p>[vc_row][vc_column width=\u00a0\u00bb1\/1&Prime;][vc_custom_heading text_weight=\u00a0\u00bb300&Prime; uncode_shortcode_id=\u00a0\u00bb212980&Prime;]Paire d\u2019ob\u00e9lisques en marbre noir et malachite, XIXe si\u00e8cle[\/vc_custom_heading][vc_column_text uncode_shortcode_id=\u00a0\u00bb152659&Prime;]Indispensables des int\u00e9rieurs les plus raffin\u00e9s, la paire d\u2019ob\u00e9lisques en marbre est au tournant du XIXe si\u00e8cle une n\u00e9cessit\u00e9. Dispos\u00e9s sur les chemin\u00e9es, les bureaux ou les consoles, les ob\u00e9lisques font revivre chez les particuliers la grandeurs de l\u2019antiquit\u00e9 grecque et romaine que l\u2019on se pla\u00eet alors \u00e0 red\u00e9couvrir \u00e0 la faveur du mouvement n\u00e9oclassique.\u2028Ces deux ob\u00e9lisques en marbre noir de Belgique soulign\u00e9 de filets de malachite russe sont en tr\u00e8s bon \u00e9tat. \u00c0 noter un petit manque \u00e0 l\u2019un des pi\u00e9destaux.<\/p>\n<ul>\n<li>Prix de livraison en France m\u00e9tropolitaine : 35\u20ac<br \/>\nPrix de livraison en Europe : 55\u20ac<br \/>\nPrix de livraison autres destination : 75\u20ac<\/li>\n<\/ul>\n<p>[\/vc_column_text][\/vc_column][\/vc_row]<\/p>\n<\/div>","protected":false},"excerpt":{"rendered":"<p style=\"text-align: center;\">Marbre noir de Belgique et malachite russe. Tr\u00e8s bon \u00e9tat.<\/p>\n<p style=\"text-align: center;\">Dimensions :<\/p>\n<ul>\n<li style=\"text-align: center;\">Hauteur : 60 cm<br \/>\nLargeur : 12 cm<br \/>\nProfondeur : 12 cm<\/li>\n<\/ul>\n","protected":false},"featured_media":104028,"template":"","meta":{"_seopress_robots_primary_cat":"none","_seopress_titles_title":"Paire d\u2019ob\u00e9lisques en marbre noir et malachite, XIXe si\u00e8cle","_seopress_titles_desc":"Marbre noir de Belgique et malachite russe. Tr\u00e8s bon \u00e9tat.","_seopress_robots_index":"","content-type":""},"product_brand":[],"product_cat":[114,208,76],"product_tag":[],"class_list":{"0":"post-104050","1":"product","2":"type-product","3":"status-publish","4":"has-post-thumbnail","6":"product_cat-arts-decoratifs","7":"product_cat-coupes-vasques-et-cassolettes","8":"product_cat-objets","9":"product_shipping_class-niveau-2","11":"first","12":"outofstock","13":"shipping-taxable","14":"purchasable","15":"product-type-simple","16":"add-to-wishlist-after_add_to_cart"},"_links":{"self":[{"href":"https:\/\/pipat-antiquites.fr\/fr\/wp-json\/wp\/v2\/product\/104050","targetHints":{"allow":["GET"]}}],"collection":[{"href":"https:\/\/pipat-antiquites.fr\/fr\/wp-json\/wp\/v2\/product"}],"about":[{"href":"https:\/\/pipat-antiquites.fr\/fr\/wp-json\/wp\/v2\/types\/product"}],"wp:featuredmedia":[{"embeddable":true,"href":"https:\/\/pipat-antiquites.fr\/fr\/wp-json\/wp\/v2\/media\/104028"}],"wp:attachment":[{"href":"https:\/\/pipat-antiquites.fr\/fr\/wp-json\/wp\/v2\/media?parent=104050"}],"wp:term":[{"taxonomy":"product_brand","embeddable":true,"href":"https:\/\/pipat-antiquites.fr\/fr\/wp-json\/wp\/v2\/product_brand?post=104050"},{"taxonomy":"product_cat","embeddable":true,"href":"https:\/\/pipat-antiquites.fr\/fr\/wp-json\/wp\/v2\/product_cat?post=104050"},{"taxonomy":"product_tag","embeddable":true,"href":"https:\/\/pipat-antiquites.fr\/fr\/wp-json\/wp\/v2\/product_tag?post=104050"}],"curies":[{"name":"wp","href":"https:\/\/api.w.org\/{rel}","templated":true}]}}