{"id":104006,"date":"2023-11-24T17:56:06","date_gmt":"2023-11-24T16:56:06","guid":{"rendered":"https:\/\/pipat-antiquites.fr\/?post_type=product&#038;p=104006"},"modified":"2023-11-24T17:59:34","modified_gmt":"2023-11-24T16:59:34","slug":"vase-cristal-en-opaline-de-baccarat-date-de-1869","status":"publish","type":"product","link":"https:\/\/pipat-antiquites.fr\/fr\/objets\/vase-cristal-en-opaline-de-baccarat-date-de-1869\/","title":{"rendered":"Vase en opaline de Baccarat, dat\u00e9 de 1869"},"content":{"rendered":"<div class=\"wpb-content-wrapper\"><p>[vc_row][vc_column column_width_percent=\u00a0\u00bb100&Prime; gutter_size=\u00a0\u00bb3&Prime; override_padding=\u00a0\u00bbyes\u00a0\u00bb column_padding=\u00a0\u00bb3&Prime; overlay_alpha=\u00a0\u00bb50&Prime; shift_x=\u00a0\u00bb0&Prime; shift_y=\u00a0\u00bb0&Prime; shift_y_down=\u00a0\u00bb0&Prime; z_index=\u00a0\u00bb0&Prime; medium_width=\u00a0\u00bb0&Prime; mobile_width=\u00a0\u00bb0&Prime; width=\u00a0\u00bb1\/1&Prime; uncode_shortcode_id=\u00a0\u00bb162232&Prime;][vc_custom_heading text_weight=\u00a0\u00bb300&Prime; uncode_shortcode_id=\u00a0\u00bb165928&Prime;]Vase en opaline de Baccarat, dat\u00e9 de 1869[\/vc_custom_heading][vc_column_text uncode_shortcode_id=\u00a0\u00bb115760&Prime;]Le d\u00e9veloppement spectaculaire de Baccarat au XIXe si\u00e8cle, autant du point de vue technique qu\u2019artistique culmine sans doute dans la seconde moiti\u00e9 du XIXe si\u00e8cle. Alors que s\u2019encha\u00eenent les expositions universelles, les productions Baccarat se surpassent d\u2019ann\u00e9e en ann\u00e9e. Ainsi, lors de celle organis\u00e9e \u00e0 Paris en 1867, Baccarat pr\u00e9sente une multitude de pi\u00e8ces en opale, en opale doubl\u00e9 et en agate. Les artistes charg\u00e9s de d\u00e9corer les pi\u00e8ces poussaient loin l\u2019attention au d\u00e9tail et le go\u00fbt de l\u2019\u00e9poque pour un historicisme qui appr\u00e9ciait autant une \u00e9poque m\u00e9di\u00e9vale fantasm\u00e9e que l\u2019art de Versailles au XVIIIe si\u00e8cle.<br \/>\nCe vase sur pi\u00e9tement et dat\u00e9 du 15 juillet 1869, soit deux ann\u00e9es apr\u00e8s l\u2019Exposition universelle, t\u00e9moigne de l\u2019engouement de la client\u00e8le de Baccarat pour ces opalines spectaculaires, mont\u00e9es pour mieux s\u2019exposer et d\u00e9corer de sujets \u00e0 la mode. On y voit une ville m\u00e9di\u00e9vale peupl\u00e9e d\u2019habitants v\u00eatus modestement, circulant parmi des maisons \u00e0 colombages et des beffrois (souvenir \u00e0 peine voil\u00e9 des villes lorraines), \u00e0 proximit\u00e9 desquels coulent un fleuve paisible.<br \/>\nCe remarquable vase Baccarat et son pi\u00e8tement sont en parfait \u00e9tat.[\/vc_column_text][\/vc_column][\/vc_row]<\/p>\n<\/div>","protected":false},"excerpt":{"rendered":"<p style=\"text-align: center;\">Vase dat\u00e9 et sign\u00e9 par la manufacture Baccarat.<\/p>\n<p style=\"text-align: center;\">Dimensions :<\/p>\n<ul>\n<li style=\"text-align: center;\">Hauteur : 31.7 cm<br \/>\nDiam\u00e8tre : 25 cm<\/li>\n<\/ul>\n","protected":false},"featured_media":103994,"template":"","meta":{"_seopress_robots_primary_cat":"none","_seopress_titles_title":"Vase en opaline de Baccarat, dat\u00e9 de 1869","_seopress_titles_desc":"Vase dat\u00e9 et sign\u00e9 par la manufacture Baccarat.","_seopress_robots_index":"","content-type":""},"product_brand":[],"product_cat":[114,119,233,235,319,76],"product_tag":[],"class_list":{"0":"post-104006","1":"product","2":"type-product","3":"status-publish","4":"has-post-thumbnail","6":"product_cat-arts-decoratifs","7":"product_cat-verrerie-et-cristallerie","8":"product_cat-cristal","9":"product_cat-vases-et-objets-en-verre","10":"product_cat-vases","11":"product_cat-objets","12":"product_shipping_class-niveau-3","14":"first","15":"instock","16":"shipping-taxable","17":"purchasable","18":"product-type-simple","19":"add-to-wishlist-after_add_to_cart"},"_links":{"self":[{"href":"https:\/\/pipat-antiquites.fr\/fr\/wp-json\/wp\/v2\/product\/104006","targetHints":{"allow":["GET"]}}],"collection":[{"href":"https:\/\/pipat-antiquites.fr\/fr\/wp-json\/wp\/v2\/product"}],"about":[{"href":"https:\/\/pipat-antiquites.fr\/fr\/wp-json\/wp\/v2\/types\/product"}],"wp:featuredmedia":[{"embeddable":true,"href":"https:\/\/pipat-antiquites.fr\/fr\/wp-json\/wp\/v2\/media\/103994"}],"wp:attachment":[{"href":"https:\/\/pipat-antiquites.fr\/fr\/wp-json\/wp\/v2\/media?parent=104006"}],"wp:term":[{"taxonomy":"product_brand","embeddable":true,"href":"https:\/\/pipat-antiquites.fr\/fr\/wp-json\/wp\/v2\/product_brand?post=104006"},{"taxonomy":"product_cat","embeddable":true,"href":"https:\/\/pipat-antiquites.fr\/fr\/wp-json\/wp\/v2\/product_cat?post=104006"},{"taxonomy":"product_tag","embeddable":true,"href":"https:\/\/pipat-antiquites.fr\/fr\/wp-json\/wp\/v2\/product_tag?post=104006"}],"curies":[{"name":"wp","href":"https:\/\/api.w.org\/{rel}","templated":true}]}}