{"id":103991,"date":"2023-11-23T09:51:49","date_gmt":"2023-11-23T08:51:49","guid":{"rendered":"https:\/\/pipat-antiquites.fr\/?post_type=product&#038;p=103991"},"modified":"2024-02-27T14:11:46","modified_gmt":"2024-02-27T13:11:46","slug":"plat-en-porcelaine-peint-de-grisailles-signe-a-peignot-1868","status":"publish","type":"product","link":"https:\/\/pipat-antiquites.fr\/fr\/objets\/plat-en-porcelaine-peint-de-grisailles-signe-a-peignot-1868\/","title":{"rendered":"Plat en porcelaine peint de grisailles, sign\u00e9 A. Peignot, 1868"},"content":{"rendered":"<div class=\"wpb-content-wrapper\"><p>[vc_row][vc_column column_width_percent=\u00a0\u00bb100&Prime; gutter_size=\u00a0\u00bb3&Prime; override_padding=\u00a0\u00bbyes\u00a0\u00bb column_padding=\u00a0\u00bb3&Prime; overlay_alpha=\u00a0\u00bb50&Prime; shift_x=\u00a0\u00bb0&Prime; shift_y=\u00a0\u00bb0&Prime; shift_y_down=\u00a0\u00bb0&Prime; z_index=\u00a0\u00bb0&Prime; medium_width=\u00a0\u00bb0&Prime; mobile_width=\u00a0\u00bb0&Prime; width=\u00a0\u00bb1\/1&Prime; uncode_shortcode_id=\u00a0\u00bb148630&Prime;][vc_custom_heading text_weight=\u00a0\u00bb300&Prime; uncode_shortcode_id=\u00a0\u00bb577455&Prime;]Plat en porcelaine peint de grisailles, sign\u00e9 A. Peignot, 1868[\/vc_custom_heading][vc_column_text uncode_shortcode_id=\u00a0\u00bb155055&Prime;]Les d\u00e9cors en grisaille sur porcelaine ne sont autre qu\u2019un cama\u00efeu de gris, \u00e9voquant souvent les \u0153uvres du XVIIIe si\u00e8cle. Le proc\u00e9d\u00e9 de cette technique appara\u00eet \u00e0 Meissen avant 1730 et conna\u00eetra un bel avenir. Sur ce plat en parfait \u00e9tat, le d\u00e9cor repr\u00e9sente sans doute l\u2019Oc\u00e9anide Doris, fille d\u2019Oc\u00e9an et de Th\u00e9tys, et m\u00e8re d\u2019Amphitrite reconnaissable au voile gonfl\u00e9 par le vent et tenu derri\u00e8re elle. Doris \u00e9claire d\u2019ordinaire e deux torches le cort\u00e8ge des noces de sa fille avec Pos\u00e9idon ; une seule est ici repr\u00e9sent\u00e9e, peut-\u00eatre une libert\u00e9 prise par l\u2019artiste.<\/p>\n<ul>\n<li>Prix de livraison en France m\u00e9tropolitaine : 55\u20ac<br \/>\nPrix de livraison en Europe : 95\u20ac<br \/>\nPrix de livraison autres destination : 125\u20ac<\/li>\n<\/ul>\n<p>[\/vc_column_text][\/vc_column][\/vc_row]<\/p>\n<\/div>","protected":false},"excerpt":{"rendered":"<p style=\"text-align: center;\">D\u00e9cor figurant les noces d&rsquo;Amphitrite. Tr\u00e8s bon \u00e9tat.<\/p>\n<p style=\"text-align: center;\">Dimensions :<\/p>\n<ul>\n<li style=\"text-align: center;\">Hauteur : 23.5 cm<br \/>\nLargeur : 42.5 cm<br \/>\nProfondeur : 28 cm<\/li>\n<\/ul>\n","protected":false},"featured_media":103983,"template":"","meta":{"_seopress_robots_primary_cat":"none","_seopress_titles_title":"Plat en porcelaine peint de grisailles, sign\u00e9 A. Peignot, 1868 ","_seopress_titles_desc":"D\u00e9cor figurant les noces d&#039;Amphitrite. Tr\u00e8s bon \u00e9tat.","_seopress_robots_index":"","content-type":""},"product_brand":[],"product_cat":[76,116,221],"product_tag":[],"class_list":{"0":"post-103991","1":"product","2":"type-product","3":"status-publish","4":"has-post-thumbnail","6":"product_cat-objets","7":"product_cat-porcelaine","8":"product_cat-assiettes-et-services","9":"product_shipping_class-niveau-5","11":"first","12":"outofstock","13":"shipping-taxable","14":"purchasable","15":"product-type-simple","16":"add-to-wishlist-after_add_to_cart"},"_links":{"self":[{"href":"https:\/\/pipat-antiquites.fr\/fr\/wp-json\/wp\/v2\/product\/103991","targetHints":{"allow":["GET"]}}],"collection":[{"href":"https:\/\/pipat-antiquites.fr\/fr\/wp-json\/wp\/v2\/product"}],"about":[{"href":"https:\/\/pipat-antiquites.fr\/fr\/wp-json\/wp\/v2\/types\/product"}],"wp:featuredmedia":[{"embeddable":true,"href":"https:\/\/pipat-antiquites.fr\/fr\/wp-json\/wp\/v2\/media\/103983"}],"wp:attachment":[{"href":"https:\/\/pipat-antiquites.fr\/fr\/wp-json\/wp\/v2\/media?parent=103991"}],"wp:term":[{"taxonomy":"product_brand","embeddable":true,"href":"https:\/\/pipat-antiquites.fr\/fr\/wp-json\/wp\/v2\/product_brand?post=103991"},{"taxonomy":"product_cat","embeddable":true,"href":"https:\/\/pipat-antiquites.fr\/fr\/wp-json\/wp\/v2\/product_cat?post=103991"},{"taxonomy":"product_tag","embeddable":true,"href":"https:\/\/pipat-antiquites.fr\/fr\/wp-json\/wp\/v2\/product_tag?post=103991"}],"curies":[{"name":"wp","href":"https:\/\/api.w.org\/{rel}","templated":true}]}}