{"id":103970,"date":"2023-11-22T11:44:44","date_gmt":"2023-11-22T10:44:44","guid":{"rendered":"https:\/\/pipat-antiquites.fr\/?post_type=product&#038;p=103970"},"modified":"2024-11-14T12:22:04","modified_gmt":"2024-11-14T11:22:04","slug":"buste-de-georges-clemenceau-1841-1929-sculpte-et-signe-par-charles-hofman-1896-1965","status":"publish","type":"product","link":"https:\/\/pipat-antiquites.fr\/fr\/objets\/buste-de-georges-clemenceau-1841-1929-sculpte-et-signe-par-charles-hofman-1896-1965\/","title":{"rendered":"Buste de Georges Cl\u00e9menceau (1841 &#8211; 1929), sculpt\u00e9 et sign\u00e9 par Charles Hofman (1896 &#8211; 1965)"},"content":{"rendered":"<div class=\"wpb-content-wrapper\"><p>[vc_row][vc_column width=\u00a0\u00bb1\/1&Prime;][vc_custom_heading text_weight=\u00a0\u00bb300&Prime; uncode_shortcode_id=\u00a0\u00bb228028&Prime;]Buste de Georges Cl\u00e9menceau (1841 &#8211; 1929), sculpt\u00e9 et sign\u00e9 par Charles Hofman (1896 &#8211; 1965)[\/vc_custom_heading][vc_column_text uncode_shortcode_id=\u00a0\u00bb330804&Prime;]Sculpture appr\u00e9ci\u00e9 du XXe si\u00e8cle pour les commandes comm\u00e9moratives d\u2019\u00c9tat, Charles Hofman sculpta ce buste du Tigre en 1920 alors que ce dernier venait de se retrier de la vie politique. Ce buste \u00e0 la patine brune aux reflets mordor\u00e9s est en parfait \u00e9tat.<\/p>\n<ul>\n<li>Prix de livraison en France m\u00e9tropolitaine : 75\u20ac<\/li>\n<li>Prix de livraison en Europe : 115\u20ac<\/li>\n<li>Prix de livraison autres destination : 175\u20ac<\/li>\n<\/ul>\n<p>[\/vc_column_text][vc_button border_width=\u00a0\u00bb0&Prime; link=\u00a0\u00bburl:https%3A%2F%2Fpipat-antiquites.fr%2Ffr%2Fbuste-president-georges-clemenceau-charles-hofman%2F|title:Buste%20de%20Georges%20Cl%C3%A9menceau%20(1841%20%E2%80%93%201929)|target:_blank\u00a0\u00bb uncode_shortcode_id=\u00a0\u00bb536210&Prime;]D\u00e9couvrir le visage m\u00e9connu de Cl\u00e9menceau[\/vc_button][\/vc_column][\/vc_row]<\/p>\n<\/div>","protected":false},"excerpt":{"rendered":"<p style=\"text-align: center;\">Buste en bronze en parfait \u00e9tat.<\/p>\n<p style=\"text-align: center;\">Dimensions :<\/p>\n<ul>\n<li style=\"text-align: center;\">Hauteur : 36 cm<\/li>\n<li style=\"text-align: center;\">Largeur : 26 cm<\/li>\n<li style=\"text-align: center;\">Profondeur : 30 cm<\/li>\n<\/ul>\n","protected":false},"featured_media":103946,"template":"","meta":{"_seopress_robots_primary_cat":"none","_seopress_titles_title":"Buste de Georges Cl\u00e9menceau (1841 - 1929), sculpt\u00e9 et sign\u00e9 par Charles Hofman (1896 - 1965)","_seopress_titles_desc":"Buste en bronze en parfait \u00e9tat.","_seopress_robots_index":"","content-type":""},"product_brand":[],"product_cat":[77,122,188],"product_tag":[],"class_list":{"0":"post-103970","1":"product","2":"type-product","3":"status-publish","4":"has-post-thumbnail","6":"product_cat-beaux-arts","7":"product_cat-sculptures","8":"product_cat-bronze","9":"product_shipping_class-niveau-3","11":"first","12":"outofstock","13":"shipping-taxable","14":"purchasable","15":"product-type-simple","16":"add-to-wishlist-after_add_to_cart"},"_links":{"self":[{"href":"https:\/\/pipat-antiquites.fr\/fr\/wp-json\/wp\/v2\/product\/103970","targetHints":{"allow":["GET"]}}],"collection":[{"href":"https:\/\/pipat-antiquites.fr\/fr\/wp-json\/wp\/v2\/product"}],"about":[{"href":"https:\/\/pipat-antiquites.fr\/fr\/wp-json\/wp\/v2\/types\/product"}],"wp:featuredmedia":[{"embeddable":true,"href":"https:\/\/pipat-antiquites.fr\/fr\/wp-json\/wp\/v2\/media\/103946"}],"wp:attachment":[{"href":"https:\/\/pipat-antiquites.fr\/fr\/wp-json\/wp\/v2\/media?parent=103970"}],"wp:term":[{"taxonomy":"product_brand","embeddable":true,"href":"https:\/\/pipat-antiquites.fr\/fr\/wp-json\/wp\/v2\/product_brand?post=103970"},{"taxonomy":"product_cat","embeddable":true,"href":"https:\/\/pipat-antiquites.fr\/fr\/wp-json\/wp\/v2\/product_cat?post=103970"},{"taxonomy":"product_tag","embeddable":true,"href":"https:\/\/pipat-antiquites.fr\/fr\/wp-json\/wp\/v2\/product_tag?post=103970"}],"curies":[{"name":"wp","href":"https:\/\/api.w.org\/{rel}","templated":true}]}}