{"id":103944,"date":"2023-11-22T09:35:21","date_gmt":"2023-11-22T08:35:21","guid":{"rendered":"https:\/\/pipat-antiquites.fr\/?post_type=product&#038;p=103944"},"modified":"2024-10-22T18:25:25","modified_gmt":"2024-10-22T16:25:25","slug":"art-tibet-sceptre-tibetain-en-cristal-de-roche-argent-et-metal-dore-xx-20-siecle","status":"publish","type":"product","link":"https:\/\/pipat-antiquites.fr\/fr\/objets\/art-tibet-sceptre-tibetain-en-cristal-de-roche-argent-et-metal-dore-xx-20-siecle\/","title":{"rendered":"Sceptre en cristal de roche, argent et m\u00e9tal dor\u00e9, XXe si\u00e8cle"},"content":{"rendered":"<div class=\"wpb-content-wrapper\"><p>[vc_row][vc_column column_width_percent=\u00a0\u00bb100&Prime; gutter_size=\u00a0\u00bb3&Prime; override_padding=\u00a0\u00bbyes\u00a0\u00bb column_padding=\u00a0\u00bb3&Prime; overlay_alpha=\u00a0\u00bb50&Prime; shift_x=\u00a0\u00bb0&Prime; shift_y=\u00a0\u00bb0&Prime; shift_y_down=\u00a0\u00bb0&Prime; z_index=\u00a0\u00bb0&Prime; medium_width=\u00a0\u00bb0&Prime; mobile_width=\u00a0\u00bb0&Prime; width=\u00a0\u00bb1\/1&Prime; uncode_shortcode_id=\u00a0\u00bb200793&Prime;][vc_custom_heading text_weight=\u00a0\u00bb300&Prime; uncode_shortcode_id=\u00a0\u00bb103981&Prime;]Sceptre en cristal de roche, argent et m\u00e9tal dor\u00e9, XXe si\u00e8cle[\/vc_custom_heading][vc_column_text uncode_shortcode_id=\u00a0\u00bb733649&Prime;]Ce petit sceptre est un rare objet de curiosit\u00e9 en provenance du Tibet. La vajra &#8211; l\u2019\u00e9l\u00e9ment formant l\u2019extr\u00e9mit\u00e9 surmontant la gaine en argent &#8211; signifiant \u00ab diamant \u00bb et \u00ab foudre \u00bb, est un symbole important et un instrument rituel dans l&rsquo;hindouisme et surtout dans la tradition bouddhique vajray\u0101na (\u00ab voie du diamant \u00bb) auquel il a donn\u00e9 son nom, ainsi que dans le b\u00f6n (trois traditions religieuses tib\u00e9taines distinctes).<br \/>\nLe Makara, la cr\u00e9ature \u00e0 t\u00eate de dragon, est un animal aquatique du bestiaire mythologique de l&rsquo;Inde. Il a une trompe d\u2019\u00e9l\u00e9phant, une denture du crocodile et une queue de poisson. Cette cr\u00e9ature est associ\u00e9e \u00e0 la f\u00e9condit\u00e9 et on le retrouve sous diff\u00e9rente forme en Inde et en Asie du Sud-Est. Cet objet a \u00e9t\u00e9 l\u00e9g\u00e8rement restaur\u00e9 mais se pr\u00e9sente en tr\u00e8s bon \u00e9tat.<\/p>\n<ul>\n<li>Prix de livraison en France m\u00e9tropolitaine : 15\u20ac<br \/>\nPrix de livraison en Europe : 35\u20ac<br \/>\nPrix de livraison autres destination : 55\u20ac<\/li>\n<\/ul>\n<p>[\/vc_column_text][\/vc_column][\/vc_row]<\/p>\n<\/div>","protected":false},"excerpt":{"rendered":"<h2 style=\"text-align: center;\"><strong>R\u00c9SERV\u00c9<\/strong><\/h2>\n<p style=\"text-align: center;\">Objet tib\u00e9tain, art d&rsquo;Asie.<\/p>\n<p style=\"text-align: center;\">Dimensions :<\/p>\n<ul>\n<li style=\"text-align: center;\">Hauteur : 5 cm<br \/>\nLargeur : 7 cm<br \/>\nLongueur : 20 cm<\/li>\n<\/ul>\n","protected":false},"featured_media":103940,"template":"","meta":{"_seopress_robots_primary_cat":"none","_seopress_titles_title":"Sceptre en cristal de roche, argent et m\u00e9tal dor\u00e9, XXe si\u00e8cle","_seopress_titles_desc":"Objet tib\u00e9tain, art d'Asie.","_seopress_robots_index":"","content-type":""},"product_brand":[],"product_cat":[76,118,231],"product_tag":[257],"class_list":{"0":"post-103944","1":"product","2":"type-product","3":"status-publish","4":"has-post-thumbnail","6":"product_cat-objets","7":"product_cat-objets-de-collection","8":"product_cat-objets-de-curiosite","9":"product_tag-art-dasie","10":"product_shipping_class-niveau-1","12":"first","13":"instock","14":"shipping-taxable","15":"purchasable","16":"product-type-simple","17":"add-to-wishlist-after_add_to_cart"},"_links":{"self":[{"href":"https:\/\/pipat-antiquites.fr\/fr\/wp-json\/wp\/v2\/product\/103944","targetHints":{"allow":["GET"]}}],"collection":[{"href":"https:\/\/pipat-antiquites.fr\/fr\/wp-json\/wp\/v2\/product"}],"about":[{"href":"https:\/\/pipat-antiquites.fr\/fr\/wp-json\/wp\/v2\/types\/product"}],"wp:featuredmedia":[{"embeddable":true,"href":"https:\/\/pipat-antiquites.fr\/fr\/wp-json\/wp\/v2\/media\/103940"}],"wp:attachment":[{"href":"https:\/\/pipat-antiquites.fr\/fr\/wp-json\/wp\/v2\/media?parent=103944"}],"wp:term":[{"taxonomy":"product_brand","embeddable":true,"href":"https:\/\/pipat-antiquites.fr\/fr\/wp-json\/wp\/v2\/product_brand?post=103944"},{"taxonomy":"product_cat","embeddable":true,"href":"https:\/\/pipat-antiquites.fr\/fr\/wp-json\/wp\/v2\/product_cat?post=103944"},{"taxonomy":"product_tag","embeddable":true,"href":"https:\/\/pipat-antiquites.fr\/fr\/wp-json\/wp\/v2\/product_tag?post=103944"}],"curies":[{"name":"wp","href":"https:\/\/api.w.org\/{rel}","templated":true}]}}